{"id":4697,"date":"2018-03-07T18:02:07","date_gmt":"2018-03-07T17:02:07","guid":{"rendered":"http:\/\/james1840.com\/?page_id=4697"},"modified":"2018-10-23T11:57:14","modified_gmt":"2018-10-23T09:57:14","slug":"les-news","status":"publish","type":"page","link":"https:\/\/james1840.com\/fr\/les-news\/","title":{"rendered":"LES NEWS"},"content":{"rendered":"<p><\/p>\n<p>[vc_row row_content_width=\u00a0\u00bbgrid\u00a0\u00bb css=\u00a0\u00bb.vc_custom_1521504688780{padding-top: 10px !important;padding-bottom: 50px !important;}\u00a0\u00bb][vc_column offset=\u00a0\u00bbvc_col-lg-4 vc_col-md-12 vc_col-xs-12&Prime;]<div class=\"edgtf-elements-holder   edgtf-one-column  edgtf-responsive-mode-768 \" ><div class=\"edgtf-eh-item    \"  data-item-class=\"edgtf-eh-custom-4672\" data-1024-1280=\"0 0 0 37px\" data-768-1024=\"0 0 30px 0\" data-680-768=\"0 0 30px 0\" data-680=\"0 0% 30px 0%\">\n\t<div class=\"edgtf-eh-item-inner\">\n\t\t<div class=\"edgtf-eh-item-content edgtf-eh-custom-4672\" style=\"padding: 0 0% 0 10%\">\n\t\t\t<div class=\"edgtf-section-title-holder  edgtf-st-standard edgtf-st-disable-title-break edgtf-st-position-left edgtf-appear-fx\" >\n\t\t<div class=\"edgtf-st-inner\">\n                    <div class=\"edgtf-st-title-holder\">\n                <h2 class=\"edgtf-st-title\" style=\"color: #202020\">\n                    L'ENVERS<br \/> DU DECOR                <\/h2>\n            <\/div>\n\t\t\t\t\t<\/div>\n    <\/div>\t\t<\/div>\n\t<\/div>\n<\/div><\/div>[\/vc_column][vc_column offset=\u00a0\u00bbvc_col-lg-8 vc_col-md-12 vc_col-xs-12&Prime;]<div class=\"edgtf-elements-holder   edgtf-one-column  edgtf-responsive-mode-768 \" ><div class=\"edgtf-eh-item    \"  data-item-class=\"edgtf-eh-custom-4271\" data-768-1024=\"0 14% 0 0\" data-680-768=\"0 14% 0 0\" data-680=\"0 11% 0 0%\">\n\t<div class=\"edgtf-eh-item-inner\">\n\t\t<div class=\"edgtf-eh-item-content edgtf-eh-custom-4271\" style=\"padding: 0 11% 0 13%\">\n\t\t\t[vc_column_text]La cr\u00e9ation d\u2019un ouvrage haut de gamme n\u00e9cessitant des savoir-faire autant diff\u00e9rents que passionnants, notre \u00e9quipe marketing a le plaisir de vous pr\u00e9senter l\u2019envers du d\u00e9cor.<br \/>\nAu travers de ces rubriques d\u2019actualit\u00e9, vous d\u00e9couvrirez des innovations, des r\u00e9alisations uniques de James, des m\u00e9tiers qui nourrissent tout un projet mais \u00e9galement des hommes et des femmes aussi insolites que g\u00e9niaux.[\/vc_column_text]\t\t<\/div>\n\t<\/div>\n<\/div><\/div>[\/vc_column][\/vc_row][vc_row row_content_width=\u00a0\u00bbgrid\u00a0\u00bb][vc_column]<div class=\"edgtf-blog-list-holder edgtf-bl-masonry edgtf-bl-two-columns edgtf-tiny-space edgtf-bl-pag-no-pagination \"  data-type=masonry data-number-of-posts=-1 data-number-of-columns=2 data-space-between-items=tiny data-orderby=date data-order=ASC data-image-size=full data-title-tag=h4 data-excerpt-length=30 data-post-info-section=yes data-post-info-image=yes data-post-info-author=yes data-post-info-date=yes data-post-info-category=yes data-post-info-comments=no data-post-info-like=no data-post-info-share=no data-pagination-type=no-pagination data-show-info-on-appear=yes data-enable-parallax-animation=yes data-max-num-pages=0 data-next-page=2>\n\t<div class=\"edgtf-bl-wrapper edgtf-outer-space\">\n\t\t<ul class=\"edgtf-blog-list\">\n\t\t\t<div class=\"edgtf-bl-grid-sizer\"><\/div>\n\t\t\t<div class=\"edgtf-bl-grid-gutter\"><\/div>\n\t\t\t<li class=\"edgtf-bl-item edgtf-item-space clearfix\">\n\t<div class=\"edgtf-bli-inner\">\n\t\t\n\t<div class=\"edgtf-post-image\">\n\t\t\t\t\t<a itemprop=\"url\" href=\"https:\/\/james1840.com\/fr\/il-etait-une-fois-lhotel-nolinski\/\" title=\"Il \u00e9tait une fois l&rsquo;H\u00f4tel Nolinski&#8230;\">\n\t\t\t\t\t<img width=\"1000\" height=\"665\" src=\"https:\/\/james1840.com\/wp-content\/uploads\/2018\/01\/james1840_nos_realisations_hotel_nolinski_04.jpeg\" class=\"attachment-full size-full wp-post-image\" alt=\"\" decoding=\"async\" loading=\"lazy\" srcset=\"https:\/\/james1840.com\/wp-content\/uploads\/2018\/01\/james1840_nos_realisations_hotel_nolinski_04.jpeg 1000w, https:\/\/james1840.com\/wp-content\/uploads\/2018\/01\/james1840_nos_realisations_hotel_nolinski_04-300x200.jpeg 300w, https:\/\/james1840.com\/wp-content\/uploads\/2018\/01\/james1840_nos_realisations_hotel_nolinski_04-768x511.jpeg 768w, https:\/\/james1840.com\/wp-content\/uploads\/2018\/01\/james1840_nos_realisations_hotel_nolinski_04-600x399.jpeg 600w\" sizes=\"(max-width: 1000px) 100vw, 1000px\" \/>\t\t\t\t\t<\/a>\n\t\t\t\t\t<\/div>\n        <div class=\"edgtf-bli-content\">\n\t        \n<h4 itemprop=\"name\" class=\"entry-title edgtf-post-title\" >\n            <a itemprop=\"url\" href=\"https:\/\/james1840.com\/fr\/il-etait-une-fois-lhotel-nolinski\/\" title=\"Il \u00e9tait une fois l&rsquo;H\u00f4tel Nolinski&#8230;\">\n            Il \u00e9tait une fois l&rsquo;H\u00f4tel Nolinski&#8230;            <\/a>\n    <\/h4>                <div class=\"edgtf-bli-info\">\n\t                <div class=\"edgtf-post-info-author\">\n    <span class=\"edgtf-post-info-author-text\">\n        Par    <\/span>\n    <a itemprop=\"author\" class=\"edgtf-post-info-author-link\" href=\"https:\/\/james1840.com\/fr\/author\/admin-james1\/\">\n        James    <\/a>\n<\/div><div class=\"edgtf-post-info-category\">\n    <a href=\"https:\/\/james1840.com\/fr\/category\/realise-par-james\/\" rel=\"category tag\">R\u00e9alis\u00e9 par James<\/a><\/div><div itemprop=\"dateCreated\" class=\"edgtf-post-info-date entry-date published updated\">\n            <a itemprop=\"url\" href=\"https:\/\/james1840.com\/fr\/2018\/01\/\">\n    \n        5 janvier 2018        <\/a>\n    <meta itemprop=\"interactionCount\" content=\"UserComments: 0\"\/>\n<\/div>                <\/div>\n            \t\n\t        <div class=\"edgtf-bli-excerpt\">\n\t\t        \t\t<div class=\"edgtf-post-excerpt-holder\">\n\t\t\t<p itemprop=\"description\" class=\"edgtf-post-excerpt\">\n\t\t\t\tBureaux, armoires, t\u00eates de lit\u2026 La maison James donne vie aux dessins du d\u00e9corateur Jean-Louis Deniot.\t\t\t<\/p>\n\t\t<\/div>\n\t\t\t        \t<div class=\"edgtf-post-read-more-button\">\n\t\t<a itemprop=\"url\" href=\"https:\/\/james1840.com\/fr\/il-etait-une-fois-lhotel-nolinski\/\" target=\"_self\" style=\"text-transform: capitalize\" class=\"edgtf-btn edgtf-btn-medium edgtf-btn-simple edgtf-btn-with-arrow edgtf-btn-text-on-hover\"  >            <span class=\"edgtf-btn-text\">En savoir plus<\/span>            <span class=\"edgtf-btn-arrow\">            <svg version=\"1.1\" id=\"btn-arrow-712014387\" xmlns=\"http:\/\/www.w3.org\/2000\/svg\" xmlns:xlink=\"http:\/\/www.w3.org\/1999\/xlink\" x=\"0px\" y=\"0px\"                 width=\"18px\" height=\"4px\" viewBox=\"0 0 18 4\" enable-background=\"new 0 0 18 4\" xml:space=\"preserve\">            \t<polyline fill=\"none\" stroke=\"#323232\" stroke-miterlimit=\"10\" points=\"0,3.508 16.809,3.508 13.686,0.342 \"\/>            <\/svg>        <\/span>    <\/a>\t<\/div>\n\t        <\/div>\n        <\/div>\n\t<\/div>\n<\/li><li class=\"edgtf-bl-item edgtf-item-space clearfix\">\n\t<div class=\"edgtf-bli-inner\">\n\t\t\n\t<div class=\"edgtf-post-image\">\n\t\t\t\t\t<a itemprop=\"url\" href=\"https:\/\/james1840.com\/fr\/linnovation-dans-ladn-de-james-depuis-plus-de-30-ans\/\" title=\"L\u2019innovation dans l\u2019ADN de James depuis plus de 30 ans\u00a0!\">\n\t\t\t\t\t<img width=\"1000\" height=\"750\" src=\"https:\/\/james1840.com\/wp-content\/uploads\/2018\/01\/James_nos_actualites_linnovation.jpg\" class=\"attachment-full size-full wp-post-image\" alt=\"\" decoding=\"async\" loading=\"lazy\" srcset=\"https:\/\/james1840.com\/wp-content\/uploads\/2018\/01\/James_nos_actualites_linnovation.jpg 1000w, https:\/\/james1840.com\/wp-content\/uploads\/2018\/01\/James_nos_actualites_linnovation-300x225.jpg 300w, https:\/\/james1840.com\/wp-content\/uploads\/2018\/01\/James_nos_actualites_linnovation-768x576.jpg 768w, https:\/\/james1840.com\/wp-content\/uploads\/2018\/01\/James_nos_actualites_linnovation-600x450.jpg 600w\" sizes=\"(max-width: 1000px) 100vw, 1000px\" \/>\t\t\t\t\t<\/a>\n\t\t\t\t\t<\/div>\n        <div class=\"edgtf-bli-content\">\n\t        \n<h4 itemprop=\"name\" class=\"entry-title edgtf-post-title\" >\n            <a itemprop=\"url\" href=\"https:\/\/james1840.com\/fr\/linnovation-dans-ladn-de-james-depuis-plus-de-30-ans\/\" title=\"L\u2019innovation dans l\u2019ADN de James depuis plus de 30 ans\u00a0!\">\n            L\u2019innovation dans l\u2019ADN de James depuis plus de 30 ans\u00a0!            <\/a>\n    <\/h4>                <div class=\"edgtf-bli-info\">\n\t                <div class=\"edgtf-post-info-author\">\n    <span class=\"edgtf-post-info-author-text\">\n        Par    <\/span>\n    <a itemprop=\"author\" class=\"edgtf-post-info-author-link\" href=\"https:\/\/james1840.com\/fr\/author\/admin-james1\/\">\n        James    <\/a>\n<\/div><div class=\"edgtf-post-info-category\">\n    <a href=\"https:\/\/james1840.com\/fr\/category\/ca-sest-passe-chez-james\/\" rel=\"category tag\">\u00c7a s'est pass\u00e9 chez James<\/a><\/div><div itemprop=\"dateCreated\" class=\"edgtf-post-info-date entry-date published updated\">\n            <a itemprop=\"url\" href=\"https:\/\/james1840.com\/fr\/2018\/01\/\">\n    \n        10 janvier 2018        <\/a>\n    <meta itemprop=\"interactionCount\" content=\"UserComments: 0\"\/>\n<\/div>                <\/div>\n            \t\n\t        <div class=\"edgtf-bli-excerpt\">\n\t\t        \t\t<div class=\"edgtf-post-excerpt-holder\">\n\t\t\t<p itemprop=\"description\" class=\"edgtf-post-excerpt\">\n\t\t\t\tAuparavant l\u2019essentiel de l\u2019activit\u00e9 \u00e9tait la reproduction de meubles anciens, mais R\u00e9mi avait en t\u00eate une autre id\u00e9e\u00a0et il s\u2019est tourn\u00e9 vers l\u2019avenir, c\u2019est-\u00e0-dire vers le design et l\u2019innovation.\t\t\t<\/p>\n\t\t<\/div>\n\t\t\t        \t<div class=\"edgtf-post-read-more-button\">\n\t\t<a itemprop=\"url\" href=\"https:\/\/james1840.com\/fr\/linnovation-dans-ladn-de-james-depuis-plus-de-30-ans\/\" target=\"_self\" style=\"text-transform: capitalize\" class=\"edgtf-btn edgtf-btn-medium edgtf-btn-simple edgtf-btn-with-arrow edgtf-btn-text-on-hover\"  >            <span class=\"edgtf-btn-text\">En savoir plus<\/span>            <span class=\"edgtf-btn-arrow\">            <svg version=\"1.1\" id=\"btn-arrow-429839276\" xmlns=\"http:\/\/www.w3.org\/2000\/svg\" xmlns:xlink=\"http:\/\/www.w3.org\/1999\/xlink\" x=\"0px\" y=\"0px\"                 width=\"18px\" height=\"4px\" viewBox=\"0 0 18 4\" enable-background=\"new 0 0 18 4\" xml:space=\"preserve\">            \t<polyline fill=\"none\" stroke=\"#323232\" stroke-miterlimit=\"10\" points=\"0,3.508 16.809,3.508 13.686,0.342 \"\/>            <\/svg>        <\/span>    <\/a>\t<\/div>\n\t        <\/div>\n        <\/div>\n\t<\/div>\n<\/li><li class=\"edgtf-bl-item edgtf-item-space clearfix\">\n\t<div class=\"edgtf-bli-inner\">\n\t\t\n\t<div class=\"edgtf-post-image\">\n\t\t\t\t\t<a itemprop=\"url\" href=\"https:\/\/james1840.com\/fr\/herve-degrenne-depuis-30-ans-chez-james\/\" title=\"Herv\u00e9 Degrenne, depuis 34 ans chez JAMES\">\n\t\t\t\t\t<img width=\"1000\" height=\"870\" src=\"https:\/\/james1840.com\/wp-content\/uploads\/2018\/01\/James_nos_actualites_herve.jpg\" class=\"attachment-full size-full wp-post-image\" alt=\"\" decoding=\"async\" loading=\"lazy\" srcset=\"https:\/\/james1840.com\/wp-content\/uploads\/2018\/01\/James_nos_actualites_herve.jpg 1000w, https:\/\/james1840.com\/wp-content\/uploads\/2018\/01\/James_nos_actualites_herve-300x261.jpg 300w, https:\/\/james1840.com\/wp-content\/uploads\/2018\/01\/James_nos_actualites_herve-768x668.jpg 768w, https:\/\/james1840.com\/wp-content\/uploads\/2018\/01\/James_nos_actualites_herve-600x522.jpg 600w\" sizes=\"(max-width: 1000px) 100vw, 1000px\" \/>\t\t\t\t\t<\/a>\n\t\t\t\t\t<\/div>\n        <div class=\"edgtf-bli-content\">\n\t        \n<h4 itemprop=\"name\" class=\"entry-title edgtf-post-title\" >\n            <a itemprop=\"url\" href=\"https:\/\/james1840.com\/fr\/herve-degrenne-depuis-30-ans-chez-james\/\" title=\"Herv\u00e9 Degrenne, depuis 34 ans chez JAMES\">\n            Herv\u00e9 Degrenne, depuis 34 ans chez JAMES            <\/a>\n    <\/h4>                <div class=\"edgtf-bli-info\">\n\t                <div class=\"edgtf-post-info-author\">\n    <span class=\"edgtf-post-info-author-text\">\n        Par    <\/span>\n    <a itemprop=\"author\" class=\"edgtf-post-info-author-link\" href=\"https:\/\/james1840.com\/fr\/author\/admin-james1\/\">\n        James    <\/a>\n<\/div><div class=\"edgtf-post-info-category\">\n    <a href=\"https:\/\/james1840.com\/fr\/category\/derriere-le-rideau\/\" rel=\"category tag\">Derri\u00e8re le Rideau<\/a><\/div><div itemprop=\"dateCreated\" class=\"edgtf-post-info-date entry-date published updated\">\n            <a itemprop=\"url\" href=\"https:\/\/james1840.com\/fr\/2018\/01\/\">\n    \n        11 janvier 2018        <\/a>\n    <meta itemprop=\"interactionCount\" content=\"UserComments: 0\"\/>\n<\/div>                <\/div>\n            \t\n\t        <div class=\"edgtf-bli-excerpt\">\n\t\t        \t\t<div class=\"edgtf-post-excerpt-holder\">\n\t\t\t<p itemprop=\"description\" class=\"edgtf-post-excerpt\">\n\t\t\t\tApr\u00e8s avoir gravi tous les \u00e9chelons - jeune \u00e0 l\u2019\u00e9tabli, chef d\u2019atelier, responsable du Bureau d\u2019Etudes, chef de projet - Herv\u00e9 Degrenne est devenu un responsable technique appr\u00e9ci\u00e9 par la\t\t\t<\/p>\n\t\t<\/div>\n\t\t\t        \t<div class=\"edgtf-post-read-more-button\">\n\t\t<a itemprop=\"url\" href=\"https:\/\/james1840.com\/fr\/herve-degrenne-depuis-30-ans-chez-james\/\" target=\"_self\" style=\"text-transform: capitalize\" class=\"edgtf-btn edgtf-btn-medium edgtf-btn-simple edgtf-btn-with-arrow edgtf-btn-text-on-hover\"  >            <span class=\"edgtf-btn-text\">En savoir plus<\/span>            <span class=\"edgtf-btn-arrow\">            <svg version=\"1.1\" id=\"btn-arrow-1173246282\" xmlns=\"http:\/\/www.w3.org\/2000\/svg\" xmlns:xlink=\"http:\/\/www.w3.org\/1999\/xlink\" x=\"0px\" y=\"0px\"                 width=\"18px\" height=\"4px\" viewBox=\"0 0 18 4\" enable-background=\"new 0 0 18 4\" xml:space=\"preserve\">            \t<polyline fill=\"none\" stroke=\"#323232\" stroke-miterlimit=\"10\" points=\"0,3.508 16.809,3.508 13.686,0.342 \"\/>            <\/svg>        <\/span>    <\/a>\t<\/div>\n\t        <\/div>\n        <\/div>\n\t<\/div>\n<\/li><li class=\"edgtf-bl-item edgtf-item-space clearfix\">\n\t<div class=\"edgtf-bli-inner\">\n\t\t\n\t<div class=\"edgtf-post-image\">\n\t\t\t\t\t<a itemprop=\"url\" href=\"https:\/\/james1840.com\/fr\/a-decouvrir-tres-vite-chez-james\/\" title=\"A d\u00e9couvrir tr\u00e8s vite chez James\u00a0!\">\n\t\t\t\t\t<img width=\"1024\" height=\"682\" src=\"https:\/\/james1840.com\/wp-content\/uploads\/2018\/02\/blog_les-nouveaux_decors_muraux_A.jpg\" class=\"attachment-full size-full wp-post-image\" alt=\"\" decoding=\"async\" loading=\"lazy\" srcset=\"https:\/\/james1840.com\/wp-content\/uploads\/2018\/02\/blog_les-nouveaux_decors_muraux_A.jpg 1024w, https:\/\/james1840.com\/wp-content\/uploads\/2018\/02\/blog_les-nouveaux_decors_muraux_A-300x200.jpg 300w, https:\/\/james1840.com\/wp-content\/uploads\/2018\/02\/blog_les-nouveaux_decors_muraux_A-768x512.jpg 768w, https:\/\/james1840.com\/wp-content\/uploads\/2018\/02\/blog_les-nouveaux_decors_muraux_A-600x400.jpg 600w\" sizes=\"(max-width: 1024px) 100vw, 1024px\" \/>\t\t\t\t\t<\/a>\n\t\t\t\t\t<\/div>\n        <div class=\"edgtf-bli-content\">\n\t        \n<h4 itemprop=\"name\" class=\"entry-title edgtf-post-title\" >\n            <a itemprop=\"url\" href=\"https:\/\/james1840.com\/fr\/a-decouvrir-tres-vite-chez-james\/\" title=\"A d\u00e9couvrir tr\u00e8s vite chez James\u00a0!\">\n            A d\u00e9couvrir tr\u00e8s vite chez James\u00a0!            <\/a>\n    <\/h4>                <div class=\"edgtf-bli-info\">\n\t                <div class=\"edgtf-post-info-author\">\n    <span class=\"edgtf-post-info-author-text\">\n        Par    <\/span>\n    <a itemprop=\"author\" class=\"edgtf-post-info-author-link\" href=\"https:\/\/james1840.com\/fr\/author\/admin-james1\/\">\n        James    <\/a>\n<\/div><div class=\"edgtf-post-info-category\">\n    <a href=\"https:\/\/james1840.com\/fr\/category\/en-lumiere\/\" rel=\"category tag\">En lumi\u00e8re<\/a><\/div><div itemprop=\"dateCreated\" class=\"edgtf-post-info-date entry-date published updated\">\n            <a itemprop=\"url\" href=\"https:\/\/james1840.com\/fr\/2018\/04\/\">\n    \n        30 avril 2018        <\/a>\n    <meta itemprop=\"interactionCount\" content=\"UserComments: 0\"\/>\n<\/div>                <\/div>\n            \t\n\t        <div class=\"edgtf-bli-excerpt\">\n\t\t        \t\t<div class=\"edgtf-post-excerpt-holder\">\n\t\t\t<p itemprop=\"description\" class=\"edgtf-post-excerpt\">\n\t\t\t\tLes premiers balbutiements du proc\u00e9d\u00e9 Swoom sont apparus il y a quelques mois dans les ateliers James. Aujourd\u2019hui, ce proc\u00e9d\u00e9 d\u00e9velopp\u00e9 exclusivement par notre R&amp;D fait une nouvelle entr\u00e9e dans\t\t\t<\/p>\n\t\t<\/div>\n\t\t\t        \t<div class=\"edgtf-post-read-more-button\">\n\t\t<a itemprop=\"url\" href=\"https:\/\/james1840.com\/fr\/a-decouvrir-tres-vite-chez-james\/\" target=\"_self\" style=\"text-transform: capitalize\" class=\"edgtf-btn edgtf-btn-medium edgtf-btn-simple edgtf-btn-with-arrow edgtf-btn-text-on-hover\"  >            <span class=\"edgtf-btn-text\">En savoir plus<\/span>            <span class=\"edgtf-btn-arrow\">            <svg version=\"1.1\" id=\"btn-arrow-2111012087\" xmlns=\"http:\/\/www.w3.org\/2000\/svg\" xmlns:xlink=\"http:\/\/www.w3.org\/1999\/xlink\" x=\"0px\" y=\"0px\"                 width=\"18px\" height=\"4px\" viewBox=\"0 0 18 4\" enable-background=\"new 0 0 18 4\" xml:space=\"preserve\">            \t<polyline fill=\"none\" stroke=\"#323232\" stroke-miterlimit=\"10\" points=\"0,3.508 16.809,3.508 13.686,0.342 \"\/>            <\/svg>        <\/span>    <\/a>\t<\/div>\n\t        <\/div>\n        <\/div>\n\t<\/div>\n<\/li><li class=\"edgtf-bl-item edgtf-item-space clearfix\">\n\t<div class=\"edgtf-bli-inner\">\n\t\t\n\t<div class=\"edgtf-post-image\">\n\t\t\t\t\t<a itemprop=\"url\" href=\"https:\/\/james1840.com\/fr\/un-ferronnier-dart-passione\/\" title=\"Un ferronnier d\u2019art passionn\u00e9\">\n\t\t\t\t\t<img width=\"1024\" height=\"682\" src=\"https:\/\/james1840.com\/wp-content\/uploads\/2018\/02\/blog_un-ferronier-dexception_A.jpg\" class=\"attachment-full size-full wp-post-image\" alt=\"\" decoding=\"async\" loading=\"lazy\" srcset=\"https:\/\/james1840.com\/wp-content\/uploads\/2018\/02\/blog_un-ferronier-dexception_A.jpg 1024w, https:\/\/james1840.com\/wp-content\/uploads\/2018\/02\/blog_un-ferronier-dexception_A-300x200.jpg 300w, https:\/\/james1840.com\/wp-content\/uploads\/2018\/02\/blog_un-ferronier-dexception_A-768x512.jpg 768w, https:\/\/james1840.com\/wp-content\/uploads\/2018\/02\/blog_un-ferronier-dexception_A-600x400.jpg 600w\" sizes=\"(max-width: 1024px) 100vw, 1024px\" \/>\t\t\t\t\t<\/a>\n\t\t\t\t\t<\/div>\n        <div class=\"edgtf-bli-content\">\n\t        \n<h4 itemprop=\"name\" class=\"entry-title edgtf-post-title\" >\n            <a itemprop=\"url\" href=\"https:\/\/james1840.com\/fr\/un-ferronnier-dart-passione\/\" title=\"Un ferronnier d\u2019art passionn\u00e9\">\n            Un ferronnier d\u2019art passionn\u00e9            <\/a>\n    <\/h4>                <div class=\"edgtf-bli-info\">\n\t                <div class=\"edgtf-post-info-author\">\n    <span class=\"edgtf-post-info-author-text\">\n        Par    <\/span>\n    <a itemprop=\"author\" class=\"edgtf-post-info-author-link\" href=\"https:\/\/james1840.com\/fr\/author\/admin-james1\/\">\n        James    <\/a>\n<\/div><div class=\"edgtf-post-info-category\">\n    <a href=\"https:\/\/james1840.com\/fr\/category\/innovation\/\" rel=\"category tag\">Innovation<\/a><\/div><div itemprop=\"dateCreated\" class=\"edgtf-post-info-date entry-date published updated\">\n            <a itemprop=\"url\" href=\"https:\/\/james1840.com\/fr\/2018\/07\/\">\n    \n        10 juillet 2018        <\/a>\n    <meta itemprop=\"interactionCount\" content=\"UserComments: 0\"\/>\n<\/div>                <\/div>\n            \t\n\t        <div class=\"edgtf-bli-excerpt\">\n\t\t        \t\t<div class=\"edgtf-post-excerpt-holder\">\n\t\t\t<p itemprop=\"description\" class=\"edgtf-post-excerpt\">\n\t\t\t\tSp\u00e9cialis\u00e9 dans le travail artistique des m\u00e9taux, l\u2019atelier Steaven Richard perp\u00e9tue et revisite de mani\u00e8re contemporaine une tradition esth\u00e9tique et un savoir-faire qui ont fait la r\u00e9putation mondiale du style\t\t\t<\/p>\n\t\t<\/div>\n\t\t\t        \t<div class=\"edgtf-post-read-more-button\">\n\t\t<a itemprop=\"url\" href=\"https:\/\/james1840.com\/fr\/un-ferronnier-dart-passione\/\" target=\"_self\" style=\"text-transform: capitalize\" class=\"edgtf-btn edgtf-btn-medium edgtf-btn-simple edgtf-btn-with-arrow edgtf-btn-text-on-hover\"  >            <span class=\"edgtf-btn-text\">En savoir plus<\/span>            <span class=\"edgtf-btn-arrow\">            <svg version=\"1.1\" id=\"btn-arrow-1760432095\" xmlns=\"http:\/\/www.w3.org\/2000\/svg\" xmlns:xlink=\"http:\/\/www.w3.org\/1999\/xlink\" x=\"0px\" y=\"0px\"                 width=\"18px\" height=\"4px\" viewBox=\"0 0 18 4\" enable-background=\"new 0 0 18 4\" xml:space=\"preserve\">            \t<polyline fill=\"none\" stroke=\"#323232\" stroke-miterlimit=\"10\" points=\"0,3.508 16.809,3.508 13.686,0.342 \"\/>            <\/svg>        <\/span>    <\/a>\t<\/div>\n\t        <\/div>\n        <\/div>\n\t<\/div>\n<\/li><li class=\"edgtf-bl-item edgtf-item-space clearfix\">\n\t<div class=\"edgtf-bli-inner\">\n\t\t\n\t<div class=\"edgtf-post-image\">\n\t\t\t\t\t<a itemprop=\"url\" href=\"https:\/\/james1840.com\/fr\/james-fait-peau-neuve\/\" title=\"James fait peau neuve\">\n\t\t\t\t\t<img width=\"1024\" height=\"682\" src=\"https:\/\/james1840.com\/wp-content\/uploads\/2018\/02\/blog_james_fait_peau_neuve_mockup.jpg\" class=\"attachment-full size-full wp-post-image\" alt=\"\" decoding=\"async\" loading=\"lazy\" srcset=\"https:\/\/james1840.com\/wp-content\/uploads\/2018\/02\/blog_james_fait_peau_neuve_mockup.jpg 1024w, https:\/\/james1840.com\/wp-content\/uploads\/2018\/02\/blog_james_fait_peau_neuve_mockup-300x200.jpg 300w, https:\/\/james1840.com\/wp-content\/uploads\/2018\/02\/blog_james_fait_peau_neuve_mockup-768x512.jpg 768w, https:\/\/james1840.com\/wp-content\/uploads\/2018\/02\/blog_james_fait_peau_neuve_mockup-600x400.jpg 600w\" sizes=\"(max-width: 1024px) 100vw, 1024px\" \/>\t\t\t\t\t<\/a>\n\t\t\t\t\t<\/div>\n        <div class=\"edgtf-bli-content\">\n\t        \n<h4 itemprop=\"name\" class=\"entry-title edgtf-post-title\" >\n            <a itemprop=\"url\" href=\"https:\/\/james1840.com\/fr\/james-fait-peau-neuve\/\" title=\"James fait peau neuve\">\n            James fait peau neuve            <\/a>\n    <\/h4>                <div class=\"edgtf-bli-info\">\n\t                <div class=\"edgtf-post-info-author\">\n    <span class=\"edgtf-post-info-author-text\">\n        Par    <\/span>\n    <a itemprop=\"author\" class=\"edgtf-post-info-author-link\" href=\"https:\/\/james1840.com\/fr\/author\/admin-james1\/\">\n        James    <\/a>\n<\/div><div class=\"edgtf-post-info-category\">\n    <a href=\"https:\/\/james1840.com\/fr\/category\/actualite\/\" rel=\"category tag\">Actualit\u00e9<\/a><\/div><div itemprop=\"dateCreated\" class=\"edgtf-post-info-date entry-date published updated\">\n            <a itemprop=\"url\" href=\"https:\/\/james1840.com\/fr\/2018\/08\/\">\n    \n        11 ao\u00fbt 2018        <\/a>\n    <meta itemprop=\"interactionCount\" content=\"UserComments: 0\"\/>\n<\/div>                <\/div>\n            \t\n\t        <div class=\"edgtf-bli-excerpt\">\n\t\t        \t\t<div class=\"edgtf-post-excerpt-holder\">\n\t\t\t<p itemprop=\"description\" class=\"edgtf-post-excerpt\">\n\t\t\t\tDepuis septembre, la soci\u00e9t\u00e9 James a \u00e9t\u00e9 reprise par un nouveau board d\u2019actionnaires qui a fait le v\u0153u de moderniser l\u2019entreprise et de v\u00e9hiculer son image \u00e0 la hauteur de\t\t\t<\/p>\n\t\t<\/div>\n\t\t\t        \t<div class=\"edgtf-post-read-more-button\">\n\t\t<a itemprop=\"url\" href=\"https:\/\/james1840.com\/fr\/james-fait-peau-neuve\/\" target=\"_self\" style=\"text-transform: capitalize\" class=\"edgtf-btn edgtf-btn-medium edgtf-btn-simple edgtf-btn-with-arrow edgtf-btn-text-on-hover\"  >            <span class=\"edgtf-btn-text\">En savoir plus<\/span>            <span class=\"edgtf-btn-arrow\">            <svg version=\"1.1\" id=\"btn-arrow-1273120195\" xmlns=\"http:\/\/www.w3.org\/2000\/svg\" xmlns:xlink=\"http:\/\/www.w3.org\/1999\/xlink\" x=\"0px\" y=\"0px\"                 width=\"18px\" height=\"4px\" viewBox=\"0 0 18 4\" enable-background=\"new 0 0 18 4\" xml:space=\"preserve\">            \t<polyline fill=\"none\" stroke=\"#323232\" stroke-miterlimit=\"10\" points=\"0,3.508 16.809,3.508 13.686,0.342 \"\/>            <\/svg>        <\/span>    <\/a>\t<\/div>\n\t        <\/div>\n        <\/div>\n\t<\/div>\n<\/li>\t\t<\/ul>\n\t<\/div>\n\t<\/div>[\/vc_column][\/vc_row]<\/p>\n<p><\/p>","protected":false},"excerpt":{"rendered":"<p>[vc_row row_content_width=\u00a0\u00bbgrid\u00a0\u00bb css=\u00a0\u00bb.vc_custom_1521504688780{padding-top: 10px !important;padding-bottom: 50px !important;}\u00a0\u00bb][vc_column offset=\u00a0\u00bbvc_col-lg-4 vc_col-md-12 vc_col-xs-12&Prime;][\/vc_column][vc_column offset=\u00a0\u00bbvc_col-lg-8 vc_col-md-12 vc_col-xs-12&Prime;][\/vc_column][\/vc_row][vc_row row_content_width=\u00a0\u00bbgrid\u00a0\u00bb][vc_column][\/vc_column][\/vc_row]<\/p>\n","protected":false},"author":1,"featured_media":0,"parent":0,"menu_order":0,"comment_status":"closed","ping_status":"closed","template":"full-width.php","meta":{"_mi_skip_tracking":false},"yst_prominent_words":[326,324,335,831,834,327,859,337,555,323,830,827,765,828,325,322,829,328,298,858],"_links":{"self":[{"href":"https:\/\/james1840.com\/fr\/wp-json\/wp\/v2\/pages\/4697"}],"collection":[{"href":"https:\/\/james1840.com\/fr\/wp-json\/wp\/v2\/pages"}],"about":[{"href":"https:\/\/james1840.com\/fr\/wp-json\/wp\/v2\/types\/page"}],"author":[{"embeddable":true,"href":"https:\/\/james1840.com\/fr\/wp-json\/wp\/v2\/users\/1"}],"replies":[{"embeddable":true,"href":"https:\/\/james1840.com\/fr\/wp-json\/wp\/v2\/comments?post=4697"}],"version-history":[{"count":23,"href":"https:\/\/james1840.com\/fr\/wp-json\/wp\/v2\/pages\/4697\/revisions"}],"predecessor-version":[{"id":5222,"href":"https:\/\/james1840.com\/fr\/wp-json\/wp\/v2\/pages\/4697\/revisions\/5222"}],"wp:attachment":[{"href":"https:\/\/james1840.com\/fr\/wp-json\/wp\/v2\/media?parent=4697"}],"wp:term":[{"taxonomy":"yst_prominent_words","embeddable":true,"href":"https:\/\/james1840.com\/fr\/wp-json\/wp\/v2\/yst_prominent_words?post=4697"}],"curies":[{"name":"wp","href":"https:\/\/api.w.org\/{rel}","templated":true}]}}