{"id":4697,"date":"2018-03-07T18:02:07","date_gmt":"2018-03-07T17:02:07","guid":{"rendered":"http:\/\/james1840.com\/?page_id=4697"},"modified":"2018-10-23T11:57:14","modified_gmt":"2018-10-23T09:57:14","slug":"les-news","status":"publish","type":"page","link":"https:\/\/james1840.com\/es\/les-news\/","title":{"rendered":"NOTICIAS"},"content":{"rendered":"<p>[vc_row row_content_width=\u00bbgrid\u00bb css=\u00bb.vc_custom_1521504688780{padding-top: 10px !important;padding-bottom: 50px !important;}\u00bb][vc_column offset=\u00bbvc_col-lg-4 vc_col-md-12 vc_col-xs-12&#8243;]<div class=\"edgtf-elements-holder   edgtf-one-column  edgtf-responsive-mode-768 \" ><div class=\"edgtf-eh-item    \"  data-item-class=\"edgtf-eh-custom-5494\" data-1024-1280=\"0 0 0 37px\" data-768-1024=\"0 0 30px 0\" data-680-768=\"0 0 30px 0\" data-680=\"0 0% 30px 0%\">\n\t<div class=\"edgtf-eh-item-inner\">\n\t\t<div class=\"edgtf-eh-item-content edgtf-eh-custom-5494\" style=\"padding: 0 0% 0 10%\">\n\t\t\t<div class=\"edgtf-section-title-holder  edgtf-st-standard edgtf-st-disable-title-break edgtf-st-position-left edgtf-appear-fx\" >\n\t\t<div class=\"edgtf-st-inner\">\n                    <div class=\"edgtf-st-title-holder\">\n                <h2 class=\"edgtf-st-title\" style=\"color: #202020\">\n                    TRAS<br \/> BAMBALINAS                <\/h2>\n            <\/div>\n\t\t\t\t\t<\/div>\n    <\/div>\t\t<\/div>\n\t<\/div>\n<\/div><\/div>[\/vc_column][vc_column offset=\u00bbvc_col-lg-8 vc_col-md-12 vc_col-xs-12&#8243;]<div class=\"edgtf-elements-holder   edgtf-one-column  edgtf-responsive-mode-768 \" ><div class=\"edgtf-eh-item    \"  data-item-class=\"edgtf-eh-custom-9454\" data-768-1024=\"0 14% 0 0\" data-680-768=\"0 14% 0 0\" data-680=\"0 11% 0 0%\">\n\t<div class=\"edgtf-eh-item-inner\">\n\t\t<div class=\"edgtf-eh-item-content edgtf-eh-custom-9454\" style=\"padding: 0 11% 0 13%\">\n\t\t\t[vc_column_text]<\/p>\n<p class=\"p1\">La creaci\u00f3n de una pieza de alta gama\u00a0 requiere conocimientos diferentes y emocionantes, nuestro equipo de marketing se complace en presentar tras bambalinas.<\/p>\n<p class=\"p1\">A trav\u00e9s de esta secci\u00f3n<span class=\"Apple-converted-space\">\u00a0 <\/span>de noticias, lo invitamos a descubrir innovaciones, proyectos exclusivos de James, trabajos que nutren un proyecto completo, realizados por hombres y mujeres tan inusuales como brillantes.<\/p>\n<p>[\/vc_column_text]\t\t<\/div>\n\t<\/div>\n<\/div><\/div>[\/vc_column][\/vc_row][vc_row row_content_width=\u00bbgrid\u00bb][vc_column]<div class=\"edgtf-blog-list-holder edgtf-bl-masonry edgtf-bl-two-columns edgtf-tiny-space edgtf-bl-pag-no-pagination \"  data-type=masonry data-number-of-posts=-1 data-number-of-columns=2 data-space-between-items=tiny data-orderby=date data-order=ASC data-image-size=full data-title-tag=h4 data-excerpt-length=30 data-post-info-section=yes data-post-info-image=yes data-post-info-author=yes data-post-info-date=yes data-post-info-category=yes data-post-info-comments=no data-post-info-like=no data-post-info-share=no data-pagination-type=no-pagination data-show-info-on-appear=yes data-enable-parallax-animation=yes data-max-num-pages=0 data-next-page=2>\n\t<div class=\"edgtf-bl-wrapper edgtf-outer-space\">\n\t\t<ul class=\"edgtf-blog-list\">\n\t\t\t<div class=\"edgtf-bl-grid-sizer\"><\/div>\n\t\t\t<div class=\"edgtf-bl-grid-gutter\"><\/div>\n\t\t\t<li class=\"edgtf-bl-item edgtf-item-space clearfix\">\n\t<div class=\"edgtf-bli-inner\">\n\t\t\n\t<div class=\"edgtf-post-image\">\n\t\t\t\t\t<a itemprop=\"url\" href=\"https:\/\/james1840.com\/es\/il-etait-une-fois-lhotel-nolinski\/\" title=\"\u00c9rase una vez el Hotel Nolinski &#8230;\">\n\t\t\t\t\t<img width=\"1000\" height=\"665\" src=\"https:\/\/james1840.com\/wp-content\/uploads\/2018\/01\/james1840_nos_realisations_hotel_nolinski_04.jpeg\" class=\"attachment-full size-full wp-post-image\" alt=\"\" decoding=\"async\" loading=\"lazy\" srcset=\"https:\/\/james1840.com\/wp-content\/uploads\/2018\/01\/james1840_nos_realisations_hotel_nolinski_04.jpeg 1000w, https:\/\/james1840.com\/wp-content\/uploads\/2018\/01\/james1840_nos_realisations_hotel_nolinski_04-300x200.jpeg 300w, https:\/\/james1840.com\/wp-content\/uploads\/2018\/01\/james1840_nos_realisations_hotel_nolinski_04-768x511.jpeg 768w, https:\/\/james1840.com\/wp-content\/uploads\/2018\/01\/james1840_nos_realisations_hotel_nolinski_04-600x399.jpeg 600w\" sizes=\"(max-width: 1000px) 100vw, 1000px\" \/>\t\t\t\t\t<\/a>\n\t\t\t\t\t<\/div>\n        <div class=\"edgtf-bli-content\">\n\t        \n<h4 itemprop=\"name\" class=\"entry-title edgtf-post-title\" >\n            <a itemprop=\"url\" href=\"https:\/\/james1840.com\/es\/il-etait-une-fois-lhotel-nolinski\/\" title=\"\u00c9rase una vez el Hotel Nolinski &#8230;\">\n            \u00c9rase una vez el Hotel Nolinski &#8230;            <\/a>\n    <\/h4>                <div class=\"edgtf-bli-info\">\n\t                <div class=\"edgtf-post-info-author\">\n    <span class=\"edgtf-post-info-author-text\">\n        Par    <\/span>\n    <a itemprop=\"author\" class=\"edgtf-post-info-author-link\" href=\"https:\/\/james1840.com\/es\/author\/admin-james1\/\">\n        James    <\/a>\n<\/div><div class=\"edgtf-post-info-category\">\n    <a href=\"https:\/\/james1840.com\/es\/category\/realise-par-james\/\" rel=\"category tag\">R\u00e9alis\u00e9 par James<\/a><\/div><div itemprop=\"dateCreated\" class=\"edgtf-post-info-date entry-date published updated\">\n            <a itemprop=\"url\" href=\"https:\/\/james1840.com\/es\/2018\/01\/\">\n    \n        5 enero 2018        <\/a>\n    <meta itemprop=\"interactionCount\" content=\"UserComments: 0\"\/>\n<\/div>                <\/div>\n            \t\n\t        <div class=\"edgtf-bli-excerpt\">\n\t\t        \t\t<div class=\"edgtf-post-excerpt-holder\">\n\t\t\t<p itemprop=\"description\" class=\"edgtf-post-excerpt\">\n\t\t\t\tOficinas, armarios, cabeceras\t\t\t<\/p>\n\t\t<\/div>\n\t\t\t        \t<div class=\"edgtf-post-read-more-button\">\n\t\t<a itemprop=\"url\" href=\"https:\/\/james1840.com\/es\/il-etait-une-fois-lhotel-nolinski\/\" target=\"_self\" style=\"text-transform: capitalize\" class=\"edgtf-btn edgtf-btn-medium edgtf-btn-simple edgtf-btn-with-arrow edgtf-btn-text-on-hover\"  >            <span class=\"edgtf-btn-text\">En savoir plus<\/span>            <span class=\"edgtf-btn-arrow\">            <svg version=\"1.1\" id=\"btn-arrow-1792362181\" xmlns=\"http:\/\/www.w3.org\/2000\/svg\" xmlns:xlink=\"http:\/\/www.w3.org\/1999\/xlink\" x=\"0px\" y=\"0px\"                 width=\"18px\" height=\"4px\" viewBox=\"0 0 18 4\" enable-background=\"new 0 0 18 4\" xml:space=\"preserve\">            \t<polyline fill=\"none\" stroke=\"#323232\" stroke-miterlimit=\"10\" points=\"0,3.508 16.809,3.508 13.686,0.342 \"\/>            <\/svg>        <\/span>    <\/a>\t<\/div>\n\t        <\/div>\n        <\/div>\n\t<\/div>\n<\/li><li class=\"edgtf-bl-item edgtf-item-space clearfix\">\n\t<div class=\"edgtf-bli-inner\">\n\t\t\n\t<div class=\"edgtf-post-image\">\n\t\t\t\t\t<a itemprop=\"url\" href=\"https:\/\/james1840.com\/es\/linnovation-dans-ladn-de-james-depuis-plus-de-30-ans\/\" title=\"\u00a1Innovaci\u00f3n en el ADN de James por m\u00e1s de 30 a\u00f1os!\">\n\t\t\t\t\t<img width=\"1000\" height=\"750\" src=\"https:\/\/james1840.com\/wp-content\/uploads\/2018\/01\/James_nos_actualites_linnovation.jpg\" class=\"attachment-full size-full wp-post-image\" alt=\"\" decoding=\"async\" loading=\"lazy\" srcset=\"https:\/\/james1840.com\/wp-content\/uploads\/2018\/01\/James_nos_actualites_linnovation.jpg 1000w, https:\/\/james1840.com\/wp-content\/uploads\/2018\/01\/James_nos_actualites_linnovation-300x225.jpg 300w, https:\/\/james1840.com\/wp-content\/uploads\/2018\/01\/James_nos_actualites_linnovation-768x576.jpg 768w, https:\/\/james1840.com\/wp-content\/uploads\/2018\/01\/James_nos_actualites_linnovation-600x450.jpg 600w\" sizes=\"(max-width: 1000px) 100vw, 1000px\" \/>\t\t\t\t\t<\/a>\n\t\t\t\t\t<\/div>\n        <div class=\"edgtf-bli-content\">\n\t        \n<h4 itemprop=\"name\" class=\"entry-title edgtf-post-title\" >\n            <a itemprop=\"url\" href=\"https:\/\/james1840.com\/es\/linnovation-dans-ladn-de-james-depuis-plus-de-30-ans\/\" title=\"\u00a1Innovaci\u00f3n en el ADN de James por m\u00e1s de 30 a\u00f1os!\">\n            \u00a1Innovaci\u00f3n en el ADN de James por m\u00e1s de 30 a\u00f1os!            <\/a>\n    <\/h4>                <div class=\"edgtf-bli-info\">\n\t                <div class=\"edgtf-post-info-author\">\n    <span class=\"edgtf-post-info-author-text\">\n        Par    <\/span>\n    <a itemprop=\"author\" class=\"edgtf-post-info-author-link\" href=\"https:\/\/james1840.com\/es\/author\/admin-james1\/\">\n        James    <\/a>\n<\/div><div class=\"edgtf-post-info-category\">\n    <a href=\"https:\/\/james1840.com\/es\/category\/ca-sest-passe-chez-james\/\" rel=\"category tag\">\u00c7a s'est pass\u00e9 chez James<\/a><\/div><div itemprop=\"dateCreated\" class=\"edgtf-post-info-date entry-date published updated\">\n            <a itemprop=\"url\" href=\"https:\/\/james1840.com\/es\/2018\/01\/\">\n    \n        10 enero 2018        <\/a>\n    <meta itemprop=\"interactionCount\" content=\"UserComments: 0\"\/>\n<\/div>                <\/div>\n            \t\n\t        <div class=\"edgtf-bli-excerpt\">\n\t\t        \t\t<div class=\"edgtf-post-excerpt-holder\">\n\t\t\t<p itemprop=\"description\" class=\"edgtf-post-excerpt\">\n\t\t\t\tAnteriormente, la mayor parte de la actividad era la reproducci\u00f3n de muebles antiguos, pero Remi ten\u00eda en mente otra idea. Se proyect\u00f3 hacia el futuro, es decir, al dise\u00f1o y\t\t\t<\/p>\n\t\t<\/div>\n\t\t\t        \t<div class=\"edgtf-post-read-more-button\">\n\t\t<a itemprop=\"url\" href=\"https:\/\/james1840.com\/es\/linnovation-dans-ladn-de-james-depuis-plus-de-30-ans\/\" target=\"_self\" style=\"text-transform: capitalize\" class=\"edgtf-btn edgtf-btn-medium edgtf-btn-simple edgtf-btn-with-arrow edgtf-btn-text-on-hover\"  >            <span class=\"edgtf-btn-text\">En savoir plus<\/span>            <span class=\"edgtf-btn-arrow\">            <svg version=\"1.1\" id=\"btn-arrow-1076025427\" xmlns=\"http:\/\/www.w3.org\/2000\/svg\" xmlns:xlink=\"http:\/\/www.w3.org\/1999\/xlink\" x=\"0px\" y=\"0px\"                 width=\"18px\" height=\"4px\" viewBox=\"0 0 18 4\" enable-background=\"new 0 0 18 4\" xml:space=\"preserve\">            \t<polyline fill=\"none\" stroke=\"#323232\" stroke-miterlimit=\"10\" points=\"0,3.508 16.809,3.508 13.686,0.342 \"\/>            <\/svg>        <\/span>    <\/a>\t<\/div>\n\t        <\/div>\n        <\/div>\n\t<\/div>\n<\/li><li class=\"edgtf-bl-item edgtf-item-space clearfix\">\n\t<div class=\"edgtf-bli-inner\">\n\t\t\n\t<div class=\"edgtf-post-image\">\n\t\t\t\t\t<a itemprop=\"url\" href=\"https:\/\/james1840.com\/es\/herve-degrenne-depuis-30-ans-chez-james\/\" title=\"Herv\u00e9 Degrenne, desde hace 34 a\u00f1os en JAMES\">\n\t\t\t\t\t<img width=\"1000\" height=\"870\" src=\"https:\/\/james1840.com\/wp-content\/uploads\/2018\/01\/James_nos_actualites_herve.jpg\" class=\"attachment-full size-full wp-post-image\" alt=\"\" decoding=\"async\" loading=\"lazy\" srcset=\"https:\/\/james1840.com\/wp-content\/uploads\/2018\/01\/James_nos_actualites_herve.jpg 1000w, https:\/\/james1840.com\/wp-content\/uploads\/2018\/01\/James_nos_actualites_herve-300x261.jpg 300w, https:\/\/james1840.com\/wp-content\/uploads\/2018\/01\/James_nos_actualites_herve-768x668.jpg 768w, https:\/\/james1840.com\/wp-content\/uploads\/2018\/01\/James_nos_actualites_herve-600x522.jpg 600w\" sizes=\"(max-width: 1000px) 100vw, 1000px\" \/>\t\t\t\t\t<\/a>\n\t\t\t\t\t<\/div>\n        <div class=\"edgtf-bli-content\">\n\t        \n<h4 itemprop=\"name\" class=\"entry-title edgtf-post-title\" >\n            <a itemprop=\"url\" href=\"https:\/\/james1840.com\/es\/herve-degrenne-depuis-30-ans-chez-james\/\" title=\"Herv\u00e9 Degrenne, desde hace 34 a\u00f1os en JAMES\">\n            Herv\u00e9 Degrenne, desde hace 34 a\u00f1os en JAMES            <\/a>\n    <\/h4>                <div class=\"edgtf-bli-info\">\n\t                <div class=\"edgtf-post-info-author\">\n    <span class=\"edgtf-post-info-author-text\">\n        Par    <\/span>\n    <a itemprop=\"author\" class=\"edgtf-post-info-author-link\" href=\"https:\/\/james1840.com\/es\/author\/admin-james1\/\">\n        James    <\/a>\n<\/div><div class=\"edgtf-post-info-category\">\n    <a href=\"https:\/\/james1840.com\/es\/category\/derriere-le-rideau\/\" rel=\"category tag\">Derri\u00e8re le Rideau<\/a><\/div><div itemprop=\"dateCreated\" class=\"edgtf-post-info-date entry-date published updated\">\n            <a itemprop=\"url\" href=\"https:\/\/james1840.com\/es\/2018\/01\/\">\n    \n        11 enero 2018        <\/a>\n    <meta itemprop=\"interactionCount\" content=\"UserComments: 0\"\/>\n<\/div>                <\/div>\n            \t\n\t        <div class=\"edgtf-bli-excerpt\">\n\t\t        \t\t<div class=\"edgtf-post-excerpt-holder\">\n\t\t\t<p itemprop=\"description\" class=\"edgtf-post-excerpt\">\n\t\t\t\tDespu\u00e9s de subir todos los escalones - aprendiz, jefe de taller, jefe de la oficina de dise\u00f1o, gerente de proyecto - Herv\u00e9 Degrenne se ha convertido en un l\u00edder apreciado\t\t\t<\/p>\n\t\t<\/div>\n\t\t\t        \t<div class=\"edgtf-post-read-more-button\">\n\t\t<a itemprop=\"url\" href=\"https:\/\/james1840.com\/es\/herve-degrenne-depuis-30-ans-chez-james\/\" target=\"_self\" style=\"text-transform: capitalize\" class=\"edgtf-btn edgtf-btn-medium edgtf-btn-simple edgtf-btn-with-arrow edgtf-btn-text-on-hover\"  >            <span class=\"edgtf-btn-text\">En savoir plus<\/span>            <span class=\"edgtf-btn-arrow\">            <svg version=\"1.1\" id=\"btn-arrow-501634198\" xmlns=\"http:\/\/www.w3.org\/2000\/svg\" xmlns:xlink=\"http:\/\/www.w3.org\/1999\/xlink\" x=\"0px\" y=\"0px\"                 width=\"18px\" height=\"4px\" viewBox=\"0 0 18 4\" enable-background=\"new 0 0 18 4\" xml:space=\"preserve\">            \t<polyline fill=\"none\" stroke=\"#323232\" stroke-miterlimit=\"10\" points=\"0,3.508 16.809,3.508 13.686,0.342 \"\/>            <\/svg>        <\/span>    <\/a>\t<\/div>\n\t        <\/div>\n        <\/div>\n\t<\/div>\n<\/li><li class=\"edgtf-bl-item edgtf-item-space clearfix\">\n\t<div class=\"edgtf-bli-inner\">\n\t\t\n\t<div class=\"edgtf-post-image\">\n\t\t\t\t\t<a itemprop=\"url\" href=\"https:\/\/james1840.com\/es\/a-decouvrir-tres-vite-chez-james\/\" title=\"Para descubrir r\u00e1pidamente en James!\">\n\t\t\t\t\t<img width=\"1024\" height=\"682\" src=\"https:\/\/james1840.com\/wp-content\/uploads\/2018\/02\/blog_les-nouveaux_decors_muraux_A.jpg\" class=\"attachment-full size-full wp-post-image\" alt=\"\" decoding=\"async\" loading=\"lazy\" srcset=\"https:\/\/james1840.com\/wp-content\/uploads\/2018\/02\/blog_les-nouveaux_decors_muraux_A.jpg 1024w, https:\/\/james1840.com\/wp-content\/uploads\/2018\/02\/blog_les-nouveaux_decors_muraux_A-300x200.jpg 300w, https:\/\/james1840.com\/wp-content\/uploads\/2018\/02\/blog_les-nouveaux_decors_muraux_A-768x512.jpg 768w, https:\/\/james1840.com\/wp-content\/uploads\/2018\/02\/blog_les-nouveaux_decors_muraux_A-600x400.jpg 600w\" sizes=\"(max-width: 1024px) 100vw, 1024px\" \/>\t\t\t\t\t<\/a>\n\t\t\t\t\t<\/div>\n        <div class=\"edgtf-bli-content\">\n\t        \n<h4 itemprop=\"name\" class=\"entry-title edgtf-post-title\" >\n            <a itemprop=\"url\" href=\"https:\/\/james1840.com\/es\/a-decouvrir-tres-vite-chez-james\/\" title=\"Para descubrir r\u00e1pidamente en James!\">\n            Para descubrir r\u00e1pidamente en James!            <\/a>\n    <\/h4>                <div class=\"edgtf-bli-info\">\n\t                <div class=\"edgtf-post-info-author\">\n    <span class=\"edgtf-post-info-author-text\">\n        Par    <\/span>\n    <a itemprop=\"author\" class=\"edgtf-post-info-author-link\" href=\"https:\/\/james1840.com\/es\/author\/admin-james1\/\">\n        James    <\/a>\n<\/div><div class=\"edgtf-post-info-category\">\n    <a href=\"https:\/\/james1840.com\/es\/category\/en-lumiere\/\" rel=\"category tag\">En lumi\u00e8re<\/a><\/div><div itemprop=\"dateCreated\" class=\"edgtf-post-info-date entry-date published updated\">\n            <a itemprop=\"url\" href=\"https:\/\/james1840.com\/es\/2018\/04\/\">\n    \n        30 abril 2018        <\/a>\n    <meta itemprop=\"interactionCount\" content=\"UserComments: 0\"\/>\n<\/div>                <\/div>\n            \t\n\t        <div class=\"edgtf-bli-excerpt\">\n\t\t        \t\t<div class=\"edgtf-post-excerpt-holder\">\n\t\t\t<p itemprop=\"description\" class=\"edgtf-post-excerpt\">\n\t\t\t\tLos primeros pasos del proceso Swoom aparecieron hace unos meses en los talleres de James. Hoy, este proceso desarrollado exclusivamente por nuestro departamento de desarrollo hace una nueva entrada en\t\t\t<\/p>\n\t\t<\/div>\n\t\t\t        \t<div class=\"edgtf-post-read-more-button\">\n\t\t<a itemprop=\"url\" href=\"https:\/\/james1840.com\/es\/a-decouvrir-tres-vite-chez-james\/\" target=\"_self\" style=\"text-transform: capitalize\" class=\"edgtf-btn edgtf-btn-medium edgtf-btn-simple edgtf-btn-with-arrow edgtf-btn-text-on-hover\"  >            <span class=\"edgtf-btn-text\">En savoir plus<\/span>            <span class=\"edgtf-btn-arrow\">            <svg version=\"1.1\" id=\"btn-arrow-1915417200\" xmlns=\"http:\/\/www.w3.org\/2000\/svg\" xmlns:xlink=\"http:\/\/www.w3.org\/1999\/xlink\" x=\"0px\" y=\"0px\"                 width=\"18px\" height=\"4px\" viewBox=\"0 0 18 4\" enable-background=\"new 0 0 18 4\" xml:space=\"preserve\">            \t<polyline fill=\"none\" stroke=\"#323232\" stroke-miterlimit=\"10\" points=\"0,3.508 16.809,3.508 13.686,0.342 \"\/>            <\/svg>        <\/span>    <\/a>\t<\/div>\n\t        <\/div>\n        <\/div>\n\t<\/div>\n<\/li><li class=\"edgtf-bl-item edgtf-item-space clearfix\">\n\t<div class=\"edgtf-bli-inner\">\n\t\t\n\t<div class=\"edgtf-post-image\">\n\t\t\t\t\t<a itemprop=\"url\" href=\"https:\/\/james1840.com\/es\/un-ferronnier-dart-passione\/\" title=\"Un artesano apasionado\">\n\t\t\t\t\t<img width=\"1024\" height=\"682\" src=\"https:\/\/james1840.com\/wp-content\/uploads\/2018\/02\/blog_un-ferronier-dexception_A.jpg\" class=\"attachment-full size-full wp-post-image\" alt=\"\" decoding=\"async\" loading=\"lazy\" srcset=\"https:\/\/james1840.com\/wp-content\/uploads\/2018\/02\/blog_un-ferronier-dexception_A.jpg 1024w, https:\/\/james1840.com\/wp-content\/uploads\/2018\/02\/blog_un-ferronier-dexception_A-300x200.jpg 300w, https:\/\/james1840.com\/wp-content\/uploads\/2018\/02\/blog_un-ferronier-dexception_A-768x512.jpg 768w, https:\/\/james1840.com\/wp-content\/uploads\/2018\/02\/blog_un-ferronier-dexception_A-600x400.jpg 600w\" sizes=\"(max-width: 1024px) 100vw, 1024px\" \/>\t\t\t\t\t<\/a>\n\t\t\t\t\t<\/div>\n        <div class=\"edgtf-bli-content\">\n\t        \n<h4 itemprop=\"name\" class=\"entry-title edgtf-post-title\" >\n            <a itemprop=\"url\" href=\"https:\/\/james1840.com\/es\/un-ferronnier-dart-passione\/\" title=\"Un artesano apasionado\">\n            Un artesano apasionado            <\/a>\n    <\/h4>                <div class=\"edgtf-bli-info\">\n\t                <div class=\"edgtf-post-info-author\">\n    <span class=\"edgtf-post-info-author-text\">\n        Par    <\/span>\n    <a itemprop=\"author\" class=\"edgtf-post-info-author-link\" href=\"https:\/\/james1840.com\/es\/author\/admin-james1\/\">\n        James    <\/a>\n<\/div><div class=\"edgtf-post-info-category\">\n    <a href=\"https:\/\/james1840.com\/es\/category\/innovation\/\" rel=\"category tag\">Innovation<\/a><\/div><div itemprop=\"dateCreated\" class=\"edgtf-post-info-date entry-date published updated\">\n            <a itemprop=\"url\" href=\"https:\/\/james1840.com\/es\/2018\/07\/\">\n    \n        10 julio 2018        <\/a>\n    <meta itemprop=\"interactionCount\" content=\"UserComments: 0\"\/>\n<\/div>                <\/div>\n            \t\n\t        <div class=\"edgtf-bli-excerpt\">\n\t\t        \t\t<div class=\"edgtf-post-excerpt-holder\">\n\t\t\t<p itemprop=\"description\" class=\"edgtf-post-excerpt\">\n\t\t\t\tEspecializado en el trabajo art\u00edstico de los metales, El estudio Steaven Richard conserva y realiza de\u00a0 manera contempor\u00e1nea una tradici\u00f3n est\u00e9tica y un conocimiento que han hecho la reputaci\u00f3n mundial\t\t\t<\/p>\n\t\t<\/div>\n\t\t\t        \t<div class=\"edgtf-post-read-more-button\">\n\t\t<a itemprop=\"url\" href=\"https:\/\/james1840.com\/es\/un-ferronnier-dart-passione\/\" target=\"_self\" style=\"text-transform: capitalize\" class=\"edgtf-btn edgtf-btn-medium edgtf-btn-simple edgtf-btn-with-arrow edgtf-btn-text-on-hover\"  >            <span class=\"edgtf-btn-text\">En savoir plus<\/span>            <span class=\"edgtf-btn-arrow\">            <svg version=\"1.1\" id=\"btn-arrow-244694076\" xmlns=\"http:\/\/www.w3.org\/2000\/svg\" xmlns:xlink=\"http:\/\/www.w3.org\/1999\/xlink\" x=\"0px\" y=\"0px\"                 width=\"18px\" height=\"4px\" viewBox=\"0 0 18 4\" enable-background=\"new 0 0 18 4\" xml:space=\"preserve\">            \t<polyline fill=\"none\" stroke=\"#323232\" stroke-miterlimit=\"10\" points=\"0,3.508 16.809,3.508 13.686,0.342 \"\/>            <\/svg>        <\/span>    <\/a>\t<\/div>\n\t        <\/div>\n        <\/div>\n\t<\/div>\n<\/li><li class=\"edgtf-bl-item edgtf-item-space clearfix\">\n\t<div class=\"edgtf-bli-inner\">\n\t\t\n\t<div class=\"edgtf-post-image\">\n\t\t\t\t\t<a itemprop=\"url\" href=\"https:\/\/james1840.com\/es\/james-fait-peau-neuve\/\" title=\"JAMES CAMBIA DE PIEL\">\n\t\t\t\t\t<img width=\"1024\" height=\"682\" src=\"https:\/\/james1840.com\/wp-content\/uploads\/2018\/02\/blog_james_fait_peau_neuve_mockup.jpg\" class=\"attachment-full size-full wp-post-image\" alt=\"\" decoding=\"async\" loading=\"lazy\" srcset=\"https:\/\/james1840.com\/wp-content\/uploads\/2018\/02\/blog_james_fait_peau_neuve_mockup.jpg 1024w, https:\/\/james1840.com\/wp-content\/uploads\/2018\/02\/blog_james_fait_peau_neuve_mockup-300x200.jpg 300w, https:\/\/james1840.com\/wp-content\/uploads\/2018\/02\/blog_james_fait_peau_neuve_mockup-768x512.jpg 768w, https:\/\/james1840.com\/wp-content\/uploads\/2018\/02\/blog_james_fait_peau_neuve_mockup-600x400.jpg 600w\" sizes=\"(max-width: 1024px) 100vw, 1024px\" \/>\t\t\t\t\t<\/a>\n\t\t\t\t\t<\/div>\n        <div class=\"edgtf-bli-content\">\n\t        \n<h4 itemprop=\"name\" class=\"entry-title edgtf-post-title\" >\n            <a itemprop=\"url\" href=\"https:\/\/james1840.com\/es\/james-fait-peau-neuve\/\" title=\"JAMES CAMBIA DE PIEL\">\n            JAMES CAMBIA DE PIEL            <\/a>\n    <\/h4>                <div class=\"edgtf-bli-info\">\n\t                <div class=\"edgtf-post-info-author\">\n    <span class=\"edgtf-post-info-author-text\">\n        Par    <\/span>\n    <a itemprop=\"author\" class=\"edgtf-post-info-author-link\" href=\"https:\/\/james1840.com\/es\/author\/admin-james1\/\">\n        James    <\/a>\n<\/div><div class=\"edgtf-post-info-category\">\n    <a href=\"https:\/\/james1840.com\/es\/category\/actualite\/\" rel=\"category tag\">Actualit\u00e9<\/a><\/div><div itemprop=\"dateCreated\" class=\"edgtf-post-info-date entry-date published updated\">\n            <a itemprop=\"url\" href=\"https:\/\/james1840.com\/es\/2018\/08\/\">\n    \n        11 agosto 2018        <\/a>\n    <meta itemprop=\"interactionCount\" content=\"UserComments: 0\"\/>\n<\/div>                <\/div>\n            \t\n\t        <div class=\"edgtf-bli-excerpt\">\n\t\t        \t\t<div class=\"edgtf-post-excerpt-holder\">\n\t\t\t<p itemprop=\"description\" class=\"edgtf-post-excerpt\">\n\t\t\t\tDesde septiembre, la compa\u00f1\u00eda James ha sido absorbida por una nueva junta de accionistas que ha prometido modernizar la empresa y transmitir su imagen a la altura de sus m\u00e9ritos.\t\t\t<\/p>\n\t\t<\/div>\n\t\t\t        \t<div class=\"edgtf-post-read-more-button\">\n\t\t<a itemprop=\"url\" href=\"https:\/\/james1840.com\/es\/james-fait-peau-neuve\/\" target=\"_self\" style=\"text-transform: capitalize\" class=\"edgtf-btn edgtf-btn-medium edgtf-btn-simple edgtf-btn-with-arrow edgtf-btn-text-on-hover\"  >            <span class=\"edgtf-btn-text\">En savoir plus<\/span>            <span class=\"edgtf-btn-arrow\">            <svg version=\"1.1\" id=\"btn-arrow-1101906177\" xmlns=\"http:\/\/www.w3.org\/2000\/svg\" xmlns:xlink=\"http:\/\/www.w3.org\/1999\/xlink\" x=\"0px\" y=\"0px\"                 width=\"18px\" height=\"4px\" viewBox=\"0 0 18 4\" enable-background=\"new 0 0 18 4\" xml:space=\"preserve\">            \t<polyline fill=\"none\" stroke=\"#323232\" stroke-miterlimit=\"10\" points=\"0,3.508 16.809,3.508 13.686,0.342 \"\/>            <\/svg>        <\/span>    <\/a>\t<\/div>\n\t        <\/div>\n        <\/div>\n\t<\/div>\n<\/li>\t\t<\/ul>\n\t<\/div>\n\t<\/div>[\/vc_column][\/vc_row]<\/p>","protected":false},"excerpt":{"rendered":"<p>[vc_row row_content_width=\u00bbgrid\u00bb css=\u00bb.vc_custom_1521504688780{padding-top: 10px !important;padding-bottom: 50px !important;}\u00bb][vc_column offset=\u00bbvc_col-lg-4 vc_col-md-12 vc_col-xs-12&#8243;][\/vc_column][vc_column offset=\u00bbvc_col-lg-8 vc_col-md-12 vc_col-xs-12&#8243;][\/vc_column][\/vc_row][vc_row row_content_width=\u00bbgrid\u00bb][vc_column][\/vc_column][\/vc_row]<\/p>\n","protected":false},"author":1,"featured_media":0,"parent":0,"menu_order":0,"comment_status":"closed","ping_status":"closed","template":"full-width.php","meta":{"_mi_skip_tracking":false},"yst_prominent_words":[326,324,335,831,834,327,859,337,555,323,830,827,765,828,325,322,829,328,298,858],"_links":{"self":[{"href":"https:\/\/james1840.com\/es\/wp-json\/wp\/v2\/pages\/4697"}],"collection":[{"href":"https:\/\/james1840.com\/es\/wp-json\/wp\/v2\/pages"}],"about":[{"href":"https:\/\/james1840.com\/es\/wp-json\/wp\/v2\/types\/page"}],"author":[{"embeddable":true,"href":"https:\/\/james1840.com\/es\/wp-json\/wp\/v2\/users\/1"}],"replies":[{"embeddable":true,"href":"https:\/\/james1840.com\/es\/wp-json\/wp\/v2\/comments?post=4697"}],"version-history":[{"count":23,"href":"https:\/\/james1840.com\/es\/wp-json\/wp\/v2\/pages\/4697\/revisions"}],"predecessor-version":[{"id":5222,"href":"https:\/\/james1840.com\/es\/wp-json\/wp\/v2\/pages\/4697\/revisions\/5222"}],"wp:attachment":[{"href":"https:\/\/james1840.com\/es\/wp-json\/wp\/v2\/media?parent=4697"}],"wp:term":[{"taxonomy":"yst_prominent_words","embeddable":true,"href":"https:\/\/james1840.com\/es\/wp-json\/wp\/v2\/yst_prominent_words?post=4697"}],"curies":[{"name":"wp","href":"https:\/\/api.w.org\/{rel}","templated":true}]}}