{"id":4478,"date":"2018-02-27T21:27:46","date_gmt":"2018-02-27T20:27:46","guid":{"rendered":"http:\/\/james1840.com\/?page_id=4478"},"modified":"2019-02-13T14:02:55","modified_gmt":"2019-02-13T13:02:55","slug":"derriere-le-rideau","status":"publish","type":"page","link":"https:\/\/james1840.com\/es\/derriere-le-rideau\/","title":{"rendered":"Tras Bambalinas"},"content":{"rendered":"<p>[vc_row row_content_width=\u00bbgrid\u00bb css=\u00bb.vc_custom_1521580820822{padding-top: 40px !important;padding-bottom: 50px !important;}\u00bb][vc_column offset=\u00bbvc_col-lg-4 vc_col-md-12 vc_col-xs-12&#8243;]<div class=\"edgtf-elements-holder   edgtf-one-column  edgtf-responsive-mode-768 \" ><div class=\"edgtf-eh-item    \"  data-item-class=\"edgtf-eh-custom-3550\" data-1024-1280=\"0 0 0 37px\" data-768-1024=\"0 0 30px 0\" data-680-768=\"0 0 30px 0\" data-680=\"0 0% 30px 0%\">\n\t<div class=\"edgtf-eh-item-inner\">\n\t\t<div class=\"edgtf-eh-item-content edgtf-eh-custom-3550\" style=\"padding: 0 0% 0 10%\">\n\t\t\t<div class=\"edgtf-section-title-holder  edgtf-st-standard edgtf-st-disable-title-break edgtf-st-position-left edgtf-appear-fx\" >\n\t\t<div class=\"edgtf-st-inner\">\n                    <div class=\"edgtf-st-title-holder\">\n                <h2 class=\"edgtf-st-title\" style=\"color: #202020\">\n                    EXCELENCIA,<br \/> CARACTER\u00cdSTICA DE SU IDENTIDAD                <\/h2>\n            <\/div>\n\t\t\t\t\t<\/div>\n    <\/div>\t\t<\/div>\n\t<\/div>\n<\/div><\/div>[\/vc_column][vc_column offset=\u00bbvc_col-lg-8 vc_col-md-12 vc_col-xs-12&#8243;]<div class=\"edgtf-elements-holder   edgtf-one-column  edgtf-responsive-mode-768 \" ><div class=\"edgtf-eh-item    \"  data-item-class=\"edgtf-eh-custom-6535\" data-768-1024=\"0 14% 0 0\" data-680-768=\"0 14% 0 0\" data-680=\"0 11% 0 0%\">\n\t<div class=\"edgtf-eh-item-inner\">\n\t\t<div class=\"edgtf-eh-item-content edgtf-eh-custom-6535\" style=\"padding: 0 11% 0 13%\">\n\t\t\t[vc_column_text]<\/p>\n<p class=\"p1\">L\u00edder franc\u00e9s en dise\u00f1o de interiores, James se ha embarcado en una ambiciosa expansi\u00f3n que permite la realizaci\u00f3n<span class=\"Apple-converted-space\">\u00a0 <\/span>de proyectos listos para uso.<\/p>\n<p class=\"p1\">Desde su creaci\u00f3n en 1840, James ha cultivado la excelencia, caracter\u00edstica de su identidad.<\/p>\n<p class=\"p1\">El compromiso, el orgullo de pertenencia de nuestros equipos y la cultura de la innovaci\u00f3n nos convierten en un actor clave en el sector, aclamado por los dise\u00f1adores de interiores y decoradores. nuestros logros demuestran La calidad del trabajo es resultado de la colaboraci\u00f3n con James 1840, el dise\u00f1o es la base utilizada como m\u00e9todo de percepci\u00f3n del proyecto, Orquestado por un servicio riguroso y la optimizaci\u00f3n de un conocimiento excepcional.<\/p>\n<p>[\/vc_column_text]\t\t<\/div>\n\t<\/div>\n<\/div><\/div>[\/vc_column][\/vc_row][vc_row parallax_background_image=\u00bb5048&#8243; el_id=\u00bbbanner-derriere\u00bb css=\u00bb.vc_custom_1521580936000{padding-bottom: 40px !important;}\u00bb][vc_column][vc_row_inner row_content_width=\u00bbgrid\u00bb css=\u00bb.vc_custom_1519764151834{padding-top: 150px !important;padding-bottom: 150px !important;}\u00bb][vc_column_inner][vc_column_text]<\/p>\n<h2 style=\"text-align: center;\"><span style=\"color: #ffffff;\">\u00abSERVICIO RIGUROSO Y OPTIMIZACI\u00d3N DE CONOCIMIENTOS EXCEPCIONALES\u00bb.<\/span><\/h2>\n<p>[\/vc_column_text][\/vc_column_inner][\/vc_row_inner][\/vc_column][\/vc_row][vc_row row_content_width=\u00bbgrid\u00bb css=\u00bb.vc_custom_1521505541072{padding-top: 30px !important;padding-bottom: 20px !important;}\u00bb][vc_column]<div class=\"edgtf-elements-holder   edgtf-two-columns  edgtf-responsive-mode-768 \" ><div class=\"edgtf-eh-item    \"  data-item-class=\"edgtf-eh-custom-8903\">\n\t<div class=\"edgtf-eh-item-inner\">\n\t\t<div class=\"edgtf-eh-item-content edgtf-eh-custom-8903\" style=\"padding: 30px 15% 29px 0%\">\n\t\t\t<div class=\"edgtf-image-gallery  edgtf-ig-carousel-type edgtf-large-space   edgtf-nav-position-outside\">\n\t<div class=\"edgtf-ig-slider edgtf-owl-slider\" data-number-of-items=\"1\" data-enable-loop=\"yes\" data-enable-autoplay=\"yes\" data-slider-speed=\"5000\" data-slider-speed-animation=\"600\" data-slider-padding=\"no\" data-enable-navigation=\"yes\" data-enable-pagination=\"no\">\n\t\t\t\t\t<div class=\"edgtf-ig-image\">\n\t\t\t\t\t\t\t\t\t<img src=\"https:\/\/james1840.com\/wp-content\/uploads\/2018\/03\/james1840_derriere_le_rideau_compagnons_de_devoir_01-400x400.jpg\" alt=\"\" width=\"400\" height=\"400\" \/>\t\t\t\t\t\t\t<\/div>\n\t\t\t\t\t<div class=\"edgtf-ig-image\">\n\t\t\t\t\t\t\t\t\t<img src=\"https:\/\/james1840.com\/wp-content\/uploads\/2018\/03\/james1840_derriere_le_rideau_compagnons_de_devoir_02-400x400.jpg\" alt=\"\" width=\"400\" height=\"400\" \/>\t\t\t\t\t\t\t<\/div>\n\t\t\t\t\t<div class=\"edgtf-ig-image\">\n\t\t\t\t\t\t\t\t\t<img src=\"https:\/\/james1840.com\/wp-content\/uploads\/2018\/03\/james1840_derriere_le_rideau_compagnons_de_devoir_03-400x400.jpg\" alt=\"\" width=\"400\" height=\"400\" \/>\t\t\t\t\t\t\t<\/div>\n\t\t\t\t\t<div class=\"edgtf-ig-image\">\n\t\t\t\t\t\t\t\t\t<img src=\"https:\/\/james1840.com\/wp-content\/uploads\/2018\/03\/james1840_derriere_le_rideau_compagnons_de_devoir_04-400x400.jpg\" alt=\"\" width=\"400\" height=\"400\" \/>\t\t\t\t\t\t\t<\/div>\n\t\t\t<\/div>\n<\/div>\t\t<\/div>\n\t<\/div>\n<\/div><div class=\"edgtf-eh-item    \"  data-item-class=\"edgtf-eh-custom-1293\" data-680-768=\"38px 10% 22px 0%\" data-680=\"0 14% 0 0%\">\n\t<div class=\"edgtf-eh-item-inner\">\n\t\t<div class=\"edgtf-eh-item-content edgtf-eh-custom-1293\" style=\"padding: 0 14% 0 7%\">\n\t\t\t<div class=\"edgtf-parallax-holder\" data-parallax=\"{&quot;y&quot;: 0, &quot;smoothness&quot;: 20}\"><div class=\"edgtf-section-title-holder  edgtf-st-standard  edgtf-st-position-left edgtf-appear-fx\" >\n\t\t<div class=\"edgtf-st-inner\">\n                    <div class=\"edgtf-st-title-holder\">\n                <h2 class=\"edgtf-st-title\" style=\"color: #202020\">\n                    LOS COMPA\u00d1EROS DE SERVICIO                <\/h2>\n            <\/div>\n\t\t\t\t            <div class=\"edgtf-st-text-holder\">\n    \t\t\t<h6 class=\"edgtf-st-text\" style=\"color: #202020\">\n    \t\t\t\tExperiencia, profesi\u00f3n, calidad, Experticia y precisi\u00f3n ...<br \/>\nEl leitmotiv de los hombres y mujeres de James    \t\t\t<\/h6>\n            <\/div>\n\t\t\t<\/div>\n    <\/div>[vc_empty_space height=\u00bb10px\u00bb][vc_column_text]<\/p>\n<div class=\"page\" data-page-number=\"11\" data-loaded=\"true\">\n<div class=\"textLayer\">\n<p class=\"p1\">Entre sus 100 empleados, James tiene en sus filas colaboradores que dedican sus vidas a su pasi\u00f3n y convierten su oficio en arte.<\/p>\n<p class=\"p1\">Esta cultura de trabajo bien desarrollado es transmitida por nuestros talladores de madera, pintores excepcionales, instaladores meticulosos, ensambladores de metal y especialistas en vidrio. Combinando t\u00e9cnicas ancestrales con equipos modernos, James 1840 ha logrado seducir a las mejores casas de lujo, a los arquitectos m\u00e1s renombrados y a muchas personalidades preocupadas por su anonimato.<\/p>\n<\/div>\n<\/div>\n<p>[\/vc_column_text]<\/div>\t\t<\/div>\n\t<\/div>\n<\/div><\/div>[\/vc_column][\/vc_row][vc_row row_content_width=\u00bbgrid\u00bb disable_background_image=\u00bb\u00bb simple_background_image=\u00bb50&#8243; css=\u00bb.vc_custom_1509719787347{padding-top: 100px !important;padding-bottom: 100px !important;}\u00bb][vc_column]<div class=\"edgtf-clients-carousel-holder edgtf-cc-hover-switch-images\">\n\t<div class=\"edgtf-cc-inner edgtf-owl-slider\" data-number-of-items=\"5\" data-enable-loop=\"yes\" data-enable-autoplay=\"yes\" data-slider-speed=\"5000\" data-slider-speed-animation=\"600\" data-enable-navigation=\"no\" data-enable-pagination=\"no\">\n\t\t<div class=\"edgtf-cc-item\">\n\t\t\t\t\t\t<img itemprop=\"image\" class=\"edgtf-cc-image\" src=\"https:\/\/james1840.com\/wp-content\/uploads\/2018\/03\/clients_james_logo_cartier_off.png\" alt=\"\" \/>\n\t\t\t\t\t\t\t<img itemprop=\"image\" class=\"edgtf-cc-hover-image\" src=\"https:\/\/james1840.com\/wp-content\/uploads\/2018\/03\/clients_james_logo_cartier.png\" alt=\"\" \/>\n\t\t\t<\/div><div class=\"edgtf-cc-item\">\n\t\t\t\t\t\t<img itemprop=\"image\" class=\"edgtf-cc-image\" src=\"https:\/\/james1840.com\/wp-content\/uploads\/2018\/03\/clients_james_logo_starck_off.png\" alt=\"\" \/>\n\t\t\t\t\t\t\t<img itemprop=\"image\" class=\"edgtf-cc-hover-image\" src=\"https:\/\/james1840.com\/wp-content\/uploads\/2018\/03\/clients_james_logo_starck.png\" alt=\"\" \/>\n\t\t\t<\/div><div class=\"edgtf-cc-item\">\n\t\t\t\t\t\t<img itemprop=\"image\" class=\"edgtf-cc-image\" src=\"https:\/\/james1840.com\/wp-content\/uploads\/2018\/03\/clients_james_logo_alberto_pinto_off.png\" alt=\"\" \/>\n\t\t\t\t\t\t\t<img itemprop=\"image\" class=\"edgtf-cc-hover-image\" src=\"https:\/\/james1840.com\/wp-content\/uploads\/2018\/03\/clients_james_logo_alberto_pinto.png\" alt=\"\" \/>\n\t\t\t<\/div><div class=\"edgtf-cc-item\">\n\t\t\t\t\t\t<img itemprop=\"image\" class=\"edgtf-cc-image\" src=\"https:\/\/james1840.com\/wp-content\/uploads\/2018\/03\/clients_james_logo_louis_vuitton_off.png\" alt=\"\" \/>\n\t\t\t\t\t\t\t<img itemprop=\"image\" class=\"edgtf-cc-hover-image\" src=\"https:\/\/james1840.com\/wp-content\/uploads\/2018\/03\/clients_james_logo_louis_vuitton.png\" alt=\"\" \/>\n\t\t\t<\/div><div class=\"edgtf-cc-item\">\n\t\t\t\t\t\t<img itemprop=\"image\" class=\"edgtf-cc-image\" src=\"https:\/\/james1840.com\/wp-content\/uploads\/2018\/03\/clients_james_logo_park_hyatt_off.png\" alt=\"\" \/>\n\t\t\t\t\t\t\t<img itemprop=\"image\" class=\"edgtf-cc-hover-image\" src=\"https:\/\/james1840.com\/wp-content\/uploads\/2018\/03\/clients_james_logo_park_hyatt.png\" alt=\"\" \/>\n\t\t\t<\/div><div class=\"edgtf-cc-item\">\n\t\t\t\t\t\t<img itemprop=\"image\" class=\"edgtf-cc-image\" src=\"https:\/\/james1840.com\/wp-content\/uploads\/2018\/03\/clients_james_logo_louvre_off.png\" alt=\"\" \/>\n\t\t\t\t\t\t\t<img itemprop=\"image\" class=\"edgtf-cc-hover-image\" src=\"https:\/\/james1840.com\/wp-content\/uploads\/2018\/03\/clients_james_logo_louvre.png\" alt=\"\" \/>\n\t\t\t<\/div><div class=\"edgtf-cc-item\">\n\t\t\t\t\t\t<img itemprop=\"image\" class=\"edgtf-cc-image\" src=\"https:\/\/james1840.com\/wp-content\/uploads\/2018\/03\/clients_james_logo_loreal_off.png\" alt=\"\" \/>\n\t\t\t\t\t\t\t<img itemprop=\"image\" class=\"edgtf-cc-hover-image\" src=\"https:\/\/james1840.com\/wp-content\/uploads\/2018\/03\/clients_james_logo_loreal.png\" alt=\"\" \/>\n\t\t\t<\/div><div class=\"edgtf-cc-item\">\n\t\t\t\t\t\t<img itemprop=\"image\" class=\"edgtf-cc-image\" src=\"https:\/\/james1840.com\/wp-content\/uploads\/2018\/03\/clients_james_logo_edf_off.png\" alt=\"\" \/>\n\t\t\t\t\t\t\t<img itemprop=\"image\" class=\"edgtf-cc-hover-image\" src=\"https:\/\/james1840.com\/wp-content\/uploads\/2018\/03\/clients_james_logo_edf.png\" alt=\"\" \/>\n\t\t\t<\/div><div class=\"edgtf-cc-item\">\n\t\t\t\t\t\t<img itemprop=\"image\" class=\"edgtf-cc-image\" src=\"https:\/\/james1840.com\/wp-content\/uploads\/2018\/03\/clients_james_logo_clarins_off.png\" alt=\"\" \/>\n\t\t\t\t\t\t\t<img itemprop=\"image\" class=\"edgtf-cc-hover-image\" src=\"https:\/\/james1840.com\/wp-content\/uploads\/2018\/03\/clients_james_logo_clarins.png\" alt=\"\" \/>\n\t\t\t<\/div><div class=\"edgtf-cc-item\">\n\t\t\t\t\t\t<img itemprop=\"image\" class=\"edgtf-cc-image\" src=\"https:\/\/james1840.com\/wp-content\/uploads\/2018\/03\/clients_james_logo_pullman_off.png\" alt=\"\" \/>\n\t\t\t\t\t\t\t<img itemprop=\"image\" class=\"edgtf-cc-hover-image\" src=\"https:\/\/james1840.com\/wp-content\/uploads\/2018\/03\/clients_james_logo_pullman.png\" alt=\"\" \/>\n\t\t\t<\/div><div class=\"edgtf-cc-item\">\n\t\t\t\t\t\t<img itemprop=\"image\" class=\"edgtf-cc-image\" src=\"https:\/\/james1840.com\/wp-content\/uploads\/2018\/03\/clients_james_logo_chaumet_off.png\" alt=\"\" \/>\n\t\t\t\t\t\t\t<img itemprop=\"image\" class=\"edgtf-cc-hover-image\" src=\"https:\/\/james1840.com\/wp-content\/uploads\/2018\/03\/clients_james_logo_chaumet.png\" alt=\"\" \/>\n\t\t\t<\/div><div class=\"edgtf-cc-item\">\n\t\t\t\t\t\t<img itemprop=\"image\" class=\"edgtf-cc-image\" src=\"https:\/\/james1840.com\/wp-content\/uploads\/2018\/03\/clients_james_logo_boucheron_off.png\" alt=\"\" \/>\n\t\t\t\t\t\t\t<img itemprop=\"image\" class=\"edgtf-cc-hover-image\" src=\"https:\/\/james1840.com\/wp-content\/uploads\/2018\/03\/clients_james_logo_boucheron.png\" alt=\"\" \/>\n\t\t\t<\/div><div class=\"edgtf-cc-item\">\n\t\t\t\t\t\t<img itemprop=\"image\" class=\"edgtf-cc-image\" src=\"https:\/\/james1840.com\/wp-content\/uploads\/2018\/03\/clients_james_logo_hotel_de_crillon_off.png\" alt=\"\" \/>\n\t\t\t\t\t\t\t<img itemprop=\"image\" class=\"edgtf-cc-hover-image\" src=\"https:\/\/james1840.com\/wp-content\/uploads\/2018\/03\/clients_james_logo_hotel_de_crillon.png\" alt=\"\" \/>\n\t\t\t<\/div><div class=\"edgtf-cc-item\">\n\t\t\t\t\t\t<img itemprop=\"image\" class=\"edgtf-cc-image\" src=\"https:\/\/james1840.com\/wp-content\/uploads\/2018\/03\/clients_james_logo_siemens_off.png\" alt=\"\" \/>\n\t\t\t\t\t\t\t<img itemprop=\"image\" class=\"edgtf-cc-hover-image\" src=\"https:\/\/james1840.com\/wp-content\/uploads\/2018\/03\/clients_james_logo_siemens.png\" alt=\"\" \/>\n\t\t\t<\/div><div class=\"edgtf-cc-item\">\n\t\t\t\t\t\t<img itemprop=\"image\" class=\"edgtf-cc-image\" src=\"https:\/\/james1840.com\/wp-content\/uploads\/2018\/03\/clients_james_logo_wilmotte_et_associes_off.png\" alt=\"\" \/>\n\t\t\t\t\t\t\t<img itemprop=\"image\" class=\"edgtf-cc-hover-image\" src=\"https:\/\/james1840.com\/wp-content\/uploads\/2018\/03\/clients_james_logo_wilmotte_et_associes.png\" alt=\"\" \/>\n\t\t\t<\/div>\t<\/div>\n<\/div>[\/vc_column][\/vc_row]<\/p>","protected":false},"excerpt":{"rendered":"<p>[vc_row row_content_width=\u00bbgrid\u00bb css=\u00bb.vc_custom_1521580820822{padding-top: 40px !important;padding-bottom: 50px !important;}\u00bb][vc_column offset=\u00bbvc_col-lg-4 vc_col-md-12 vc_col-xs-12&#8243;][\/vc_column][vc_column offset=\u00bbvc_col-lg-8 vc_col-md-12 vc_col-xs-12&#8243;][\/vc_column][\/vc_row][vc_row parallax_background_image=\u00bb5048&#8243; el_id=\u00bbbanner-derriere\u00bb css=\u00bb.vc_custom_1521580936000{padding-bottom: 40px !important;}\u00bb][vc_column][vc_row_inner row_content_width=\u00bbgrid\u00bb css=\u00bb.vc_custom_1519764151834{padding-top: 150px !important;padding-bottom: 150px !important;}\u00bb][vc_column_inner][vc_column_text] \u00abSERVICIO RIGUROSO Y OPTIMIZACI\u00d3N DE CONOCIMIENTOS EXCEPCIONALES\u00bb. [\/vc_column_text][\/vc_column_inner][\/vc_row_inner][\/vc_column][\/vc_row][vc_row row_content_width=\u00bbgrid\u00bb css=\u00bb.vc_custom_1521505541072{padding-top: 30px !important;padding-bottom: 20px !important;}\u00bb][vc_column][\/vc_column][\/vc_row][vc_row row_content_width=\u00bbgrid\u00bb disable_background_image=\u00bb\u00bb [&hellip;]<\/p>\n","protected":false},"author":1,"featured_media":0,"parent":0,"menu_order":0,"comment_status":"closed","ping_status":"closed","template":"full-width.php","meta":{"_mi_skip_tracking":false},"yst_prominent_words":[301,468,349,978,269,351,346,352,344],"_links":{"self":[{"href":"https:\/\/james1840.com\/es\/wp-json\/wp\/v2\/pages\/4478"}],"collection":[{"href":"https:\/\/james1840.com\/es\/wp-json\/wp\/v2\/pages"}],"about":[{"href":"https:\/\/james1840.com\/es\/wp-json\/wp\/v2\/types\/page"}],"author":[{"embeddable":true,"href":"https:\/\/james1840.com\/es\/wp-json\/wp\/v2\/users\/1"}],"replies":[{"embeddable":true,"href":"https:\/\/james1840.com\/es\/wp-json\/wp\/v2\/comments?post=4478"}],"version-history":[{"count":75,"href":"https:\/\/james1840.com\/es\/wp-json\/wp\/v2\/pages\/4478\/revisions"}],"predecessor-version":[{"id":5236,"href":"https:\/\/james1840.com\/es\/wp-json\/wp\/v2\/pages\/4478\/revisions\/5236"}],"wp:attachment":[{"href":"https:\/\/james1840.com\/es\/wp-json\/wp\/v2\/media?parent=4478"}],"wp:term":[{"taxonomy":"yst_prominent_words","embeddable":true,"href":"https:\/\/james1840.com\/es\/wp-json\/wp\/v2\/yst_prominent_words?post=4478"}],"curies":[{"name":"wp","href":"https:\/\/api.w.org\/{rel}","templated":true}]}}