{"id":1597,"date":"2017-11-17T14:51:55","date_gmt":"2017-11-17T13:51:55","guid":{"rendered":"http:\/\/aalto.edge-themes.com\/?page_id=1597"},"modified":"2018-03-13T16:43:00","modified_gmt":"2018-03-13T15:43:00","slug":"notre-offre","status":"publish","type":"page","link":"https:\/\/james1840.com\/es\/notre-offre\/","title":{"rendered":"Notre Offre"},"content":{"rendered":"<p>[vc_row][vc_column]<div class=\"edgtf-portfolio-fullscreen-slider-holder \" >\n\t<div class=\"edgtf-pfs-articles-holder\">\n\t\t                <div class=\"swiper-container\">\n                    <div class=\"swiper-wrapper\">\n                    \t<article class=\"edgtf-pfs-item swiper-slide\">\n\t<div class=\"edgtf-pfs-item-inner\">\n\n\t\t<div class=\"edgtf-pfs-order edgtf-pfs-item-table-cell\">\n\t\t\t1.\t\t<\/div>\n\t\t<div class=\"edgtf-pfs-title edgtf-pfs-item-table-cell\">\n\t\t\t\t<h4 itemprop=\"name\" class=\"edgtf-pli-title entry-title\" >\n\t\tGesti\u00f3n de proyectos\t<\/h4>\n\t\t<\/div>\n\t\t<!--<div class=\"edgtf-pfs-category edgtf-pfs-item-table-cell\">\n\t\t\t\t\t<\/div>-->\n\t<\/div>\n\t<a itemprop=\"url\" class=\"edgtf-pfs-link edgtf-block-drag-link\" href=\"#\" target=\"\"><\/a>\n<\/article><article class=\"edgtf-pfs-item swiper-slide\">\n\t<div class=\"edgtf-pfs-item-inner\">\n\n\t\t<div class=\"edgtf-pfs-order edgtf-pfs-item-table-cell\">\n\t\t\t2.\t\t<\/div>\n\t\t<div class=\"edgtf-pfs-title edgtf-pfs-item-table-cell\">\n\t\t\t\t<h4 itemprop=\"name\" class=\"edgtf-pli-title entry-title\" >\n\t\tPlaneaci\u00f3n\t<\/h4>\n\t\t<\/div>\n\t\t<!--<div class=\"edgtf-pfs-category edgtf-pfs-item-table-cell\">\n\t\t\t\t\t<\/div>-->\n\t<\/div>\n\t<a itemprop=\"url\" class=\"edgtf-pfs-link edgtf-block-drag-link\" href=\"#\" target=\"\"><\/a>\n<\/article><article class=\"edgtf-pfs-item swiper-slide\">\n\t<div class=\"edgtf-pfs-item-inner\">\n\n\t\t<div class=\"edgtf-pfs-order edgtf-pfs-item-table-cell\">\n\t\t\t3.\t\t<\/div>\n\t\t<div class=\"edgtf-pfs-title edgtf-pfs-item-table-cell\">\n\t\t\t\t<h4 itemprop=\"name\" class=\"edgtf-pli-title entry-title\" >\n\t\tEstudio financiero del proyecto\t<\/h4>\n\t\t<\/div>\n\t\t<!--<div class=\"edgtf-pfs-category edgtf-pfs-item-table-cell\">\n\t\t\t\t\t<\/div>-->\n\t<\/div>\n\t<a itemprop=\"url\" class=\"edgtf-pfs-link edgtf-block-drag-link\" href=\"#\" target=\"\"><\/a>\n<\/article><article class=\"edgtf-pfs-item swiper-slide\">\n\t<div class=\"edgtf-pfs-item-inner\">\n\n\t\t<div class=\"edgtf-pfs-order edgtf-pfs-item-table-cell\">\n\t\t\t4.\t\t<\/div>\n\t\t<div class=\"edgtf-pfs-title edgtf-pfs-item-table-cell\">\n\t\t\t\t<h4 itemprop=\"name\" class=\"edgtf-pli-title entry-title\" >\n\t\tFilosof\u00eda de dise\u00f1o\t<\/h4>\n\t\t<\/div>\n\t\t<!--<div class=\"edgtf-pfs-category edgtf-pfs-item-table-cell\">\n\t\t\t\t\t<\/div>-->\n\t<\/div>\n\t<a itemprop=\"url\" class=\"edgtf-pfs-link edgtf-block-drag-link\" href=\"#\" target=\"\"><\/a>\n<\/article>\t\t\t\t\t<\/div>\n\t\t\t\t<\/div>\n\t\t\t\t<\/div>\n\t<div class=\"edgtf-pfs-image-holder\">\n\t\t<div class=\"edgtf-pfs-image-holder-item\" style=\"background-image: url(https:\/\/james1840.com\/wp-content\/uploads\/2018\/03\/james1840_notre_offre_06.jpg)\">\n\t<div class=\"edgtf-pfs-text-holder\">\n\t\t<div class=\"edgtf-pfs-text-holder-inner\">\n        \t<div class=\"contenidoslide\">\n\n\n                <h2>qui\u00e9n mejor que James para convertir tu visi\u00f3n en un trabajo excepcional?<\/h2>\n                   \n                <p class=\"edgtf-pfs-item-desc\">Cu\u00e9ntanos sobre tus requerimientos y tus necesidades.\r\nUno de nuestros gerentes de proyecto ser\u00e1 su acompa\u00f1ante exclusivo.\r\nGracias a  un cat\u00e1logo de arquitectos, \u00e9l lo acompa\u00f1ar\u00e1 en una investigaci\u00f3n exhaustiva sobre la elecci\u00f3n del estilo, dise\u00f1o y materiales.\r\nTambi\u00e9n propondr\u00e1 un estudio de viabilidad financiera para controlar y optimizar su presupuesto.\r\nUsted podr\u00e1 monitorear la evoluci\u00f3n de su proyecto de principio a fin en total tranquilidad.\r\nJuntos, hagamos que la excelencia  de su proyecto sea una realidad.<\/p>\n                \n                <a itemprop=\"url\" href=\"https:\/\/james1840.com\/contact\" target=\"_self\" style=\"text-transform: capitalize\" class=\"edgtf-btn edgtf-btn-large edgtf-btn-simple edgtf-btn-with-arrow\"  >            <span class=\"edgtf-btn-text\">Cont\u00e1ctenos<\/span>            <span class=\"edgtf-btn-arrow\">            <svg version=\"1.1\" id=\"btn-arrow-2036954003\" xmlns=\"http:\/\/www.w3.org\/2000\/svg\" xmlns:xlink=\"http:\/\/www.w3.org\/1999\/xlink\" x=\"0px\" y=\"0px\"                 width=\"18px\" height=\"4px\" viewBox=\"0 0 18 4\" enable-background=\"new 0 0 18 4\" xml:space=\"preserve\">            \t<polyline fill=\"none\" stroke=\"#323232\" stroke-miterlimit=\"10\" points=\"0,3.508 16.809,3.508 13.686,0.342 \"\/>            <\/svg>        <\/span>    <\/a>            <\/div>\n\t\t<\/div>\n\t<\/div>\n<\/div><div class=\"edgtf-pfs-image-holder-item\" style=\"background-image: url(https:\/\/james1840.com\/wp-content\/uploads\/2018\/03\/james1840_notre_offre_07.jpg)\">\n\t<div class=\"edgtf-pfs-text-holder\">\n\t\t<div class=\"edgtf-pfs-text-holder-inner\">\n        \t<div class=\"contenidoslide\">\n\n\n                <h2>Imaginaci\u00f3n ilimitada y conocimiento incomparable!<\/h2>\n                   \n                <p class=\"edgtf-pfs-item-desc\">Al principio, solamente existe una visi\u00f3n conceptual de su espacio ... Solo hay un sue\u00f1o.\r\nLuego viene el acompa\u00f1amiento de James 1840 con su b\u00fasqueda constante de excelencia y la alta tecnicidad de sus conocimientos.\r\nLa vasta experiencia y el dominio total de los materiales nobles como la madera, el vidrio y el acero, concretar\u00e1n su visi\u00f3n.\r\nEl sue\u00f1o se convierte en un trabajo excepcional.<\/p>\n                \n                <a itemprop=\"url\" href=\"https:\/\/james1840.com\/contact\" target=\"_self\" style=\"text-transform: capitalize\" class=\"edgtf-btn edgtf-btn-large edgtf-btn-simple edgtf-btn-with-arrow\"  >            <span class=\"edgtf-btn-text\">Cont\u00e1ctenos<\/span>            <span class=\"edgtf-btn-arrow\">            <svg version=\"1.1\" id=\"btn-arrow-1091118011\" xmlns=\"http:\/\/www.w3.org\/2000\/svg\" xmlns:xlink=\"http:\/\/www.w3.org\/1999\/xlink\" x=\"0px\" y=\"0px\"                 width=\"18px\" height=\"4px\" viewBox=\"0 0 18 4\" enable-background=\"new 0 0 18 4\" xml:space=\"preserve\">            \t<polyline fill=\"none\" stroke=\"#323232\" stroke-miterlimit=\"10\" points=\"0,3.508 16.809,3.508 13.686,0.342 \"\/>            <\/svg>        <\/span>    <\/a>            <\/div>\n\t\t<\/div>\n\t<\/div>\n<\/div><div class=\"edgtf-pfs-image-holder-item\" style=\"background-image: url(https:\/\/james1840.com\/wp-content\/uploads\/2018\/03\/james1840_notre_offre_05.jpg)\">\n\t<div class=\"edgtf-pfs-text-holder\">\n\t\t<div class=\"edgtf-pfs-text-holder-inner\">\n        \t<div class=\"contenidoslide\">\n\n\n                <h2>Un proyecto bien dirigido es un proyecto financieramente controlado!<\/h2>\n                   \n                <p class=\"edgtf-pfs-item-desc\">Nuestro equipo de economistas, hombres y mujeres profesionales, se encargan de establecer un estudio detallado del presupuesto de su proyecto.\r\nEsto permite combinar econom\u00eda, est\u00e9tica, garant\u00edas y calidad. Nuestro estudio de desarrollo analiza la viabilidad y las implicaciones econ\u00f3micas de las elecciones del dise\u00f1o, la mano de obra desplegada y  los honorarios de las consultoras, el precio de los equipos y materiales.\r\nLa excelencia radica en el control del presupuesto.<\/p>\n                \n                <a itemprop=\"url\" href=\"https:\/\/james1840.com\/contact\" target=\"_self\" style=\"text-transform: capitalize\" class=\"edgtf-btn edgtf-btn-large edgtf-btn-simple edgtf-btn-with-arrow\"  >            <span class=\"edgtf-btn-text\">Cont\u00e1ctenos<\/span>            <span class=\"edgtf-btn-arrow\">            <svg version=\"1.1\" id=\"btn-arrow-1743725355\" xmlns=\"http:\/\/www.w3.org\/2000\/svg\" xmlns:xlink=\"http:\/\/www.w3.org\/1999\/xlink\" x=\"0px\" y=\"0px\"                 width=\"18px\" height=\"4px\" viewBox=\"0 0 18 4\" enable-background=\"new 0 0 18 4\" xml:space=\"preserve\">            \t<polyline fill=\"none\" stroke=\"#323232\" stroke-miterlimit=\"10\" points=\"0,3.508 16.809,3.508 13.686,0.342 \"\/>            <\/svg>        <\/span>    <\/a>            <\/div>\n\t\t<\/div>\n\t<\/div>\n<\/div><div class=\"edgtf-pfs-image-holder-item\" style=\"background-image: url(https:\/\/james1840.com\/wp-content\/uploads\/2018\/03\/james1840_notre_offre_02.jpg)\">\n\t<div class=\"edgtf-pfs-text-holder\">\n\t\t<div class=\"edgtf-pfs-text-holder-inner\">\n        \t<div class=\"contenidoslide\">\n\n\n                <h2>el dise\u00f1o \u2026  nuestra filosofia!<\/h2>\n                   \n                <p class=\"edgtf-pfs-item-desc\">El amor por la diversidad de estilos y la pluralidad de la belleza est\u00e1n anclados en el alma de James 1840.\r\nLos apasionados equipos de la casa James ponen en obra toda su creatividad y conocimientos para que lo inexistente se vuelva real.\r\nPara ofrecerle una amplia variedad de estilos y dise\u00f1os, nuestros equipos cuentan con los mejores arquitectos y dise\u00f1adores.\r\nJames 1840 translada tus ideas mucho m\u00e1s all\u00e1 de lo que piensas.<\/p>\n                \n                <a itemprop=\"url\" href=\"https:\/\/james1840.com\/contact\" target=\"_self\" style=\"text-transform: capitalize\" class=\"edgtf-btn edgtf-btn-large edgtf-btn-simple edgtf-btn-with-arrow\"  >            <span class=\"edgtf-btn-text\">Cont\u00e1ctenos<\/span>            <span class=\"edgtf-btn-arrow\">            <svg version=\"1.1\" id=\"btn-arrow-1288650589\" xmlns=\"http:\/\/www.w3.org\/2000\/svg\" xmlns:xlink=\"http:\/\/www.w3.org\/1999\/xlink\" x=\"0px\" y=\"0px\"                 width=\"18px\" height=\"4px\" viewBox=\"0 0 18 4\" enable-background=\"new 0 0 18 4\" xml:space=\"preserve\">            \t<polyline fill=\"none\" stroke=\"#323232\" stroke-miterlimit=\"10\" points=\"0,3.508 16.809,3.508 13.686,0.342 \"\/>            <\/svg>        <\/span>    <\/a>            <\/div>\n\t\t<\/div>\n\t<\/div>\n<\/div>\t<\/div>\n<\/div>[\/vc_column][\/vc_row]<\/p>\n","protected":false},"excerpt":{"rendered":"<p>[vc_row][vc_column][\/vc_column][\/vc_row]<\/p>\n","protected":false},"author":1,"featured_media":0,"parent":0,"menu_order":0,"comment_status":"closed","ping_status":"closed","template":"full-width.php","meta":{"_mi_skip_tracking":false},"yst_prominent_words":[301,546,545,321,434,420,302,544,320,489,269,262,353,381,421,542,261,383,346,543],"_links":{"self":[{"href":"https:\/\/james1840.com\/es\/wp-json\/wp\/v2\/pages\/1597"}],"collection":[{"href":"https:\/\/james1840.com\/es\/wp-json\/wp\/v2\/pages"}],"about":[{"href":"https:\/\/james1840.com\/es\/wp-json\/wp\/v2\/types\/page"}],"author":[{"embeddable":true,"href":"https:\/\/james1840.com\/es\/wp-json\/wp\/v2\/users\/1"}],"replies":[{"embeddable":true,"href":"https:\/\/james1840.com\/es\/wp-json\/wp\/v2\/comments?post=1597"}],"version-history":[{"count":16,"href":"https:\/\/james1840.com\/es\/wp-json\/wp\/v2\/pages\/1597\/revisions"}],"predecessor-version":[{"id":4878,"href":"https:\/\/james1840.com\/es\/wp-json\/wp\/v2\/pages\/1597\/revisions\/4878"}],"wp:attachment":[{"href":"https:\/\/james1840.com\/es\/wp-json\/wp\/v2\/media?parent=1597"}],"wp:term":[{"taxonomy":"yst_prominent_words","embeddable":true,"href":"https:\/\/james1840.com\/es\/wp-json\/wp\/v2\/yst_prominent_words?post=1597"}],"curies":[{"name":"wp","href":"https:\/\/api.w.org\/{rel}","templated":true}]}}