{"id":4478,"date":"2018-02-27T21:27:46","date_gmt":"2018-02-27T20:27:46","guid":{"rendered":"http:\/\/james1840.com\/?page_id=4478"},"modified":"2019-02-13T14:02:55","modified_gmt":"2019-02-13T13:02:55","slug":"derriere-le-rideau","status":"publish","type":"page","link":"http:\/\/james1840.com\/fr\/derriere-le-rideau\/","title":{"rendered":"Derrie\u0300re le Rideau"},"content":{"rendered":"<p>[vc_row row_content_width=\u00a0\u00bbgrid\u00a0\u00bb css=\u00a0\u00bb.vc_custom_1521580820822{padding-top: 40px !important;padding-bottom: 50px !important;}\u00a0\u00bb][vc_column offset=\u00a0\u00bbvc_col-lg-4 vc_col-md-12 vc_col-xs-12&Prime;]<div class=\"edgtf-elements-holder   edgtf-one-column  edgtf-responsive-mode-768 \" ><div class=\"edgtf-eh-item    \"  data-item-class=\"edgtf-eh-custom-8584\" data-1024-1280=\"0 0 0 37px\" data-768-1024=\"0 0 30px 0\" data-680-768=\"0 0 30px 0\" data-680=\"0 0% 30px 0%\">\n\t<div class=\"edgtf-eh-item-inner\">\n\t\t<div class=\"edgtf-eh-item-content edgtf-eh-custom-8584\" style=\"padding: 0 0% 0 10%\">\n\t\t\t<div class=\"edgtf-section-title-holder  edgtf-st-standard edgtf-st-disable-title-break edgtf-st-position-left edgtf-appear-fx\" >\n\t\t<div class=\"edgtf-st-inner\">\n                    <div class=\"edgtf-st-title-holder\">\n                <h2 class=\"edgtf-st-title\" style=\"color: #202020\">\n                    L'EXCELLENCE,<br \/> CARACTERISTIQUE DE SON IDENTIT\u00c9.                <\/h2>\n            <\/div>\n\t\t\t\t\t<\/div>\n    <\/div>\t\t<\/div>\n\t<\/div>\n<\/div><\/div>[\/vc_column][vc_column offset=\u00a0\u00bbvc_col-lg-8 vc_col-md-12 vc_col-xs-12&Prime;]<div class=\"edgtf-elements-holder   edgtf-one-column  edgtf-responsive-mode-768 \" ><div class=\"edgtf-eh-item    \"  data-item-class=\"edgtf-eh-custom-6003\" data-768-1024=\"0 14% 0 0\" data-680-768=\"0 14% 0 0\" data-680=\"0 11% 0 0%\">\n\t<div class=\"edgtf-eh-item-inner\">\n\t\t<div class=\"edgtf-eh-item-content edgtf-eh-custom-6003\" style=\"padding: 0 11% 0 13%\">\n\t\t\t[vc_column_text]<\/p>\n<p class=\"p1\"><span class=\"s1\">Leader fran\u00e7ais de l\u2019agencement d\u2019int\u00e9rieur, James s\u2019est inscrit dans une ambitieuse expansion qui autorise la r\u00e9solution de projets cl\u00e9s en main.<\/span><\/p>\n<p class=\"p1\"><span class=\"s1\">Depuis sa cr\u00e9ation en 1840, James cultive l\u2019excellence, caract\u00e9ristique de son identit\u00e9.<\/span><\/p>\n<p class=\"p1\"><span class=\"s1\">L\u2019engagement, la fiert\u00e9 d\u2019appartenance de nos<span class=\"Apple-converted-space\">\u00a0<\/span>\u00e9quipes et la culture de l\u2019innovation<span class=\"Apple-converted-space\">\u00a0<\/span>nous d\u00e9signent comme un acteur incontournable du secteur,<span class=\"Apple-converted-space\">\u00a0pl\u00e9biscit\u00e9\u00a0<\/span>par les architectes d\u2019int\u00e9rieur et les d\u00e9corateurs. Leurs r\u00e9alisations t\u00e9moignent de la qualit\u00e9 de leur collaboration avec James fond\u00e9e sur le Design utilis\u00e9 comme m\u00e9thode d\u2019appr\u00e9hension du projet, un service rigoureux, et l\u2019optimisation d&rsquo;un savoir-faire d\u2019exception.<\/span><\/p>\n<p>[\/vc_column_text]\t\t<\/div>\n\t<\/div>\n<\/div><\/div>[\/vc_column][\/vc_row][vc_row parallax_background_image=\u00a0\u00bb5048&Prime; el_id=\u00a0\u00bbbanner-derriere\u00a0\u00bb css=\u00a0\u00bb.vc_custom_1521580936000{padding-bottom: 40px !important;}\u00a0\u00bb][vc_column][vc_row_inner row_content_width=\u00a0\u00bbgrid\u00a0\u00bb css=\u00a0\u00bb.vc_custom_1519764151834{padding-top: 150px !important;padding-bottom: 150px !important;}\u00a0\u00bb][vc_column_inner][vc_column_text]<\/p>\n<h2 style=\"text-align: center;\"><span style=\"color: #ffffff;\">\u00ab\u00a0UN SERVICE RIGOUREUX, ET L&rsquo;OPTIMISATION D&rsquo;UN SAVOIR-FAIRE D&rsquo;EXCEPTION\u00a0\u00bb.<\/span><\/h2>\n<p>[\/vc_column_text][\/vc_column_inner][\/vc_row_inner][\/vc_column][\/vc_row][vc_row row_content_width=\u00a0\u00bbgrid\u00a0\u00bb css=\u00a0\u00bb.vc_custom_1521505541072{padding-top: 30px !important;padding-bottom: 20px !important;}\u00a0\u00bb][vc_column]<div class=\"edgtf-elements-holder   edgtf-two-columns  edgtf-responsive-mode-768 \" ><div class=\"edgtf-eh-item    \"  data-item-class=\"edgtf-eh-custom-4859\">\n\t<div class=\"edgtf-eh-item-inner\">\n\t\t<div class=\"edgtf-eh-item-content edgtf-eh-custom-4859\" style=\"padding: 30px 15% 29px 0%\">\n\t\t\t<div class=\"edgtf-image-gallery  edgtf-ig-carousel-type edgtf-large-space   edgtf-nav-position-outside\">\n\t<div class=\"edgtf-ig-slider edgtf-owl-slider\" data-number-of-items=\"1\" data-enable-loop=\"yes\" data-enable-autoplay=\"yes\" data-slider-speed=\"5000\" data-slider-speed-animation=\"600\" data-slider-padding=\"no\" data-enable-navigation=\"yes\" data-enable-pagination=\"no\">\n\t\t\t\t\t<div class=\"edgtf-ig-image\">\n\t\t\t\t\t\t\t\t\t<img src=\"http:\/\/james1840.com\/wp-content\/uploads\/2018\/03\/james1840_derriere_le_rideau_compagnons_de_devoir_01-400x400.jpg\" alt=\"\" width=\"400\" height=\"400\" \/>\t\t\t\t\t\t\t<\/div>\n\t\t\t\t\t<div class=\"edgtf-ig-image\">\n\t\t\t\t\t\t\t\t\t<img src=\"http:\/\/james1840.com\/wp-content\/uploads\/2018\/03\/james1840_derriere_le_rideau_compagnons_de_devoir_02-400x400.jpg\" alt=\"\" width=\"400\" height=\"400\" \/>\t\t\t\t\t\t\t<\/div>\n\t\t\t\t\t<div class=\"edgtf-ig-image\">\n\t\t\t\t\t\t\t\t\t<img src=\"http:\/\/james1840.com\/wp-content\/uploads\/2018\/03\/james1840_derriere_le_rideau_compagnons_de_devoir_03-400x400.jpg\" alt=\"\" width=\"400\" height=\"400\" \/>\t\t\t\t\t\t\t<\/div>\n\t\t\t\t\t<div class=\"edgtf-ig-image\">\n\t\t\t\t\t\t\t\t\t<img src=\"http:\/\/james1840.com\/wp-content\/uploads\/2018\/03\/james1840_derriere_le_rideau_compagnons_de_devoir_04-400x400.jpg\" alt=\"\" width=\"400\" height=\"400\" \/>\t\t\t\t\t\t\t<\/div>\n\t\t\t<\/div>\n<\/div>\t\t<\/div>\n\t<\/div>\n<\/div><div class=\"edgtf-eh-item    \"  data-item-class=\"edgtf-eh-custom-6281\" data-680-768=\"38px 10% 22px 0%\" data-680=\"0 14% 0 0%\">\n\t<div class=\"edgtf-eh-item-inner\">\n\t\t<div class=\"edgtf-eh-item-content edgtf-eh-custom-6281\" style=\"padding: 0 14% 0 7%\">\n\t\t\t<div class=\"edgtf-parallax-holder\" data-parallax=\"{&quot;y&quot;: 0, &quot;smoothness&quot;: 20}\"><div class=\"edgtf-section-title-holder  edgtf-st-standard  edgtf-st-position-left edgtf-appear-fx\" >\n\t\t<div class=\"edgtf-st-inner\">\n                    <div class=\"edgtf-st-title-holder\">\n                <h2 class=\"edgtf-st-title\" style=\"color: #202020\">\n                    LES COMPAGNONS DU DEVOIR                <\/h2>\n            <\/div>\n\t\t\t\t            <div class=\"edgtf-st-text-holder\">\n    \t\t\t<h6 class=\"edgtf-st-text\" style=\"color: #202020\">\n    \t\t\t\tExp\u00e9rience, m\u00e9tier, qualit\u00e9, savoir-faire et pr\u00e9cision...<br \/>\nLe leitmotiv des hommes et des femmes de James.    \t\t\t<\/h6>\n            <\/div>\n\t\t\t<\/div>\n    <\/div>[vc_empty_space height=\u00a0\u00bb10px\u00a0\u00bb][vc_column_text]<\/p>\n<div class=\"page\" data-loaded=\"true\" data-page-number=\"11\">\n<div class=\"textLayer\">\n<p class=\"p1\"><span class=\"s1\">Parmi ces 100 employ\u00e9s, James compte dans ses rangs des compagnons du devoir qui consacrent leur vie \u00e0 leur passion et transforment leur m\u00e9tier en art.<\/span><\/p>\n<p class=\"p1\"><span class=\"s1\">Cette culture du travail bien fait est transmise\u00a0et v\u00e9hicul\u00e9e par nos sculpteurs sur bois, vernisseurs d\u2019exception, poseurs de pr\u00e9cision, assembleurs de m\u00e9taux et sp\u00e9cialistes du verre. Associant des techniques ancestrales \u00e0 un \u00e9quipement moderne, James 1840 \u00e0 r\u00e9ussi \u00e0 s\u00e9duire les plus grandes maisons du luxe, les architectes les plus renomm\u00e9s et de nombreuses personnalit\u00e9s soucieuses de leur anonymat.<\/span><\/p>\n<\/div>\n<\/div>\n<p>[\/vc_column_text]<\/div>\t\t<\/div>\n\t<\/div>\n<\/div><\/div>[\/vc_column][\/vc_row][vc_row row_content_width=\u00a0\u00bbgrid\u00a0\u00bb disable_background_image=\u00a0\u00bb\u00a0\u00bb simple_background_image=\u00a0\u00bb50&Prime; css=\u00a0\u00bb.vc_custom_1509719787347{padding-top: 100px !important;padding-bottom: 100px !important;}\u00a0\u00bb][vc_column]<div class=\"edgtf-clients-carousel-holder edgtf-cc-hover-switch-images\">\n\t<div class=\"edgtf-cc-inner edgtf-owl-slider\" data-number-of-items=\"5\" data-enable-loop=\"yes\" data-enable-autoplay=\"yes\" data-slider-speed=\"5000\" data-slider-speed-animation=\"600\" data-enable-navigation=\"no\" data-enable-pagination=\"no\">\n\t\t<div class=\"edgtf-cc-item\">\n\t\t\t\t\t\t<img itemprop=\"image\" class=\"edgtf-cc-image\" src=\"http:\/\/james1840.com\/wp-content\/uploads\/2018\/03\/clients_james_logo_cartier_off.png\" alt=\"\" \/>\n\t\t\t\t\t\t\t<img itemprop=\"image\" class=\"edgtf-cc-hover-image\" src=\"http:\/\/james1840.com\/wp-content\/uploads\/2018\/03\/clients_james_logo_cartier.png\" alt=\"\" \/>\n\t\t\t<\/div><div class=\"edgtf-cc-item\">\n\t\t\t\t\t\t<img itemprop=\"image\" class=\"edgtf-cc-image\" src=\"http:\/\/james1840.com\/wp-content\/uploads\/2018\/03\/clients_james_logo_starck_off.png\" alt=\"\" \/>\n\t\t\t\t\t\t\t<img itemprop=\"image\" class=\"edgtf-cc-hover-image\" src=\"http:\/\/james1840.com\/wp-content\/uploads\/2018\/03\/clients_james_logo_starck.png\" alt=\"\" \/>\n\t\t\t<\/div><div class=\"edgtf-cc-item\">\n\t\t\t\t\t\t<img itemprop=\"image\" class=\"edgtf-cc-image\" src=\"http:\/\/james1840.com\/wp-content\/uploads\/2018\/03\/clients_james_logo_alberto_pinto_off.png\" alt=\"\" \/>\n\t\t\t\t\t\t\t<img itemprop=\"image\" class=\"edgtf-cc-hover-image\" src=\"http:\/\/james1840.com\/wp-content\/uploads\/2018\/03\/clients_james_logo_alberto_pinto.png\" alt=\"\" \/>\n\t\t\t<\/div><div class=\"edgtf-cc-item\">\n\t\t\t\t\t\t<img itemprop=\"image\" class=\"edgtf-cc-image\" src=\"http:\/\/james1840.com\/wp-content\/uploads\/2018\/03\/clients_james_logo_louis_vuitton_off.png\" alt=\"\" \/>\n\t\t\t\t\t\t\t<img itemprop=\"image\" class=\"edgtf-cc-hover-image\" src=\"http:\/\/james1840.com\/wp-content\/uploads\/2018\/03\/clients_james_logo_louis_vuitton.png\" alt=\"\" \/>\n\t\t\t<\/div><div class=\"edgtf-cc-item\">\n\t\t\t\t\t\t<img itemprop=\"image\" class=\"edgtf-cc-image\" src=\"http:\/\/james1840.com\/wp-content\/uploads\/2018\/03\/clients_james_logo_park_hyatt_off.png\" alt=\"\" \/>\n\t\t\t\t\t\t\t<img itemprop=\"image\" class=\"edgtf-cc-hover-image\" src=\"http:\/\/james1840.com\/wp-content\/uploads\/2018\/03\/clients_james_logo_park_hyatt.png\" alt=\"\" \/>\n\t\t\t<\/div><div class=\"edgtf-cc-item\">\n\t\t\t\t\t\t<img itemprop=\"image\" class=\"edgtf-cc-image\" src=\"http:\/\/james1840.com\/wp-content\/uploads\/2018\/03\/clients_james_logo_louvre_off.png\" alt=\"\" \/>\n\t\t\t\t\t\t\t<img itemprop=\"image\" class=\"edgtf-cc-hover-image\" src=\"http:\/\/james1840.com\/wp-content\/uploads\/2018\/03\/clients_james_logo_louvre.png\" alt=\"\" \/>\n\t\t\t<\/div><div class=\"edgtf-cc-item\">\n\t\t\t\t\t\t<img itemprop=\"image\" class=\"edgtf-cc-image\" src=\"http:\/\/james1840.com\/wp-content\/uploads\/2018\/03\/clients_james_logo_loreal_off.png\" alt=\"\" \/>\n\t\t\t\t\t\t\t<img itemprop=\"image\" class=\"edgtf-cc-hover-image\" src=\"http:\/\/james1840.com\/wp-content\/uploads\/2018\/03\/clients_james_logo_loreal.png\" alt=\"\" \/>\n\t\t\t<\/div><div class=\"edgtf-cc-item\">\n\t\t\t\t\t\t<img itemprop=\"image\" class=\"edgtf-cc-image\" src=\"http:\/\/james1840.com\/wp-content\/uploads\/2018\/03\/clients_james_logo_edf_off.png\" alt=\"\" \/>\n\t\t\t\t\t\t\t<img itemprop=\"image\" class=\"edgtf-cc-hover-image\" src=\"http:\/\/james1840.com\/wp-content\/uploads\/2018\/03\/clients_james_logo_edf.png\" alt=\"\" \/>\n\t\t\t<\/div><div class=\"edgtf-cc-item\">\n\t\t\t\t\t\t<img itemprop=\"image\" class=\"edgtf-cc-image\" src=\"http:\/\/james1840.com\/wp-content\/uploads\/2018\/03\/clients_james_logo_clarins_off.png\" alt=\"\" \/>\n\t\t\t\t\t\t\t<img itemprop=\"image\" class=\"edgtf-cc-hover-image\" src=\"http:\/\/james1840.com\/wp-content\/uploads\/2018\/03\/clients_james_logo_clarins.png\" alt=\"\" \/>\n\t\t\t<\/div><div class=\"edgtf-cc-item\">\n\t\t\t\t\t\t<img itemprop=\"image\" class=\"edgtf-cc-image\" src=\"http:\/\/james1840.com\/wp-content\/uploads\/2018\/03\/clients_james_logo_pullman_off.png\" alt=\"\" \/>\n\t\t\t\t\t\t\t<img itemprop=\"image\" class=\"edgtf-cc-hover-image\" src=\"http:\/\/james1840.com\/wp-content\/uploads\/2018\/03\/clients_james_logo_pullman.png\" alt=\"\" \/>\n\t\t\t<\/div><div class=\"edgtf-cc-item\">\n\t\t\t\t\t\t<img itemprop=\"image\" class=\"edgtf-cc-image\" src=\"http:\/\/james1840.com\/wp-content\/uploads\/2018\/03\/clients_james_logo_chaumet_off.png\" alt=\"\" \/>\n\t\t\t\t\t\t\t<img itemprop=\"image\" class=\"edgtf-cc-hover-image\" src=\"http:\/\/james1840.com\/wp-content\/uploads\/2018\/03\/clients_james_logo_chaumet.png\" alt=\"\" \/>\n\t\t\t<\/div><div class=\"edgtf-cc-item\">\n\t\t\t\t\t\t<img itemprop=\"image\" class=\"edgtf-cc-image\" src=\"http:\/\/james1840.com\/wp-content\/uploads\/2018\/03\/clients_james_logo_boucheron_off.png\" alt=\"\" \/>\n\t\t\t\t\t\t\t<img itemprop=\"image\" class=\"edgtf-cc-hover-image\" src=\"http:\/\/james1840.com\/wp-content\/uploads\/2018\/03\/clients_james_logo_boucheron.png\" alt=\"\" \/>\n\t\t\t<\/div><div class=\"edgtf-cc-item\">\n\t\t\t\t\t\t<img itemprop=\"image\" class=\"edgtf-cc-image\" src=\"http:\/\/james1840.com\/wp-content\/uploads\/2018\/03\/clients_james_logo_hotel_de_crillon_off.png\" alt=\"\" \/>\n\t\t\t\t\t\t\t<img itemprop=\"image\" class=\"edgtf-cc-hover-image\" src=\"http:\/\/james1840.com\/wp-content\/uploads\/2018\/03\/clients_james_logo_hotel_de_crillon.png\" alt=\"\" \/>\n\t\t\t<\/div><div class=\"edgtf-cc-item\">\n\t\t\t\t\t\t<img itemprop=\"image\" class=\"edgtf-cc-image\" src=\"http:\/\/james1840.com\/wp-content\/uploads\/2018\/03\/clients_james_logo_siemens_off.png\" alt=\"\" \/>\n\t\t\t\t\t\t\t<img itemprop=\"image\" class=\"edgtf-cc-hover-image\" src=\"http:\/\/james1840.com\/wp-content\/uploads\/2018\/03\/clients_james_logo_siemens.png\" alt=\"\" \/>\n\t\t\t<\/div><div class=\"edgtf-cc-item\">\n\t\t\t\t\t\t<img itemprop=\"image\" class=\"edgtf-cc-image\" src=\"http:\/\/james1840.com\/wp-content\/uploads\/2018\/03\/clients_james_logo_wilmotte_et_associes_off.png\" alt=\"\" \/>\n\t\t\t\t\t\t\t<img itemprop=\"image\" class=\"edgtf-cc-hover-image\" src=\"http:\/\/james1840.com\/wp-content\/uploads\/2018\/03\/clients_james_logo_wilmotte_et_associes.png\" alt=\"\" \/>\n\t\t\t<\/div>\t<\/div>\n<\/div>[\/vc_column][\/vc_row]<\/p>","protected":false},"excerpt":{"rendered":"<p>[vc_row row_content_width=\u00a0\u00bbgrid\u00a0\u00bb css=\u00a0\u00bb.vc_custom_1521580820822{padding-top: 40px !important;padding-bottom: 50px !important;}\u00a0\u00bb][vc_column offset=\u00a0\u00bbvc_col-lg-4 vc_col-md-12 vc_col-xs-12&Prime;][\/vc_column][vc_column offset=\u00a0\u00bbvc_col-lg-8 vc_col-md-12 vc_col-xs-12&Prime;][\/vc_column][\/vc_row][vc_row parallax_background_image=\u00a0\u00bb5048&Prime; el_id=\u00a0\u00bbbanner-derriere\u00a0\u00bb css=\u00a0\u00bb.vc_custom_1521580936000{padding-bottom: 40px !important;}\u00a0\u00bb][vc_column][vc_row_inner row_content_width=\u00a0\u00bbgrid\u00a0\u00bb css=\u00a0\u00bb.vc_custom_1519764151834{padding-top: 150px !important;padding-bottom: 150px !important;}\u00a0\u00bb][vc_column_inner][vc_column_text] \u00ab\u00a0UN SERVICE RIGOUREUX, ET L&rsquo;OPTIMISATION D&rsquo;UN SAVOIR-FAIRE D&rsquo;EXCEPTION\u00a0\u00bb. [\/vc_column_text][\/vc_column_inner][\/vc_row_inner][\/vc_column][\/vc_row][vc_row row_content_width=\u00a0\u00bbgrid\u00a0\u00bb css=\u00a0\u00bb.vc_custom_1521505541072{padding-top: 30px !important;padding-bottom: 20px !important;}\u00a0\u00bb][vc_column][\/vc_column][\/vc_row][vc_row row_content_width=\u00a0\u00bbgrid\u00a0\u00bb [&hellip;]<\/p>\n","protected":false},"author":1,"featured_media":0,"parent":0,"menu_order":0,"comment_status":"closed","ping_status":"closed","template":"full-width.php","meta":{"_mi_skip_tracking":false},"yst_prominent_words":[301,468,349,978,269,351,346,352,344],"_links":{"self":[{"href":"http:\/\/james1840.com\/fr\/wp-json\/wp\/v2\/pages\/4478"}],"collection":[{"href":"http:\/\/james1840.com\/fr\/wp-json\/wp\/v2\/pages"}],"about":[{"href":"http:\/\/james1840.com\/fr\/wp-json\/wp\/v2\/types\/page"}],"author":[{"embeddable":true,"href":"http:\/\/james1840.com\/fr\/wp-json\/wp\/v2\/users\/1"}],"replies":[{"embeddable":true,"href":"http:\/\/james1840.com\/fr\/wp-json\/wp\/v2\/comments?post=4478"}],"version-history":[{"count":75,"href":"http:\/\/james1840.com\/fr\/wp-json\/wp\/v2\/pages\/4478\/revisions"}],"predecessor-version":[{"id":5236,"href":"http:\/\/james1840.com\/fr\/wp-json\/wp\/v2\/pages\/4478\/revisions\/5236"}],"wp:attachment":[{"href":"http:\/\/james1840.com\/fr\/wp-json\/wp\/v2\/media?parent=4478"}],"wp:term":[{"taxonomy":"yst_prominent_words","embeddable":true,"href":"http:\/\/james1840.com\/fr\/wp-json\/wp\/v2\/yst_prominent_words?post=4478"}],"curies":[{"name":"wp","href":"https:\/\/api.w.org\/{rel}","templated":true}]}}