{"id":1597,"date":"2017-11-17T14:51:55","date_gmt":"2017-11-17T13:51:55","guid":{"rendered":"http:\/\/aalto.edge-themes.com\/?page_id=1597"},"modified":"2018-03-13T16:43:00","modified_gmt":"2018-03-13T15:43:00","slug":"notre-offre","status":"publish","type":"page","link":"http:\/\/james1840.com\/fr\/notre-offre\/","title":{"rendered":"Notre Offre"},"content":{"rendered":"<p>[vc_row][vc_column]<div class=\"edgtf-portfolio-fullscreen-slider-holder \" >\n\t<div class=\"edgtf-pfs-articles-holder\">\n\t\t                <div class=\"swiper-container\">\n                    <div class=\"swiper-wrapper\">\n                    \t<article class=\"edgtf-pfs-item swiper-slide\">\n\t<div class=\"edgtf-pfs-item-inner\">\n\n\t\t<div class=\"edgtf-pfs-order edgtf-pfs-item-table-cell\">\n\t\t\t1.\t\t<\/div>\n\t\t<div class=\"edgtf-pfs-title edgtf-pfs-item-table-cell\">\n\t\t\t\t<h4 itemprop=\"name\" class=\"edgtf-pli-title entry-title\" >\n\t\tGestion de projet\t<\/h4>\n\t\t<\/div>\n\t\t<!--<div class=\"edgtf-pfs-category edgtf-pfs-item-table-cell\">\n\t\t\t\t\t<\/div>-->\n\t<\/div>\n\t<a itemprop=\"url\" class=\"edgtf-pfs-link edgtf-block-drag-link\" href=\"#\" target=\"\"><\/a>\n<\/article><article class=\"edgtf-pfs-item swiper-slide\">\n\t<div class=\"edgtf-pfs-item-inner\">\n\n\t\t<div class=\"edgtf-pfs-order edgtf-pfs-item-table-cell\">\n\t\t\t2.\t\t<\/div>\n\t\t<div class=\"edgtf-pfs-title edgtf-pfs-item-table-cell\">\n\t\t\t\t<h4 itemprop=\"name\" class=\"edgtf-pli-title entry-title\" >\n\t\tAgencement\t<\/h4>\n\t\t<\/div>\n\t\t<!--<div class=\"edgtf-pfs-category edgtf-pfs-item-table-cell\">\n\t\t\t\t\t<\/div>-->\n\t<\/div>\n\t<a itemprop=\"url\" class=\"edgtf-pfs-link edgtf-block-drag-link\" href=\"#\" target=\"\"><\/a>\n<\/article><article class=\"edgtf-pfs-item swiper-slide\">\n\t<div class=\"edgtf-pfs-item-inner\">\n\n\t\t<div class=\"edgtf-pfs-order edgtf-pfs-item-table-cell\">\n\t\t\t3.\t\t<\/div>\n\t\t<div class=\"edgtf-pfs-title edgtf-pfs-item-table-cell\">\n\t\t\t\t<h4 itemprop=\"name\" class=\"edgtf-pli-title entry-title\" >\n\t\tEtude financi\u00e8re du projet\t<\/h4>\n\t\t<\/div>\n\t\t<!--<div class=\"edgtf-pfs-category edgtf-pfs-item-table-cell\">\n\t\t\t\t\t<\/div>-->\n\t<\/div>\n\t<a itemprop=\"url\" class=\"edgtf-pfs-link edgtf-block-drag-link\" href=\"#\" target=\"\"><\/a>\n<\/article><article class=\"edgtf-pfs-item swiper-slide\">\n\t<div class=\"edgtf-pfs-item-inner\">\n\n\t\t<div class=\"edgtf-pfs-order edgtf-pfs-item-table-cell\">\n\t\t\t4.\t\t<\/div>\n\t\t<div class=\"edgtf-pfs-title edgtf-pfs-item-table-cell\">\n\t\t\t\t<h4 itemprop=\"name\" class=\"edgtf-pli-title entry-title\" >\n\t\tPhilosophie du design\t<\/h4>\n\t\t<\/div>\n\t\t<!--<div class=\"edgtf-pfs-category edgtf-pfs-item-table-cell\">\n\t\t\t\t\t<\/div>-->\n\t<\/div>\n\t<a itemprop=\"url\" class=\"edgtf-pfs-link edgtf-block-drag-link\" href=\"#\" target=\"\"><\/a>\n<\/article>\t\t\t\t\t<\/div>\n\t\t\t\t<\/div>\n\t\t\t\t<\/div>\n\t<div class=\"edgtf-pfs-image-holder\">\n\t\t<div class=\"edgtf-pfs-image-holder-item\" style=\"background-image: url(http:\/\/james1840.com\/wp-content\/uploads\/2018\/03\/james1840_notre_offre_06.jpg)\">\n\t<div class=\"edgtf-pfs-text-holder\">\n\t\t<div class=\"edgtf-pfs-text-holder-inner\">\n        \t<div class=\"contenidoslide\">\n\n\n                <h2>Qui mieux que James pour transformer votre vision en un ouvrage d\u2019exception?<\/h2>\n                   \n                <p class=\"edgtf-pfs-item-desc\">Faites-nous part de vos exigences et de vos n\u00e9cessit\u00e9s. \r\nUn de nos chefs de projet sera votre interlocuteur unique. \r\nGr\u00e2ce \u00e0 un catalogue d'architectes, il vous accompagnera dans une recherche approfondie sur le choix du style, du design et des mat\u00e9riaux.\r\nIl vous proposera \u00e9galement une \u00e9tude de faisabilit\u00e9 financi\u00e8re pour ma\u00eetriser et optimiser votre budget. \r\nAu final vous pourrez suivre l'\u00e9volution de votre chantier en toute tranquillit\u00e9 jusqu\u2019\u00e0 la livraison de votre bien cl\u00e9s en main.\r\nEnsemble, faisons que l\u2019excellence de votre projet soit une r\u00e9alit\u00e9.<\/p>\n                \n                <a itemprop=\"url\" href=\"http:\/\/james1840.com\/contact\" target=\"_self\" style=\"text-transform: capitalize\" class=\"edgtf-btn edgtf-btn-large edgtf-btn-simple edgtf-btn-with-arrow\"  >            <span class=\"edgtf-btn-text\">Contactez-nous<\/span>            <span class=\"edgtf-btn-arrow\">            <svg version=\"1.1\" id=\"btn-arrow-970652870\" xmlns=\"http:\/\/www.w3.org\/2000\/svg\" xmlns:xlink=\"http:\/\/www.w3.org\/1999\/xlink\" x=\"0px\" y=\"0px\"                 width=\"18px\" height=\"4px\" viewBox=\"0 0 18 4\" enable-background=\"new 0 0 18 4\" xml:space=\"preserve\">            \t<polyline fill=\"none\" stroke=\"#323232\" stroke-miterlimit=\"10\" points=\"0,3.508 16.809,3.508 13.686,0.342 \"\/>            <\/svg>        <\/span>    <\/a>            <\/div>\n\t\t<\/div>\n\t<\/div>\n<\/div><div class=\"edgtf-pfs-image-holder-item\" style=\"background-image: url(http:\/\/james1840.com\/wp-content\/uploads\/2018\/03\/james1840_notre_offre_07.jpg)\">\n\t<div class=\"edgtf-pfs-text-holder\">\n\t\t<div class=\"edgtf-pfs-text-holder-inner\">\n        \t<div class=\"contenidoslide\">\n\n\n                <h2>Une imagination sans limite et un savoir-faire \u00e0 toute \u00e9preuve!<\/h2>\n                   \n                <p class=\"edgtf-pfs-item-desc\">Au commencement, il y a la vision intimiste de votre espace\u2026 Il n'y a qu'un r\u00eave.\r\nPuis viennent les compagnons de James 1840 avec leur recherche constante de l\u2019excellence et la haute technicit\u00e9 de leur savoir-faire.\r\nDe par leur grande exp\u00e9rience et leur ma\u00eetrise totale des mat\u00e9riaux nobles tels que le bois, le verre et l'acier, ils concr\u00e9tiseront votre vision.\r\nLe r\u00eave devient un ouvrage d\u2019exception.<\/p>\n                \n                <a itemprop=\"url\" href=\"http:\/\/james1840.com\/contact\" target=\"_self\" style=\"text-transform: capitalize\" class=\"edgtf-btn edgtf-btn-large edgtf-btn-simple edgtf-btn-with-arrow\"  >            <span class=\"edgtf-btn-text\">Contactez-nous<\/span>            <span class=\"edgtf-btn-arrow\">            <svg version=\"1.1\" id=\"btn-arrow-1014642586\" xmlns=\"http:\/\/www.w3.org\/2000\/svg\" xmlns:xlink=\"http:\/\/www.w3.org\/1999\/xlink\" x=\"0px\" y=\"0px\"                 width=\"18px\" height=\"4px\" viewBox=\"0 0 18 4\" enable-background=\"new 0 0 18 4\" xml:space=\"preserve\">            \t<polyline fill=\"none\" stroke=\"#323232\" stroke-miterlimit=\"10\" points=\"0,3.508 16.809,3.508 13.686,0.342 \"\/>            <\/svg>        <\/span>    <\/a>            <\/div>\n\t\t<\/div>\n\t<\/div>\n<\/div><div class=\"edgtf-pfs-image-holder-item\" style=\"background-image: url(http:\/\/james1840.com\/wp-content\/uploads\/2018\/03\/james1840_notre_offre_05.jpg)\">\n\t<div class=\"edgtf-pfs-text-holder\">\n\t\t<div class=\"edgtf-pfs-text-holder-inner\">\n        \t<div class=\"contenidoslide\">\n\n\n                <h2>Un projet bien men\u00e9 est un projet financi\u00e8rement ma\u00eetris\u00e9!<\/h2>\n                   \n                <p class=\"edgtf-pfs-item-desc\">Notre \u00e9quipe d\u2019\u00e9conomistes, tous hommes et femmes de m\u00e9tier, se charge d\u2019\u00e9tablir une \u00e9tude budg\u00e9taire approfondie de votre projet.\r\nCela permet d\u2019allier \u00e9conomie, esth\u00e9tique, garanties et qualit\u00e9. Notre \u00e9tude de faisabilit\u00e9 analyse la viabilit\u00e9 et les implications \u00e9conomiques issues des choix du design, des honoraires du bureau d\u2019\u00e9tudes, de la main-d\u2019\u0153uvre d\u00e9ploy\u00e9e et du prix des \u00e9quipements et des mat\u00e9riaux.\r\nLe prix de l'excellence, c'est la ma\u00eetrise du budget.<\/p>\n                \n                <a itemprop=\"url\" href=\"http:\/\/james1840.com\/contact\" target=\"_self\" style=\"text-transform: capitalize\" class=\"edgtf-btn edgtf-btn-large edgtf-btn-simple edgtf-btn-with-arrow\"  >            <span class=\"edgtf-btn-text\">Contactez-nous<\/span>            <span class=\"edgtf-btn-arrow\">            <svg version=\"1.1\" id=\"btn-arrow-1007172385\" xmlns=\"http:\/\/www.w3.org\/2000\/svg\" xmlns:xlink=\"http:\/\/www.w3.org\/1999\/xlink\" x=\"0px\" y=\"0px\"                 width=\"18px\" height=\"4px\" viewBox=\"0 0 18 4\" enable-background=\"new 0 0 18 4\" xml:space=\"preserve\">            \t<polyline fill=\"none\" stroke=\"#323232\" stroke-miterlimit=\"10\" points=\"0,3.508 16.809,3.508 13.686,0.342 \"\/>            <\/svg>        <\/span>    <\/a>            <\/div>\n\t\t<\/div>\n\t<\/div>\n<\/div><div class=\"edgtf-pfs-image-holder-item\" style=\"background-image: url(http:\/\/james1840.com\/wp-content\/uploads\/2018\/03\/james1840_notre_offre_02.jpg)\">\n\t<div class=\"edgtf-pfs-text-holder\">\n\t\t<div class=\"edgtf-pfs-text-holder-inner\">\n        \t<div class=\"contenidoslide\">\n\n\n                <h2>Le design\u2026 Notre philosophie!<\/h2>\n                   \n                <p class=\"edgtf-pfs-item-desc\">L\u2019amour de la diversit\u00e9 des styles et de la pluralit\u00e9 du beau est ancr\u00e9 dans l\u2019\u00e2me de James 1840.\r\nLes \u00e9quipes passionn\u00e9es de la maison James mettent en \u0153uvre tout leur art et leur savoir-faire pour que l\u2019imaginaire devienne r\u00e9el. \r\nPour vous offrir un vaste choix de style et de design, nos \u00e9quipes s\u2019appuient sur les plus grands architectes et designers.\r\nJames 1840 habille vos id\u00e9es bien au-del\u00e0 de ce que vous pensez.<\/p>\n                \n                <a itemprop=\"url\" href=\"http:\/\/james1840.com\/contact\" target=\"_self\" style=\"text-transform: capitalize\" class=\"edgtf-btn edgtf-btn-large edgtf-btn-simple edgtf-btn-with-arrow\"  >            <span class=\"edgtf-btn-text\">Contactez-nous<\/span>            <span class=\"edgtf-btn-arrow\">            <svg version=\"1.1\" id=\"btn-arrow-259738044\" xmlns=\"http:\/\/www.w3.org\/2000\/svg\" xmlns:xlink=\"http:\/\/www.w3.org\/1999\/xlink\" x=\"0px\" y=\"0px\"                 width=\"18px\" height=\"4px\" viewBox=\"0 0 18 4\" enable-background=\"new 0 0 18 4\" xml:space=\"preserve\">            \t<polyline fill=\"none\" stroke=\"#323232\" stroke-miterlimit=\"10\" points=\"0,3.508 16.809,3.508 13.686,0.342 \"\/>            <\/svg>        <\/span>    <\/a>            <\/div>\n\t\t<\/div>\n\t<\/div>\n<\/div>\t<\/div>\n<\/div>[\/vc_column][\/vc_row]<\/p>\n","protected":false},"excerpt":{"rendered":"<p>[vc_row][vc_column][\/vc_column][\/vc_row]<\/p>\n","protected":false},"author":1,"featured_media":0,"parent":0,"menu_order":0,"comment_status":"closed","ping_status":"closed","template":"full-width.php","meta":{"_mi_skip_tracking":false},"yst_prominent_words":[301,546,545,321,434,420,302,544,320,489,269,262,353,381,421,542,261,383,346,543],"_links":{"self":[{"href":"http:\/\/james1840.com\/fr\/wp-json\/wp\/v2\/pages\/1597"}],"collection":[{"href":"http:\/\/james1840.com\/fr\/wp-json\/wp\/v2\/pages"}],"about":[{"href":"http:\/\/james1840.com\/fr\/wp-json\/wp\/v2\/types\/page"}],"author":[{"embeddable":true,"href":"http:\/\/james1840.com\/fr\/wp-json\/wp\/v2\/users\/1"}],"replies":[{"embeddable":true,"href":"http:\/\/james1840.com\/fr\/wp-json\/wp\/v2\/comments?post=1597"}],"version-history":[{"count":16,"href":"http:\/\/james1840.com\/fr\/wp-json\/wp\/v2\/pages\/1597\/revisions"}],"predecessor-version":[{"id":4878,"href":"http:\/\/james1840.com\/fr\/wp-json\/wp\/v2\/pages\/1597\/revisions\/4878"}],"wp:attachment":[{"href":"http:\/\/james1840.com\/fr\/wp-json\/wp\/v2\/media?parent=1597"}],"wp:term":[{"taxonomy":"yst_prominent_words","embeddable":true,"href":"http:\/\/james1840.com\/fr\/wp-json\/wp\/v2\/yst_prominent_words?post=1597"}],"curies":[{"name":"wp","href":"https:\/\/api.w.org\/{rel}","templated":true}]}}