{"id":1079,"date":"2017-11-08T15:42:59","date_gmt":"2017-11-08T14:42:59","guid":{"rendered":"http:\/\/aalto.edge-themes.com\/?page_id=1079"},"modified":"2019-10-30T13:01:29","modified_gmt":"2019-10-30T12:01:29","slug":"la-tres-belle-histoire","status":"publish","type":"page","link":"http:\/\/james1840.com\/fr\/la-tres-belle-histoire\/","title":{"rendered":"La tr\u00e8s belle histoire"},"content":{"rendered":"<p>[vc_row row_content_width=\u00a0\u00bbgrid\u00a0\u00bb css=\u00a0\u00bb.vc_custom_1521505812882{padding-top: 0px !important;padding-bottom: 0px !important;}\u00a0\u00bb][vc_column]<div class=\"edgtf-elements-holder   edgtf-two-columns  edgtf-responsive-mode-768 \" ><div class=\"edgtf-eh-item    \"  data-item-class=\"edgtf-eh-custom-6666\" data-680-768=\"30px 8% 30px 3%\">\n\t<div class=\"edgtf-eh-item-inner\">\n\t\t<div class=\"edgtf-eh-item-content edgtf-eh-custom-6666\" style=\"padding: 30px 8% 0 8%\">\n\t\t\t<div class=\"edgtf-single-image-holder   \">\n    <div class=\"edgtf-si-inner\" >\n                                    <img src=\"http:\/\/james1840.com\/wp-content\/uploads\/2018\/03\/timeline_1840_creation_james-533x413.jpg\" alt=\"\" width=\"533\" height=\"413\" \/>                        <\/div>\n<\/div>\t\t<\/div>\n\t<\/div>\n<\/div><div class=\"edgtf-eh-item    \"  data-item-class=\"edgtf-eh-custom-5435\" data-1024-1280=\"0 22% 0 0%\" data-768-1024=\"0 5% 0 8%\" data-680-768=\"0 19% 0 4%\" data-680=\"45px 10% 0 8%\">\n\t<div class=\"edgtf-eh-item-inner\">\n\t\t<div class=\"edgtf-eh-item-content edgtf-eh-custom-5435\" style=\"padding: 0 19% 0 8%\">\n\t\t\t<div class=\"edgtf-section-title-holder  edgtf-st-standard  edgtf-st-position-left edgtf-appear-fx\" style=\"text-align: left\">\n\t\t<div class=\"edgtf-st-inner\">\n                    <div class=\"edgtf-st-title-holder\">\n                <h2 class=\"edgtf-st-title\" style=\"color: #202020\">\n                    1840 - CR\u00c9ATION DE L\u2019ATELIER PAR C\u00c9LESTIN JAMES                <\/h2>\n            <\/div>\n\t\t\t\t            <div class=\"edgtf-st-text-holder\">\n    \t\t\t<p class=\"edgtf-st-text\" style=\"color: #202020\">\n    \t\t\t\tUne famille d\u2019artisans, amoureux du bois et d\u2019un m\u00e9tier : l\u2019\u00e9b\u00e9nisterie\u2026 C\u2019est ainsi qu'en 1840, l\u2019histoire de la maison James commence.<br \/>\nDepuis cette date, plusieurs g\u00e9n\u00e9rations se sont succ\u00e9d\u00e9es, faisant vivre ce petit atelier situ\u00e9 dans un village normand proche de la baie du Mont-Saint-Michel.    \t\t\t<\/p>\n            <\/div>\n\t\t\t<\/div>\n    <\/div>\t\t<\/div>\n\t<\/div>\n<\/div><\/div>[\/vc_column][\/vc_row][vc_row row_content_width=\u00a0\u00bbgrid\u00a0\u00bb css=\u00a0\u00bb.vc_custom_1521505854866{padding-top: 50px !important;padding-bottom: 50px !important;}\u00a0\u00bb][vc_column]<div class=\"edgtf-elements-holder   edgtf-two-columns  edgtf-responsive-mode-768 \" ><div class=\"edgtf-eh-item    \"  data-item-class=\"edgtf-eh-custom-9284\" data-1024-1280=\"0 8% 0 15%\" data-768-1024=\"0 8% 0px 5%\" data-680-768=\"0 8% 35px 14%\" data-680=\"0 8% 45px 10%\">\n\t<div class=\"edgtf-eh-item-inner\">\n\t\t<div class=\"edgtf-eh-item-content edgtf-eh-custom-9284\" style=\"padding: 0 8% 0 21%\">\n\t\t\t<div class=\"edgtf-section-title-holder  edgtf-st-standard  edgtf-st-position-left edgtf-appear-fx\" style=\"text-align: right\">\n\t\t<div class=\"edgtf-st-inner\">\n                    <div class=\"edgtf-st-title-holder\">\n                <h2 class=\"edgtf-st-title\" style=\"color: #202020\">\n                    1955 - L'ARTISANAT LOCAL                <\/h2>\n            <\/div>\n\t\t\t\t            <div class=\"edgtf-st-text-holder\">\n    \t\t\t<p class=\"edgtf-st-text\" style=\"color: #202020\">\n    \t\t\t\tDans la continuit\u00e9 de son p\u00e8re Paul, Roger James poursuit l'activit\u00e9 locale de son petit atelier de campagne. Il r\u00e9pond aux besoins des \u00e9tapes de la vie du village et fournit par exemple aussi bien les berceaux qu'un service de pompes fun\u00e8bres.    \t\t\t<\/p>\n            <\/div>\n\t\t\t<\/div>\n    <\/div>\t\t<\/div>\n\t<\/div>\n<\/div><div class=\"edgtf-eh-item    \"  data-item-class=\"edgtf-eh-custom-3294\" data-1024-1280=\"0 15% 0 0%\" data-680-768=\"0 8% 0 3%\">\n\t<div class=\"edgtf-eh-item-inner\">\n\t\t<div class=\"edgtf-eh-item-content edgtf-eh-custom-3294\" style=\"padding: 0 8% 0 8%\">\n\t\t\t<div class=\"edgtf-single-image-holder   \">\n    <div class=\"edgtf-si-inner\" >\n                                    <img src=\"http:\/\/james1840.com\/wp-content\/uploads\/2018\/03\/nouvel_atelier_peu_de_temps_apres_reprise_par_remi_preview-533x413.jpeg\" alt=\"\" width=\"533\" height=\"413\" \/>                        <\/div>\n<\/div>\t\t<\/div>\n\t<\/div>\n<\/div><\/div>[\/vc_column][\/vc_row][vc_row row_content_width=\u00a0\u00bbgrid\u00a0\u00bb css=\u00a0\u00bb.vc_custom_1521505812882{padding-top: 0px !important;padding-bottom: 0px !important;}\u00a0\u00bb][vc_column]<div class=\"edgtf-elements-holder   edgtf-two-columns  edgtf-responsive-mode-768 \" ><div class=\"edgtf-eh-item    \"  data-item-class=\"edgtf-eh-custom-3931\" data-680-768=\"30px 8% 30px 3%\">\n\t<div class=\"edgtf-eh-item-inner\">\n\t\t<div class=\"edgtf-eh-item-content edgtf-eh-custom-3931\" style=\"padding: 30px 8% 0 8%\">\n\t\t\t<div class=\"edgtf-single-image-holder   \">\n    <div class=\"edgtf-si-inner\" >\n                                    <img src=\"http:\/\/james1840.com\/wp-content\/uploads\/2018\/03\/timeline_1840_creation_james-533x413.jpg\" alt=\"\" width=\"533\" height=\"413\" \/>                        <\/div>\n<\/div>\t\t<\/div>\n\t<\/div>\n<\/div><div class=\"edgtf-eh-item    \"  data-item-class=\"edgtf-eh-custom-8392\" data-1024-1280=\"0 22% 0 0%\" data-768-1024=\"0 5% 0 8%\" data-680-768=\"0 19% 0 4%\" data-680=\"45px 10% 0 8%\">\n\t<div class=\"edgtf-eh-item-inner\">\n\t\t<div class=\"edgtf-eh-item-content edgtf-eh-custom-8392\" style=\"padding: 0 19% 0 8%\">\n\t\t\t<div class=\"edgtf-section-title-holder  edgtf-st-standard  edgtf-st-position-left edgtf-appear-fx\" style=\"text-align: left\">\n\t\t<div class=\"edgtf-st-inner\">\n                    <div class=\"edgtf-st-title-holder\">\n                <h2 class=\"edgtf-st-title\" style=\"color: #202020\">\n                    1970 - Le d\u00e9but de la diversification                <\/h2>\n            <\/div>\n\t\t\t\t            <div class=\"edgtf-st-text-holder\">\n    \t\t\t<p class=\"edgtf-st-text\" style=\"color: #202020\">\n    \t\t\t\tEn suppl\u00e9ment de l'activit\u00e9 traditionnelle de l'atelier, les ann\u00e9es 70 marquent le d\u00e9but de la diversification de l'activit\u00e9. L'atelier se dirige de plus en plus vers une offre de menuiserie ainsi qu'une sp\u00e9cialisation sur la copie de meubles anciens de style normand.    \t\t\t<\/p>\n            <\/div>\n\t\t\t<\/div>\n    <\/div>\t\t<\/div>\n\t<\/div>\n<\/div><\/div>[\/vc_column][\/vc_row][vc_row row_content_width=\u00a0\u00bbgrid\u00a0\u00bb css=\u00a0\u00bb.vc_custom_1521505854866{padding-top: 50px !important;padding-bottom: 50px !important;}\u00a0\u00bb][vc_column]<div class=\"edgtf-elements-holder   edgtf-two-columns  edgtf-responsive-mode-768 \" ><div class=\"edgtf-eh-item    \"  data-item-class=\"edgtf-eh-custom-5095\" data-1024-1280=\"0 8% 0 15%\" data-768-1024=\"0 8% 0px 5%\" data-680-768=\"0 8% 35px 14%\" data-680=\"0 8% 45px 10%\">\n\t<div class=\"edgtf-eh-item-inner\">\n\t\t<div class=\"edgtf-eh-item-content edgtf-eh-custom-5095\" style=\"padding: 0 8% 0 21%\">\n\t\t\t<div class=\"edgtf-section-title-holder  edgtf-st-standard  edgtf-st-position-left edgtf-appear-fx\" style=\"text-align: right\">\n\t\t<div class=\"edgtf-st-inner\">\n                    <div class=\"edgtf-st-title-holder\">\n                <h2 class=\"edgtf-st-title\" style=\"color: #202020\">\n                    1983 - REPRISE DE L\u2019ATELIER PAR R\u00c9MI JAMES                <\/h2>\n            <\/div>\n\t\t\t\t            <div class=\"edgtf-st-text-holder\">\n    \t\t\t<p class=\"edgtf-st-text\" style=\"color: #202020\">\n    \t\t\t\tR\u00e9mi James, cinqui\u00e8me g\u00e9n\u00e9ration de James, a \u00e9t\u00e9 l\u2019acteur principal du d\u00e9veloppement de ce petit atelier. A son arriv\u00e9e \u00e0 la t\u00eate de l'entreprise, l'atelier ne comptait que trois personnes et fabriquait essentiellement des copies de mobilier ancien.<br \/>\nTr\u00e8s vite, R\u00e9mi James, va faire entrer l'entreprise dans une nouvelle \u00e8re tout en faisant le choix de rester dans un environnement rural afin de pr\u00e9server le savoir-faire et la comp\u00e9tence des hommes.    \t\t\t<\/p>\n            <\/div>\n\t\t\t<\/div>\n    <\/div>\t\t<\/div>\n\t<\/div>\n<\/div><div class=\"edgtf-eh-item    \"  data-item-class=\"edgtf-eh-custom-5993\" data-1024-1280=\"0 15% 0 0%\" data-680-768=\"0 8% 0 3%\">\n\t<div class=\"edgtf-eh-item-inner\">\n\t\t<div class=\"edgtf-eh-item-content edgtf-eh-custom-5993\" style=\"padding: 0 8% 0 8%\">\n\t\t\t<div class=\"edgtf-single-image-holder   \">\n    <div class=\"edgtf-si-inner\" >\n                                    <img src=\"http:\/\/james1840.com\/wp-content\/uploads\/2018\/03\/nouvel_atelier_peu_de_temps_apres_reprise_par_remi_preview-533x413.jpeg\" alt=\"\" width=\"533\" height=\"413\" \/>                        <\/div>\n<\/div>\t\t<\/div>\n\t<\/div>\n<\/div><\/div>[\/vc_column][\/vc_row][vc_row row_content_width=\u00a0\u00bbgrid\u00a0\u00bb css=\u00a0\u00bb.vc_custom_1521505863740{padding-top: 0px !important;padding-bottom: 50px !important;}\u00a0\u00bb][vc_column]<div class=\"edgtf-elements-holder   edgtf-two-columns  edgtf-responsive-mode-768 \" ><div class=\"edgtf-eh-item    \"  data-item-class=\"edgtf-eh-custom-4731\" data-680-768=\"30px 8% 30px 3%\">\n\t<div class=\"edgtf-eh-item-inner\">\n\t\t<div class=\"edgtf-eh-item-content edgtf-eh-custom-4731\" style=\"padding: 0 8% 0 8%\">\n\t\t\t<div class=\"edgtf-single-image-holder   \">\n    <div class=\"edgtf-si-inner\" >\n                                    <img src=\"http:\/\/james1840.com\/wp-content\/uploads\/2018\/03\/fabrication_mobilier_contemporaine-533x413.jpeg\" alt=\"\" width=\"533\" height=\"413\" \/>                        <\/div>\n<\/div>\t\t<\/div>\n\t<\/div>\n<\/div><div class=\"edgtf-eh-item    \"  data-item-class=\"edgtf-eh-custom-2482\" data-1024-1280=\"0 22% 0 0%\" data-768-1024=\"0 5% 0 8%\" data-680-768=\"0 19% 0 4%\" data-680=\"45px 10% 0 8%\">\n\t<div class=\"edgtf-eh-item-inner\">\n\t\t<div class=\"edgtf-eh-item-content edgtf-eh-custom-2482\" style=\"padding: 0 19% 0 8%\">\n\t\t\t<div class=\"edgtf-section-title-holder  edgtf-st-standard  edgtf-st-position-left edgtf-appear-fx\" style=\"text-align: left\">\n\t\t<div class=\"edgtf-st-inner\">\n                    <div class=\"edgtf-st-title-holder\">\n                <h2 class=\"edgtf-st-title\" style=\"color: #202020\">\n                    1987 - EDITION ET FABRICATION DE MOBILIER CONTEMPORAIN                <\/h2>\n            <\/div>\n\t\t\t\t            <div class=\"edgtf-st-text-holder\">\n    \t\t\t<p class=\"edgtf-st-text\" style=\"color: #202020\">\n    \t\t\t\tLe virage de la modernit\u00e9 est pris... La maison James se tourne vers l'\u00e9dition et la fabrication de meubles contemporains.<br \/>\nPeu \u00e0 peu, elle commence \u00e0 travailler avec des designers.    \t\t\t<\/p>\n            <\/div>\n\t\t\t<\/div>\n    <\/div>\t\t<\/div>\n\t<\/div>\n<\/div><\/div>[\/vc_column][\/vc_row][vc_row row_content_width=\u00a0\u00bbgrid\u00a0\u00bb css=\u00a0\u00bb.vc_custom_1521505879578{padding-top: 0px !important;padding-bottom: 70px !important;}\u00a0\u00bb][vc_column]<div class=\"edgtf-elements-holder   edgtf-two-columns  edgtf-responsive-mode-768 \" ><div class=\"edgtf-eh-item    \"  data-item-class=\"edgtf-eh-custom-4984\" data-1024-1280=\"0 8% 0 15%\" data-768-1024=\"0 8% 0px 5%\" data-680-768=\"0 8% 35px 8%\" data-680=\"0 8% 45px 10%\">\n\t<div class=\"edgtf-eh-item-inner\">\n\t\t<div class=\"edgtf-eh-item-content edgtf-eh-custom-4984\" style=\"padding: 0 8% 0 21%\">\n\t\t\t<div class=\"edgtf-section-title-holder  edgtf-st-standard  edgtf-st-position-left edgtf-appear-fx\" style=\"text-align: right\">\n\t\t<div class=\"edgtf-st-inner\">\n                    <div class=\"edgtf-st-title-holder\">\n                <h2 class=\"edgtf-st-title\" style=\"color: #202020\">\n                    1988 - L'ENTREPRISE JAMES AMORCE SON EXPANSION                <\/h2>\n            <\/div>\n\t\t\t\t            <div class=\"edgtf-st-text-holder\">\n    \t\t\t<p class=\"edgtf-st-text\" style=\"color: #202020\">\n    \t\t\t\tL'atelier s'agrandit au m\u00eame titre que l'entreprise. Face au nouveaux besoins du march\u00e9, l'entreprise poursuit son d\u00e9veloppement avec un nouvel atelier de 600 m2 et compte maintenant un effectif de 20 personnes.     \t\t\t<\/p>\n            <\/div>\n\t\t\t<\/div>\n    <\/div>\t\t<\/div>\n\t<\/div>\n<\/div><div class=\"edgtf-eh-item    \"  data-item-class=\"edgtf-eh-custom-9076\" data-1024-1280=\"0 15% 0 0%\" data-680-768=\"0 8% 0 3%\">\n\t<div class=\"edgtf-eh-item-inner\">\n\t\t<div class=\"edgtf-eh-item-content edgtf-eh-custom-9076\" style=\"padding: 0 8% 0 8%\">\n\t\t\t<div class=\"edgtf-single-image-holder   \">\n    <div class=\"edgtf-si-inner\" >\n                                    <img src=\"http:\/\/james1840.com\/wp-content\/uploads\/2018\/03\/jales1840_timeline_agencement-533x413.jpg\" alt=\"\" width=\"533\" height=\"413\" \/>                        <\/div>\n<\/div>\t\t<\/div>\n\t<\/div>\n<\/div><\/div>[\/vc_column][\/vc_row][vc_row row_content_width=\u00a0\u00bbgrid\u00a0\u00bb css=\u00a0\u00bb.vc_custom_1521505863740{padding-top: 0px !important;padding-bottom: 50px !important;}\u00a0\u00bb][vc_column]<div class=\"edgtf-elements-holder   edgtf-two-columns  edgtf-responsive-mode-768 \" ><div class=\"edgtf-eh-item    \"  data-item-class=\"edgtf-eh-custom-5727\" data-680-768=\"30px 8% 30px 3%\">\n\t<div class=\"edgtf-eh-item-inner\">\n\t\t<div class=\"edgtf-eh-item-content edgtf-eh-custom-5727\" style=\"padding: 0 8% 0 8%\">\n\t\t\t<div class=\"edgtf-single-image-holder   \">\n    <div class=\"edgtf-si-inner\" >\n                                    <img src=\"http:\/\/james1840.com\/wp-content\/uploads\/2018\/03\/fabrication_mobilier_contemporaine-533x413.jpeg\" alt=\"\" width=\"533\" height=\"413\" \/>                        <\/div>\n<\/div>\t\t<\/div>\n\t<\/div>\n<\/div><div class=\"edgtf-eh-item    \"  data-item-class=\"edgtf-eh-custom-9936\" data-1024-1280=\"0 22% 0 0%\" data-768-1024=\"0 5% 0 8%\" data-680-768=\"0 19% 0 4%\" data-680=\"45px 10% 0 8%\">\n\t<div class=\"edgtf-eh-item-inner\">\n\t\t<div class=\"edgtf-eh-item-content edgtf-eh-custom-9936\" style=\"padding: 0 19% 0 8%\">\n\t\t\t<div class=\"edgtf-section-title-holder  edgtf-st-standard  edgtf-st-position-left edgtf-appear-fx\" style=\"text-align: left\">\n\t\t<div class=\"edgtf-st-inner\">\n                    <div class=\"edgtf-st-title-holder\">\n                <h2 class=\"edgtf-st-title\" style=\"color: #202020\">\n                    1992 - UNE ENTREPRISE EN CONSTANT D\u00c9VELOPPEMENT                 <\/h2>\n            <\/div>\n\t\t\t\t            <div class=\"edgtf-st-text-holder\">\n    \t\t\t<p class=\"edgtf-st-text\" style=\"color: #202020\">\n    \t\t\t\tPour r\u00e9pondre \u00e0 l'essor du march\u00e9 des meubles contemporains, la soci\u00e9t\u00e9 James double ses effectifs et ajoute encore 1500 m2 de surface utile. L'entreprise d\u00e9veloppe la partie ing\u00e9nierie et cr\u00e9\u00e9 son bureau d'\u00e9tude.    \t\t\t<\/p>\n            <\/div>\n\t\t\t<\/div>\n    <\/div>\t\t<\/div>\n\t<\/div>\n<\/div><\/div>[\/vc_column][\/vc_row][vc_row row_content_width=\u00a0\u00bbgrid\u00a0\u00bb css=\u00a0\u00bb.vc_custom_1521505879578{padding-top: 0px !important;padding-bottom: 70px !important;}\u00a0\u00bb][vc_column]<div class=\"edgtf-elements-holder   edgtf-two-columns  edgtf-responsive-mode-768 \" ><div class=\"edgtf-eh-item    \"  data-item-class=\"edgtf-eh-custom-9694\" data-1024-1280=\"0 8% 0 15%\" data-768-1024=\"0 8% 0px 5%\" data-680-768=\"0 8% 35px 8%\" data-680=\"0 8% 45px 10%\">\n\t<div class=\"edgtf-eh-item-inner\">\n\t\t<div class=\"edgtf-eh-item-content edgtf-eh-custom-9694\" style=\"padding: 0 8% 0 21%\">\n\t\t\t<div class=\"edgtf-section-title-holder  edgtf-st-standard  edgtf-st-position-left edgtf-appear-fx\" style=\"text-align: right\">\n\t\t<div class=\"edgtf-st-inner\">\n                    <div class=\"edgtf-st-title-holder\">\n                <h2 class=\"edgtf-st-title\" style=\"color: #202020\">\n                    1995 - AGENCEMENT                <\/h2>\n            <\/div>\n\t\t\t\t            <div class=\"edgtf-st-text-holder\">\n    \t\t\t<p class=\"edgtf-st-text\" style=\"color: #202020\">\n    \t\t\t\tL'entreprise poursuit son ascension... C'est maintenant une \u00e9quipe de 60 personnes, le d\u00e9but de l'int\u00e9grations des outils num\u00e9riques et 3 grands p\u00f4les d'activit\u00e9 qui sont l'agencement r\u00e9sidentiel de luxe, l\u2019h\u00f4tellerie et le yachting.<br \/>\nL'entreprise acquiert de plus en plus de notori\u00e9t\u00e9 et les endroits les plus prestigieux commencent \u00e0 faire appel \u00e0 la maison James.    \t\t\t<\/p>\n            <\/div>\n\t\t\t<\/div>\n    <\/div>\t\t<\/div>\n\t<\/div>\n<\/div><div class=\"edgtf-eh-item    \"  data-item-class=\"edgtf-eh-custom-5407\" data-1024-1280=\"0 15% 0 0%\" data-680-768=\"0 8% 0 3%\">\n\t<div class=\"edgtf-eh-item-inner\">\n\t\t<div class=\"edgtf-eh-item-content edgtf-eh-custom-5407\" style=\"padding: 0 8% 0 8%\">\n\t\t\t<div class=\"edgtf-single-image-holder   \">\n    <div class=\"edgtf-si-inner\" >\n                                    <img src=\"http:\/\/james1840.com\/wp-content\/uploads\/2018\/03\/jales1840_timeline_agencement-533x413.jpg\" alt=\"\" width=\"533\" height=\"413\" \/>                        <\/div>\n<\/div>\t\t<\/div>\n\t<\/div>\n<\/div><\/div>[\/vc_column][\/vc_row][vc_row row_content_width=\u00a0\u00bbgrid\u00a0\u00bb css=\u00a0\u00bb.vc_custom_1521505863740{padding-top: 0px !important;padding-bottom: 50px !important;}\u00a0\u00bb][vc_column]<div class=\"edgtf-elements-holder   edgtf-two-columns  edgtf-responsive-mode-768 \" ><div class=\"edgtf-eh-item    \"  data-item-class=\"edgtf-eh-custom-7571\" data-680-768=\"30px 8% 30px 3%\">\n\t<div class=\"edgtf-eh-item-inner\">\n\t\t<div class=\"edgtf-eh-item-content edgtf-eh-custom-7571\" style=\"padding: 0 8% 0 8%\">\n\t\t\t<div class=\"edgtf-single-image-holder   \">\n    <div class=\"edgtf-si-inner\" >\n                                    <img src=\"http:\/\/james1840.com\/wp-content\/uploads\/2018\/02\/blog_james_fait_peau_neuve_mockup-533x413.jpg\" alt=\"\" width=\"533\" height=\"413\" \/>                        <\/div>\n<\/div>\t\t<\/div>\n\t<\/div>\n<\/div><div class=\"edgtf-eh-item    \"  data-item-class=\"edgtf-eh-custom-3889\" data-1024-1280=\"0 22% 0 0%\" data-768-1024=\"0 5% 0 8%\" data-680-768=\"0 19% 0 4%\" data-680=\"45px 10% 0 8%\">\n\t<div class=\"edgtf-eh-item-inner\">\n\t\t<div class=\"edgtf-eh-item-content edgtf-eh-custom-3889\" style=\"padding: 0 19% 0 8%\">\n\t\t\t<div class=\"edgtf-section-title-holder  edgtf-st-standard  edgtf-st-position-left edgtf-appear-fx\" style=\"text-align: left\">\n\t\t<div class=\"edgtf-st-inner\">\n                    <div class=\"edgtf-st-title-holder\">\n                <h2 class=\"edgtf-st-title\" style=\"color: #202020\">\n                    2000 - RESTRUCTURATION ET POURSUITE DE LA MODERNISATION                <\/h2>\n            <\/div>\n\t\t\t\t            <div class=\"edgtf-st-text-holder\">\n    \t\t\t<p class=\"edgtf-st-text\" style=\"color: #202020\">\n    \t\t\t\tLa forte croissance de l'entreprise et du march\u00e9 am\u00e8ne son lot de restructurations. Il y a maintenant 80 personnes au sein de l'entreprise et celle-ci d\u00e9veloppe l'activit\u00e9 tertiaire par l'addition d'un nouveau bureau d'\u00e9tude de 500 m2. Le renouvellement des locaux passe aussi par la cr\u00e9ation d'une nouvelle fa\u00e7ade et par l'installation d'\u00e9quipements modernes r\u00e9pondants aux besoins d'une finition haut de gamme des produits.    \t\t\t<\/p>\n            <\/div>\n\t\t\t<\/div>\n    <\/div>\t\t<\/div>\n\t<\/div>\n<\/div><\/div>[\/vc_column][\/vc_row][vc_row row_content_width=\u00a0\u00bbgrid\u00a0\u00bb css=\u00a0\u00bb.vc_custom_1521505879578{padding-top: 0px !important;padding-bottom: 70px !important;}\u00a0\u00bb][vc_column]<div class=\"edgtf-elements-holder   edgtf-two-columns  edgtf-responsive-mode-768 \" ><div class=\"edgtf-eh-item    \"  data-item-class=\"edgtf-eh-custom-8767\" data-1024-1280=\"0 8% 0 15%\" data-768-1024=\"0 8% 0px 5%\" data-680-768=\"0 8% 35px 8%\" data-680=\"0 8% 45px 10%\">\n\t<div class=\"edgtf-eh-item-inner\">\n\t\t<div class=\"edgtf-eh-item-content edgtf-eh-custom-8767\" style=\"padding: 0 8% 0 21%\">\n\t\t\t<div class=\"edgtf-section-title-holder  edgtf-st-standard  edgtf-st-position-left edgtf-appear-fx\" style=\"text-align: right\">\n\t\t<div class=\"edgtf-st-inner\">\n                    <div class=\"edgtf-st-title-holder\">\n                <h2 class=\"edgtf-st-title\" style=\"color: #202020\">\n                    2005 - BUREAU PARISIEN ET MARCHE INTERNATIONAL                <\/h2>\n            <\/div>\n\t\t\t\t            <div class=\"edgtf-st-text-holder\">\n    \t\t\t<p class=\"edgtf-st-text\" style=\"color: #202020\">\n    \t\t\t\tPour bien ancrer sa pr\u00e9sence au niveau national l'entreprise inaugure maintenant ses nouveaux bureaux Parisiens. Forte de sa nouvelle \u00e9quipe de direction et de management, c'est aussi l'ouverture \u00e0 l\u2019international. La soci\u00e9t\u00e9 James r\u00e9pond maintenant \u00e0 des demandes provenant de toute l\u2019Europe et est \u00e9galement pr\u00e9sente sur le march\u00e9 Russe et celui du moyen-orient.    \t\t\t<\/p>\n            <\/div>\n\t\t\t<\/div>\n    <\/div>\t\t<\/div>\n\t<\/div>\n<\/div><div class=\"edgtf-eh-item    \"  data-item-class=\"edgtf-eh-custom-1512\" data-1024-1280=\"0 15% 0 0%\" data-680-768=\"0 8% 0 3%\">\n\t<div class=\"edgtf-eh-item-inner\">\n\t\t<div class=\"edgtf-eh-item-content edgtf-eh-custom-1512\" style=\"padding: 0 8% 0 8%\">\n\t\t\t<div class=\"edgtf-single-image-holder   \">\n    <div class=\"edgtf-si-inner\" >\n                                    <img src=\"http:\/\/james1840.com\/wp-content\/uploads\/2018\/03\/jales1840_timeline_agencement-533x413.jpg\" alt=\"\" width=\"533\" height=\"413\" \/>                        <\/div>\n<\/div>\t\t<\/div>\n\t<\/div>\n<\/div><\/div>[\/vc_column][\/vc_row][vc_row row_content_width=\u00a0\u00bbgrid\u00a0\u00bb css=\u00a0\u00bb.vc_custom_1521505863740{padding-top: 0px !important;padding-bottom: 50px !important;}\u00a0\u00bb][vc_column]<div class=\"edgtf-elements-holder   edgtf-two-columns  edgtf-responsive-mode-768 \" ><div class=\"edgtf-eh-item    \"  data-item-class=\"edgtf-eh-custom-6636\" data-680-768=\"30px 8% 30px 3%\">\n\t<div class=\"edgtf-eh-item-inner\">\n\t\t<div class=\"edgtf-eh-item-content edgtf-eh-custom-6636\" style=\"padding: 0 8% 0 8%\">\n\t\t\t<div class=\"edgtf-single-image-holder   \">\n    <div class=\"edgtf-si-inner\" >\n                                    <img src=\"http:\/\/james1840.com\/wp-content\/uploads\/2018\/02\/blog_james_fait_peau_neuve_mockup-533x413.jpg\" alt=\"\" width=\"533\" height=\"413\" \/>                        <\/div>\n<\/div>\t\t<\/div>\n\t<\/div>\n<\/div><div class=\"edgtf-eh-item    \"  data-item-class=\"edgtf-eh-custom-8655\" data-1024-1280=\"0 22% 0 0%\" data-768-1024=\"0 5% 0 8%\" data-680-768=\"0 19% 0 4%\" data-680=\"45px 10% 0 8%\">\n\t<div class=\"edgtf-eh-item-inner\">\n\t\t<div class=\"edgtf-eh-item-content edgtf-eh-custom-8655\" style=\"padding: 0 19% 0 8%\">\n\t\t\t<div class=\"edgtf-section-title-holder  edgtf-st-standard  edgtf-st-position-left edgtf-appear-fx\" style=\"text-align: left\">\n\t\t<div class=\"edgtf-st-inner\">\n                    <div class=\"edgtf-st-title-holder\">\n                <h2 class=\"edgtf-st-title\" style=\"color: #202020\">\n                    2018 - JAMES FAIT PEAU NEUVE                <\/h2>\n            <\/div>\n\t\t\t\t            <div class=\"edgtf-st-text-holder\">\n    \t\t\t<p class=\"edgtf-st-text\" style=\"color: #202020\">\n    \t\t\t\tBien loin du petit atelier artisanal des d\u00e9buts, James est d\u00e9sormais la soci\u00e9t\u00e9 fran\u00e7aise dont l\u2019exp\u00e9rience et l\u2019\u00e2me sont sollicit\u00e9es par les clients les plus prestigieux tout autour du globe. Toujours en qu\u00eate de l'excellence, la soci\u00e9t\u00e9 poursuit son essor avec une nouvelle identit\u00e9 de marque et la cr\u00e9ation de nouvelles offres.    \t\t\t<\/p>\n            <\/div>\n\t\t\t<\/div>\n    <\/div>\t\t<\/div>\n\t<\/div>\n<\/div><\/div>[\/vc_column][\/vc_row]<\/p>","protected":false},"excerpt":{"rendered":"<p>[vc_row row_content_width=\u00a0\u00bbgrid\u00a0\u00bb css=\u00a0\u00bb.vc_custom_1521505812882{padding-top: 0px !important;padding-bottom: 0px !important;}\u00a0\u00bb][vc_column][\/vc_column][\/vc_row][vc_row row_content_width=\u00a0\u00bbgrid\u00a0\u00bb css=\u00a0\u00bb.vc_custom_1521505854866{padding-top: 50px !important;padding-bottom: 50px !important;}\u00a0\u00bb][vc_column][\/vc_column][\/vc_row][vc_row row_content_width=\u00a0\u00bbgrid\u00a0\u00bb css=\u00a0\u00bb.vc_custom_1521505812882{padding-top: 0px !important;padding-bottom: 0px !important;}\u00a0\u00bb][vc_column][\/vc_column][\/vc_row][vc_row row_content_width=\u00a0\u00bbgrid\u00a0\u00bb css=\u00a0\u00bb.vc_custom_1521505854866{padding-top: 50px !important;padding-bottom: 50px !important;}\u00a0\u00bb][vc_column][\/vc_column][\/vc_row][vc_row row_content_width=\u00a0\u00bbgrid\u00a0\u00bb css=\u00a0\u00bb.vc_custom_1521505863740{padding-top: 0px !important;padding-bottom: 50px !important;}\u00a0\u00bb][vc_column][\/vc_column][\/vc_row][vc_row row_content_width=\u00a0\u00bbgrid\u00a0\u00bb css=\u00a0\u00bb.vc_custom_1521505879578{padding-top: 0px !important;padding-bottom: 70px !important;}\u00a0\u00bb][vc_column][\/vc_column][\/vc_row][vc_row row_content_width=\u00a0\u00bbgrid\u00a0\u00bb css=\u00a0\u00bb.vc_custom_1521505863740{padding-top: 0px [&hellip;]<\/p>\n","protected":false},"author":1,"featured_media":0,"parent":0,"menu_order":0,"comment_status":"closed","ping_status":"closed","template":"full-width.php","meta":{"_mi_skip_tracking":false},"yst_prominent_words":[],"_links":{"self":[{"href":"http:\/\/james1840.com\/fr\/wp-json\/wp\/v2\/pages\/1079"}],"collection":[{"href":"http:\/\/james1840.com\/fr\/wp-json\/wp\/v2\/pages"}],"about":[{"href":"http:\/\/james1840.com\/fr\/wp-json\/wp\/v2\/types\/page"}],"author":[{"embeddable":true,"href":"http:\/\/james1840.com\/fr\/wp-json\/wp\/v2\/users\/1"}],"replies":[{"embeddable":true,"href":"http:\/\/james1840.com\/fr\/wp-json\/wp\/v2\/comments?post=1079"}],"version-history":[{"count":56,"href":"http:\/\/james1840.com\/fr\/wp-json\/wp\/v2\/pages\/1079\/revisions"}],"predecessor-version":[{"id":5259,"href":"http:\/\/james1840.com\/fr\/wp-json\/wp\/v2\/pages\/1079\/revisions\/5259"}],"wp:attachment":[{"href":"http:\/\/james1840.com\/fr\/wp-json\/wp\/v2\/media?parent=1079"}],"wp:term":[{"taxonomy":"yst_prominent_words","embeddable":true,"href":"http:\/\/james1840.com\/fr\/wp-json\/wp\/v2\/yst_prominent_words?post=1079"}],"curies":[{"name":"wp","href":"https:\/\/api.w.org\/{rel}","templated":true}]}}