{"id":1079,"date":"2017-11-08T15:42:59","date_gmt":"2017-11-08T14:42:59","guid":{"rendered":"http:\/\/aalto.edge-themes.com\/?page_id=1079"},"modified":"2019-10-30T13:01:29","modified_gmt":"2019-10-30T12:01:29","slug":"la-tres-belle-histoire","status":"publish","type":"page","link":"http:\/\/james1840.com\/es\/la-tres-belle-histoire\/","title":{"rendered":"La bella historia"},"content":{"rendered":"<p>[vc_row row_content_width=\u00bbgrid\u00bb css=\u00bb.vc_custom_1521505812882{padding-top: 0px !important;padding-bottom: 0px !important;}\u00bb][vc_column]<div class=\"edgtf-elements-holder   edgtf-two-columns  edgtf-responsive-mode-768 \" ><div class=\"edgtf-eh-item    \"  data-item-class=\"edgtf-eh-custom-8232\" data-680-768=\"30px 8% 30px 3%\">\n\t<div class=\"edgtf-eh-item-inner\">\n\t\t<div class=\"edgtf-eh-item-content edgtf-eh-custom-8232\" style=\"padding: 30px 8% 0 8%\">\n\t\t\t<div class=\"edgtf-single-image-holder   \">\n    <div class=\"edgtf-si-inner\" >\n                                    <img src=\"http:\/\/james1840.com\/wp-content\/uploads\/2018\/03\/timeline_1840_creation_james-533x413.jpg\" alt=\"\" width=\"533\" height=\"413\" \/>                        <\/div>\n<\/div>\t\t<\/div>\n\t<\/div>\n<\/div><div class=\"edgtf-eh-item    \"  data-item-class=\"edgtf-eh-custom-7011\" data-1024-1280=\"0 22% 0 0%\" data-768-1024=\"0 5% 0 8%\" data-680-768=\"0 19% 0 4%\" data-680=\"45px 10% 0 8%\">\n\t<div class=\"edgtf-eh-item-inner\">\n\t\t<div class=\"edgtf-eh-item-content edgtf-eh-custom-7011\" style=\"padding: 0 19% 0 8%\">\n\t\t\t<div class=\"edgtf-section-title-holder  edgtf-st-standard  edgtf-st-position-left edgtf-appear-fx\" style=\"text-align: left\">\n\t\t<div class=\"edgtf-st-inner\">\n                    <div class=\"edgtf-st-title-holder\">\n                <h2 class=\"edgtf-st-title\" style=\"color: #202020\">\n                    1840 - CREACI\u00d3N DEL ESTUDIO POR C\u00c9LESTIN JAMES                <\/h2>\n            <\/div>\n\t\t\t\t            <div class=\"edgtf-st-text-holder\">\n    \t\t\t<p class=\"edgtf-st-text\" style=\"color: #202020\">\n    \t\t\t\tUna familia de artesanos, amantes de la madera y un oficio: la ebanister\u00eda ... Es as\u00ed como en 1840 comienza la historia de la casa de James.<br \/>\nDesde entonces, varias generaciones han tenido \u00e9xito, haciendo vivir este peque\u00f1o taller ubicado en un pueblo normando cerca de la bah\u00eda de Mont-Saint-Michel.    \t\t\t<\/p>\n            <\/div>\n\t\t\t<\/div>\n    <\/div>\t\t<\/div>\n\t<\/div>\n<\/div><\/div>[\/vc_column][\/vc_row][vc_row row_content_width=\u00bbgrid\u00bb css=\u00bb.vc_custom_1521505854866{padding-top: 50px !important;padding-bottom: 50px !important;}\u00bb][vc_column]<div class=\"edgtf-elements-holder   edgtf-two-columns  edgtf-responsive-mode-768 \" ><div class=\"edgtf-eh-item    \"  data-item-class=\"edgtf-eh-custom-4323\" data-1024-1280=\"0 8% 0 15%\" data-768-1024=\"0 8% 0px 5%\" data-680-768=\"0 8% 35px 14%\" data-680=\"0 8% 45px 10%\">\n\t<div class=\"edgtf-eh-item-inner\">\n\t\t<div class=\"edgtf-eh-item-content edgtf-eh-custom-4323\" style=\"padding: 0 8% 0 21%\">\n\t\t\t<div class=\"edgtf-section-title-holder  edgtf-st-standard  edgtf-st-position-left edgtf-appear-fx\" style=\"text-align: right\">\n\t\t<div class=\"edgtf-st-inner\">\n                    <div class=\"edgtf-st-title-holder\">\n                <h2 class=\"edgtf-st-title\" style=\"color: #202020\">\n                    1955 - ARTESANIAS LOCALES                <\/h2>\n            <\/div>\n\t\t\t\t            <div class=\"edgtf-st-text-holder\">\n    \t\t\t<p class=\"edgtf-st-text\" style=\"color: #202020\">\n    \t\t\t\tEn la continuidad de su padre Paul, Roger James contin\u00faa la actividad local de su peque\u00f1o taller en el campo. Satisface las necesidades de las etapas de la vida de la aldea y proporciona, por ejemplo, cunas y un servicio funerario.    \t\t\t<\/p>\n            <\/div>\n\t\t\t<\/div>\n    <\/div>\t\t<\/div>\n\t<\/div>\n<\/div><div class=\"edgtf-eh-item    \"  data-item-class=\"edgtf-eh-custom-5055\" data-1024-1280=\"0 15% 0 0%\" data-680-768=\"0 8% 0 3%\">\n\t<div class=\"edgtf-eh-item-inner\">\n\t\t<div class=\"edgtf-eh-item-content edgtf-eh-custom-5055\" style=\"padding: 0 8% 0 8%\">\n\t\t\t<div class=\"edgtf-single-image-holder   \">\n    <div class=\"edgtf-si-inner\" >\n                                    <img src=\"http:\/\/james1840.com\/wp-content\/uploads\/2018\/03\/nouvel_atelier_peu_de_temps_apres_reprise_par_remi_preview-533x413.jpeg\" alt=\"\" width=\"533\" height=\"413\" \/>                        <\/div>\n<\/div>\t\t<\/div>\n\t<\/div>\n<\/div><\/div>[\/vc_column][\/vc_row][vc_row row_content_width=\u00bbgrid\u00bb css=\u00bb.vc_custom_1521505812882{padding-top: 0px !important;padding-bottom: 0px !important;}\u00bb][vc_column]<div class=\"edgtf-elements-holder   edgtf-two-columns  edgtf-responsive-mode-768 \" ><div class=\"edgtf-eh-item    \"  data-item-class=\"edgtf-eh-custom-9998\" data-680-768=\"30px 8% 30px 3%\">\n\t<div class=\"edgtf-eh-item-inner\">\n\t\t<div class=\"edgtf-eh-item-content edgtf-eh-custom-9998\" style=\"padding: 30px 8% 0 8%\">\n\t\t\t<div class=\"edgtf-single-image-holder   \">\n    <div class=\"edgtf-si-inner\" >\n                                    <img src=\"http:\/\/james1840.com\/wp-content\/uploads\/2018\/03\/timeline_1840_creation_james-533x413.jpg\" alt=\"\" width=\"533\" height=\"413\" \/>                        <\/div>\n<\/div>\t\t<\/div>\n\t<\/div>\n<\/div><div class=\"edgtf-eh-item    \"  data-item-class=\"edgtf-eh-custom-7377\" data-1024-1280=\"0 22% 0 0%\" data-768-1024=\"0 5% 0 8%\" data-680-768=\"0 19% 0 4%\" data-680=\"45px 10% 0 8%\">\n\t<div class=\"edgtf-eh-item-inner\">\n\t\t<div class=\"edgtf-eh-item-content edgtf-eh-custom-7377\" style=\"padding: 0 19% 0 8%\">\n\t\t\t<div class=\"edgtf-section-title-holder  edgtf-st-standard  edgtf-st-position-left edgtf-appear-fx\" style=\"text-align: left\">\n\t\t<div class=\"edgtf-st-inner\">\n                    <div class=\"edgtf-st-title-holder\">\n                <h2 class=\"edgtf-st-title\" style=\"color: #202020\">\n                    1970 - EL PRINCIPIO DE LA DIVERSIFICACI\u00d3N                <\/h2>\n            <\/div>\n\t\t\t\t            <div class=\"edgtf-st-text-holder\">\n    \t\t\t<p class=\"edgtf-st-text\" style=\"color: #202020\">\n    \t\t\t\tAdem\u00e1s de la actividad tradicional del taller, la d\u00e9cada de 1970 marca el comienzo de la diversificaci\u00f3n de la actividad. El taller se est\u00e1 moviendo cada vez m\u00e1s hacia una oferta de carpinter\u00eda, as\u00ed como una especializaci\u00f3n en la copia de muebles antiguos en estilo normando.    \t\t\t<\/p>\n            <\/div>\n\t\t\t<\/div>\n    <\/div>\t\t<\/div>\n\t<\/div>\n<\/div><\/div>[\/vc_column][\/vc_row][vc_row row_content_width=\u00bbgrid\u00bb css=\u00bb.vc_custom_1521505854866{padding-top: 50px !important;padding-bottom: 50px !important;}\u00bb][vc_column]<div class=\"edgtf-elements-holder   edgtf-two-columns  edgtf-responsive-mode-768 \" ><div class=\"edgtf-eh-item    \"  data-item-class=\"edgtf-eh-custom-5665\" data-1024-1280=\"0 8% 0 15%\" data-768-1024=\"0 8% 0px 5%\" data-680-768=\"0 8% 35px 14%\" data-680=\"0 8% 45px 10%\">\n\t<div class=\"edgtf-eh-item-inner\">\n\t\t<div class=\"edgtf-eh-item-content edgtf-eh-custom-5665\" style=\"padding: 0 8% 0 21%\">\n\t\t\t<div class=\"edgtf-section-title-holder  edgtf-st-standard  edgtf-st-position-left edgtf-appear-fx\" style=\"text-align: right\">\n\t\t<div class=\"edgtf-st-inner\">\n                    <div class=\"edgtf-st-title-holder\">\n                <h2 class=\"edgtf-st-title\" style=\"color: #202020\">\n                    1983 - REANUDACI\u00d3N DEL TALLER DE R\u00c9MI JAMES                <\/h2>\n            <\/div>\n\t\t\t\t            <div class=\"edgtf-st-text-holder\">\n    \t\t\t<p class=\"edgtf-st-text\" style=\"color: #202020\">\n    \t\t\t\tR\u00e9mi James, quinta generaci\u00f3n de James, fue el actor principal del desarrollo de este peque\u00f1o taller. A su llegada a la cabeza de la compa\u00f1\u00eda, el taller ten\u00eda solo tres personas y realizaba principalmente copias de muebles antiguos.<br \/>\nPronto, Remi James, traer\u00e1 a la compa\u00f1\u00eda a una nueva era mientras elige permanecer en un ambiente rural para preservar la experiencia y las habilidades de los hombres.    \t\t\t<\/p>\n            <\/div>\n\t\t\t<\/div>\n    <\/div>\t\t<\/div>\n\t<\/div>\n<\/div><div class=\"edgtf-eh-item    \"  data-item-class=\"edgtf-eh-custom-8253\" data-1024-1280=\"0 15% 0 0%\" data-680-768=\"0 8% 0 3%\">\n\t<div class=\"edgtf-eh-item-inner\">\n\t\t<div class=\"edgtf-eh-item-content edgtf-eh-custom-8253\" style=\"padding: 0 8% 0 8%\">\n\t\t\t<div class=\"edgtf-single-image-holder   \">\n    <div class=\"edgtf-si-inner\" >\n                                    <img src=\"http:\/\/james1840.com\/wp-content\/uploads\/2018\/03\/nouvel_atelier_peu_de_temps_apres_reprise_par_remi_preview-533x413.jpeg\" alt=\"\" width=\"533\" height=\"413\" \/>                        <\/div>\n<\/div>\t\t<\/div>\n\t<\/div>\n<\/div><\/div>[\/vc_column][\/vc_row][vc_row row_content_width=\u00bbgrid\u00bb css=\u00bb.vc_custom_1521505863740{padding-top: 0px !important;padding-bottom: 50px !important;}\u00bb][vc_column]<div class=\"edgtf-elements-holder   edgtf-two-columns  edgtf-responsive-mode-768 \" ><div class=\"edgtf-eh-item    \"  data-item-class=\"edgtf-eh-custom-1822\" data-680-768=\"30px 8% 30px 3%\">\n\t<div class=\"edgtf-eh-item-inner\">\n\t\t<div class=\"edgtf-eh-item-content edgtf-eh-custom-1822\" style=\"padding: 0 8% 0 8%\">\n\t\t\t<div class=\"edgtf-single-image-holder   \">\n    <div class=\"edgtf-si-inner\" >\n                                    <img src=\"http:\/\/james1840.com\/wp-content\/uploads\/2018\/03\/fabrication_mobilier_contemporaine-533x413.jpeg\" alt=\"\" width=\"533\" height=\"413\" \/>                        <\/div>\n<\/div>\t\t<\/div>\n\t<\/div>\n<\/div><div class=\"edgtf-eh-item    \"  data-item-class=\"edgtf-eh-custom-3963\" data-1024-1280=\"0 22% 0 0%\" data-768-1024=\"0 5% 0 8%\" data-680-768=\"0 19% 0 4%\" data-680=\"45px 10% 0 8%\">\n\t<div class=\"edgtf-eh-item-inner\">\n\t\t<div class=\"edgtf-eh-item-content edgtf-eh-custom-3963\" style=\"padding: 0 19% 0 8%\">\n\t\t\t<div class=\"edgtf-section-title-holder  edgtf-st-standard  edgtf-st-position-left edgtf-appear-fx\" style=\"text-align: left\">\n\t\t<div class=\"edgtf-st-inner\">\n                    <div class=\"edgtf-st-title-holder\">\n                <h2 class=\"edgtf-st-title\" style=\"color: #202020\">\n                    1987 - EDICI\u00d3N Y FABRICACI\u00d3N DE MUEBLES CONTEMPOR\u00c1NEOS                <\/h2>\n            <\/div>\n\t\t\t\t            <div class=\"edgtf-st-text-holder\">\n    \t\t\t<p class=\"edgtf-st-text\" style=\"color: #202020\">\n    \t\t\t\tSe toma el giro de la modernidad ... The James House pasa a la edici\u00f3n y fabricaci\u00f3n de muebles contempor\u00e1neos.<br \/>\nPoco a poco, ella comienza a trabajar con dise\u00f1adores.    \t\t\t<\/p>\n            <\/div>\n\t\t\t<\/div>\n    <\/div>\t\t<\/div>\n\t<\/div>\n<\/div><\/div>[\/vc_column][\/vc_row][vc_row row_content_width=\u00bbgrid\u00bb css=\u00bb.vc_custom_1521505879578{padding-top: 0px !important;padding-bottom: 70px !important;}\u00bb][vc_column]<div class=\"edgtf-elements-holder   edgtf-two-columns  edgtf-responsive-mode-768 \" ><div class=\"edgtf-eh-item    \"  data-item-class=\"edgtf-eh-custom-1219\" data-1024-1280=\"0 8% 0 15%\" data-768-1024=\"0 8% 0px 5%\" data-680-768=\"0 8% 35px 8%\" data-680=\"0 8% 45px 10%\">\n\t<div class=\"edgtf-eh-item-inner\">\n\t\t<div class=\"edgtf-eh-item-content edgtf-eh-custom-1219\" style=\"padding: 0 8% 0 21%\">\n\t\t\t<div class=\"edgtf-section-title-holder  edgtf-st-standard  edgtf-st-position-left edgtf-appear-fx\" style=\"text-align: right\">\n\t\t<div class=\"edgtf-st-inner\">\n                    <div class=\"edgtf-st-title-holder\">\n                <h2 class=\"edgtf-st-title\" style=\"color: #202020\">\n                    1988 - LA COMPA\u00d1IA JAMES COMIENZA SU EXPANSI\u00d3N                <\/h2>\n            <\/div>\n\t\t\t\t            <div class=\"edgtf-st-text-holder\">\n    \t\t\t<p class=\"edgtf-st-text\" style=\"color: #202020\">\n    \t\t\t\tEl taller se expande como lo hace la empresa. Ante las nuevas necesidades del mercado, la empresa contin\u00faa su desarrollo con un nuevo taller de 600 m2 y ahora cuenta con una n\u00f3mina de 20 personas.    \t\t\t<\/p>\n            <\/div>\n\t\t\t<\/div>\n    <\/div>\t\t<\/div>\n\t<\/div>\n<\/div><div class=\"edgtf-eh-item    \"  data-item-class=\"edgtf-eh-custom-9945\" data-1024-1280=\"0 15% 0 0%\" data-680-768=\"0 8% 0 3%\">\n\t<div class=\"edgtf-eh-item-inner\">\n\t\t<div class=\"edgtf-eh-item-content edgtf-eh-custom-9945\" style=\"padding: 0 8% 0 8%\">\n\t\t\t<div class=\"edgtf-single-image-holder   \">\n    <div class=\"edgtf-si-inner\" >\n                                    <img src=\"http:\/\/james1840.com\/wp-content\/uploads\/2018\/03\/jales1840_timeline_agencement-533x413.jpg\" alt=\"\" width=\"533\" height=\"413\" \/>                        <\/div>\n<\/div>\t\t<\/div>\n\t<\/div>\n<\/div><\/div>[\/vc_column][\/vc_row][vc_row row_content_width=\u00bbgrid\u00bb css=\u00bb.vc_custom_1521505863740{padding-top: 0px !important;padding-bottom: 50px !important;}\u00bb][vc_column]<div class=\"edgtf-elements-holder   edgtf-two-columns  edgtf-responsive-mode-768 \" ><div class=\"edgtf-eh-item    \"  data-item-class=\"edgtf-eh-custom-6569\" data-680-768=\"30px 8% 30px 3%\">\n\t<div class=\"edgtf-eh-item-inner\">\n\t\t<div class=\"edgtf-eh-item-content edgtf-eh-custom-6569\" style=\"padding: 0 8% 0 8%\">\n\t\t\t<div class=\"edgtf-single-image-holder   \">\n    <div class=\"edgtf-si-inner\" >\n                                    <img src=\"http:\/\/james1840.com\/wp-content\/uploads\/2018\/03\/fabrication_mobilier_contemporaine-533x413.jpeg\" alt=\"\" width=\"533\" height=\"413\" \/>                        <\/div>\n<\/div>\t\t<\/div>\n\t<\/div>\n<\/div><div class=\"edgtf-eh-item    \"  data-item-class=\"edgtf-eh-custom-9944\" data-1024-1280=\"0 22% 0 0%\" data-768-1024=\"0 5% 0 8%\" data-680-768=\"0 19% 0 4%\" data-680=\"45px 10% 0 8%\">\n\t<div class=\"edgtf-eh-item-inner\">\n\t\t<div class=\"edgtf-eh-item-content edgtf-eh-custom-9944\" style=\"padding: 0 19% 0 8%\">\n\t\t\t<div class=\"edgtf-section-title-holder  edgtf-st-standard  edgtf-st-position-left edgtf-appear-fx\" style=\"text-align: left\">\n\t\t<div class=\"edgtf-st-inner\">\n                    <div class=\"edgtf-st-title-holder\">\n                <h2 class=\"edgtf-st-title\" style=\"color: #202020\">\n                    1992 - UNA COMPA\u00d1\u00cdA EN DESARROLLO CONSTANTE                <\/h2>\n            <\/div>\n\t\t\t\t            <div class=\"edgtf-st-text-holder\">\n    \t\t\t<p class=\"edgtf-st-text\" style=\"color: #202020\">\n    \t\t\t\tEn respuesta al auge en el mercado de muebles contempor\u00e1neo, la compa\u00f1\u00eda James duplica su fuerza de trabajo y agrega otros 1500 m2 de superficie. La compa\u00f1\u00eda desarrolla la parte de ingenier\u00eda y crea su oficina de dise\u00f1o.    \t\t\t<\/p>\n            <\/div>\n\t\t\t<\/div>\n    <\/div>\t\t<\/div>\n\t<\/div>\n<\/div><\/div>[\/vc_column][\/vc_row][vc_row row_content_width=\u00bbgrid\u00bb css=\u00bb.vc_custom_1521505879578{padding-top: 0px !important;padding-bottom: 70px !important;}\u00bb][vc_column]<div class=\"edgtf-elements-holder   edgtf-two-columns  edgtf-responsive-mode-768 \" ><div class=\"edgtf-eh-item    \"  data-item-class=\"edgtf-eh-custom-4491\" data-1024-1280=\"0 8% 0 15%\" data-768-1024=\"0 8% 0px 5%\" data-680-768=\"0 8% 35px 8%\" data-680=\"0 8% 45px 10%\">\n\t<div class=\"edgtf-eh-item-inner\">\n\t\t<div class=\"edgtf-eh-item-content edgtf-eh-custom-4491\" style=\"padding: 0 8% 0 21%\">\n\t\t\t<div class=\"edgtf-section-title-holder  edgtf-st-standard  edgtf-st-position-left edgtf-appear-fx\" style=\"text-align: right\">\n\t\t<div class=\"edgtf-st-inner\">\n                    <div class=\"edgtf-st-title-holder\">\n                <h2 class=\"edgtf-st-title\" style=\"color: #202020\">\n                    1995 - PLANEAMIENTO                <\/h2>\n            <\/div>\n\t\t\t\t            <div class=\"edgtf-st-text-holder\">\n    \t\t\t<p class=\"edgtf-st-text\" style=\"color: #202020\">\n    \t\t\t\tLa compa\u00f1\u00eda contin\u00faa su ascenso ... Ahora es un equipo de 60 personas, el comienzo de la integraci\u00f3n de las herramientas digitales y 3 grandes polos de actividad que son el dise\u00f1o residencial del lujo, el hotel y la vela .<br \/>\nLa compa\u00f1\u00eda est\u00e1 ganando cada vez m\u00e1s notoriedad y los lugares m\u00e1s prestigiosos est\u00e1n empezando a atraer a James House.    \t\t\t<\/p>\n            <\/div>\n\t\t\t<\/div>\n    <\/div>\t\t<\/div>\n\t<\/div>\n<\/div><div class=\"edgtf-eh-item    \"  data-item-class=\"edgtf-eh-custom-3222\" data-1024-1280=\"0 15% 0 0%\" data-680-768=\"0 8% 0 3%\">\n\t<div class=\"edgtf-eh-item-inner\">\n\t\t<div class=\"edgtf-eh-item-content edgtf-eh-custom-3222\" style=\"padding: 0 8% 0 8%\">\n\t\t\t<div class=\"edgtf-single-image-holder   \">\n    <div class=\"edgtf-si-inner\" >\n                                    <img src=\"http:\/\/james1840.com\/wp-content\/uploads\/2018\/03\/jales1840_timeline_agencement-533x413.jpg\" alt=\"\" width=\"533\" height=\"413\" \/>                        <\/div>\n<\/div>\t\t<\/div>\n\t<\/div>\n<\/div><\/div>[\/vc_column][\/vc_row][vc_row row_content_width=\u00bbgrid\u00bb css=\u00bb.vc_custom_1521505863740{padding-top: 0px !important;padding-bottom: 50px !important;}\u00bb][vc_column]<div class=\"edgtf-elements-holder   edgtf-two-columns  edgtf-responsive-mode-768 \" ><div class=\"edgtf-eh-item    \"  data-item-class=\"edgtf-eh-custom-4844\" data-680-768=\"30px 8% 30px 3%\">\n\t<div class=\"edgtf-eh-item-inner\">\n\t\t<div class=\"edgtf-eh-item-content edgtf-eh-custom-4844\" style=\"padding: 0 8% 0 8%\">\n\t\t\t<div class=\"edgtf-single-image-holder   \">\n    <div class=\"edgtf-si-inner\" >\n                                    <img src=\"http:\/\/james1840.com\/wp-content\/uploads\/2018\/02\/blog_james_fait_peau_neuve_mockup-533x413.jpg\" alt=\"\" width=\"533\" height=\"413\" \/>                        <\/div>\n<\/div>\t\t<\/div>\n\t<\/div>\n<\/div><div class=\"edgtf-eh-item    \"  data-item-class=\"edgtf-eh-custom-1023\" data-1024-1280=\"0 22% 0 0%\" data-768-1024=\"0 5% 0 8%\" data-680-768=\"0 19% 0 4%\" data-680=\"45px 10% 0 8%\">\n\t<div class=\"edgtf-eh-item-inner\">\n\t\t<div class=\"edgtf-eh-item-content edgtf-eh-custom-1023\" style=\"padding: 0 19% 0 8%\">\n\t\t\t<div class=\"edgtf-section-title-holder  edgtf-st-standard  edgtf-st-position-left edgtf-appear-fx\" style=\"text-align: left\">\n\t\t<div class=\"edgtf-st-inner\">\n                    <div class=\"edgtf-st-title-holder\">\n                <h2 class=\"edgtf-st-title\" style=\"color: #202020\">\n                    2000 - REESTRUCTURACI\u00d3N Y CONTINUACI\u00d3N DE LA MODERNIZACI\u00d3N                <\/h2>\n            <\/div>\n\t\t\t\t            <div class=\"edgtf-st-text-holder\">\n    \t\t\t<p class=\"edgtf-st-text\" style=\"color: #202020\">\n    \t\t\t\tEl fuerte crecimiento de la compa\u00f1\u00eda y el mercado trae consigo una gran reestructuraci\u00f3n. Ahora hay 80 personas en la empresa y est\u00e1 desarrollando el negocio terciario al agregar una nueva oficina de estudio de 500 m2. La renovaci\u00f3n de las instalaciones tambi\u00e9n implica la creaci\u00f3n de una nueva fachada y la instalaci\u00f3n de equipos modernos que respondan a las necesidades de productos de acabado de alta gama.    \t\t\t<\/p>\n            <\/div>\n\t\t\t<\/div>\n    <\/div>\t\t<\/div>\n\t<\/div>\n<\/div><\/div>[\/vc_column][\/vc_row][vc_row row_content_width=\u00bbgrid\u00bb css=\u00bb.vc_custom_1521505879578{padding-top: 0px !important;padding-bottom: 70px !important;}\u00bb][vc_column]<div class=\"edgtf-elements-holder   edgtf-two-columns  edgtf-responsive-mode-768 \" ><div class=\"edgtf-eh-item    \"  data-item-class=\"edgtf-eh-custom-1122\" data-1024-1280=\"0 8% 0 15%\" data-768-1024=\"0 8% 0px 5%\" data-680-768=\"0 8% 35px 8%\" data-680=\"0 8% 45px 10%\">\n\t<div class=\"edgtf-eh-item-inner\">\n\t\t<div class=\"edgtf-eh-item-content edgtf-eh-custom-1122\" style=\"padding: 0 8% 0 21%\">\n\t\t\t<div class=\"edgtf-section-title-holder  edgtf-st-standard  edgtf-st-position-left edgtf-appear-fx\" style=\"text-align: right\">\n\t\t<div class=\"edgtf-st-inner\">\n                    <div class=\"edgtf-st-title-holder\">\n                <h2 class=\"edgtf-st-title\" style=\"color: #202020\">\n                    2005 - OFICINA PARISINA Y MERCADO INTERNACIONAL                <\/h2>\n            <\/div>\n\t\t\t\t            <div class=\"edgtf-st-text-holder\">\n    \t\t\t<p class=\"edgtf-st-text\" style=\"color: #202020\">\n    \t\t\t\tPara anclar firmemente su presencia a nivel nacional, la compa\u00f1\u00eda est\u00e1 inaugurando sus nuevas oficinas en Par\u00eds. Con su nuevo equipo de gesti\u00f3n y gesti\u00f3n, tambi\u00e9n se est\u00e1 abriendo a nivel internacional. The James Company ahora responde a las solicitudes de toda Europa y tambi\u00e9n est\u00e1 presente en los mercados de Rusia y Oriente Medio.    \t\t\t<\/p>\n            <\/div>\n\t\t\t<\/div>\n    <\/div>\t\t<\/div>\n\t<\/div>\n<\/div><div class=\"edgtf-eh-item    \"  data-item-class=\"edgtf-eh-custom-9429\" data-1024-1280=\"0 15% 0 0%\" data-680-768=\"0 8% 0 3%\">\n\t<div class=\"edgtf-eh-item-inner\">\n\t\t<div class=\"edgtf-eh-item-content edgtf-eh-custom-9429\" style=\"padding: 0 8% 0 8%\">\n\t\t\t<div class=\"edgtf-single-image-holder   \">\n    <div class=\"edgtf-si-inner\" >\n                                    <img src=\"http:\/\/james1840.com\/wp-content\/uploads\/2018\/03\/jales1840_timeline_agencement-533x413.jpg\" alt=\"\" width=\"533\" height=\"413\" \/>                        <\/div>\n<\/div>\t\t<\/div>\n\t<\/div>\n<\/div><\/div>[\/vc_column][\/vc_row][vc_row row_content_width=\u00bbgrid\u00bb css=\u00bb.vc_custom_1521505863740{padding-top: 0px !important;padding-bottom: 50px !important;}\u00bb][vc_column]<div class=\"edgtf-elements-holder   edgtf-two-columns  edgtf-responsive-mode-768 \" ><div class=\"edgtf-eh-item    \"  data-item-class=\"edgtf-eh-custom-7529\" data-680-768=\"30px 8% 30px 3%\">\n\t<div class=\"edgtf-eh-item-inner\">\n\t\t<div class=\"edgtf-eh-item-content edgtf-eh-custom-7529\" style=\"padding: 0 8% 0 8%\">\n\t\t\t<div class=\"edgtf-single-image-holder   \">\n    <div class=\"edgtf-si-inner\" >\n                                    <img src=\"http:\/\/james1840.com\/wp-content\/uploads\/2018\/02\/blog_james_fait_peau_neuve_mockup-533x413.jpg\" alt=\"\" width=\"533\" height=\"413\" \/>                        <\/div>\n<\/div>\t\t<\/div>\n\t<\/div>\n<\/div><div class=\"edgtf-eh-item    \"  data-item-class=\"edgtf-eh-custom-5288\" data-1024-1280=\"0 22% 0 0%\" data-768-1024=\"0 5% 0 8%\" data-680-768=\"0 19% 0 4%\" data-680=\"45px 10% 0 8%\">\n\t<div class=\"edgtf-eh-item-inner\">\n\t\t<div class=\"edgtf-eh-item-content edgtf-eh-custom-5288\" style=\"padding: 0 19% 0 8%\">\n\t\t\t<div class=\"edgtf-section-title-holder  edgtf-st-standard  edgtf-st-position-left edgtf-appear-fx\" style=\"text-align: left\">\n\t\t<div class=\"edgtf-st-inner\">\n                    <div class=\"edgtf-st-title-holder\">\n                <h2 class=\"edgtf-st-title\" style=\"color: #202020\">\n                    2018 - JAMES CAMBIA SU PIEL                <\/h2>\n            <\/div>\n\t\t\t\t            <div class=\"edgtf-st-text-holder\">\n    \t\t\t<p class=\"edgtf-st-text\" style=\"color: #202020\">\n    \t\t\t\tLejos del peque\u00f1o taller artesanal de los comienzos, James es ahora la compa\u00f1\u00eda francesa cuya experiencia y alma son solicitados por los clientes m\u00e1s prestigiosos de todo el mundo. Siempre buscando la excelencia, la compa\u00f1\u00eda contin\u00faa creciendo con una nueva identidad de marca y la creaci\u00f3n de nuevas ofertas.    \t\t\t<\/p>\n            <\/div>\n\t\t\t<\/div>\n    <\/div>\t\t<\/div>\n\t<\/div>\n<\/div><\/div>[\/vc_column][\/vc_row]<\/p>","protected":false},"excerpt":{"rendered":"<p>[vc_row row_content_width=\u00bbgrid\u00bb css=\u00bb.vc_custom_1521505812882{padding-top: 0px !important;padding-bottom: 0px !important;}\u00bb][vc_column][\/vc_column][\/vc_row][vc_row row_content_width=\u00bbgrid\u00bb css=\u00bb.vc_custom_1521505854866{padding-top: 50px !important;padding-bottom: 50px !important;}\u00bb][vc_column][\/vc_column][\/vc_row][vc_row row_content_width=\u00bbgrid\u00bb css=\u00bb.vc_custom_1521505812882{padding-top: 0px !important;padding-bottom: 0px !important;}\u00bb][vc_column][\/vc_column][\/vc_row][vc_row row_content_width=\u00bbgrid\u00bb css=\u00bb.vc_custom_1521505854866{padding-top: 50px !important;padding-bottom: 50px !important;}\u00bb][vc_column][\/vc_column][\/vc_row][vc_row row_content_width=\u00bbgrid\u00bb css=\u00bb.vc_custom_1521505863740{padding-top: 0px !important;padding-bottom: 50px !important;}\u00bb][vc_column][\/vc_column][\/vc_row][vc_row row_content_width=\u00bbgrid\u00bb css=\u00bb.vc_custom_1521505879578{padding-top: 0px !important;padding-bottom: 70px !important;}\u00bb][vc_column][\/vc_column][\/vc_row][vc_row row_content_width=\u00bbgrid\u00bb css=\u00bb.vc_custom_1521505863740{padding-top: 0px [&hellip;]<\/p>\n","protected":false},"author":1,"featured_media":0,"parent":0,"menu_order":0,"comment_status":"closed","ping_status":"closed","template":"full-width.php","meta":{"_mi_skip_tracking":false},"yst_prominent_words":[],"_links":{"self":[{"href":"http:\/\/james1840.com\/es\/wp-json\/wp\/v2\/pages\/1079"}],"collection":[{"href":"http:\/\/james1840.com\/es\/wp-json\/wp\/v2\/pages"}],"about":[{"href":"http:\/\/james1840.com\/es\/wp-json\/wp\/v2\/types\/page"}],"author":[{"embeddable":true,"href":"http:\/\/james1840.com\/es\/wp-json\/wp\/v2\/users\/1"}],"replies":[{"embeddable":true,"href":"http:\/\/james1840.com\/es\/wp-json\/wp\/v2\/comments?post=1079"}],"version-history":[{"count":56,"href":"http:\/\/james1840.com\/es\/wp-json\/wp\/v2\/pages\/1079\/revisions"}],"predecessor-version":[{"id":5259,"href":"http:\/\/james1840.com\/es\/wp-json\/wp\/v2\/pages\/1079\/revisions\/5259"}],"wp:attachment":[{"href":"http:\/\/james1840.com\/es\/wp-json\/wp\/v2\/media?parent=1079"}],"wp:term":[{"taxonomy":"yst_prominent_words","embeddable":true,"href":"http:\/\/james1840.com\/es\/wp-json\/wp\/v2\/yst_prominent_words?post=1079"}],"curies":[{"name":"wp","href":"https:\/\/api.w.org\/{rel}","templated":true}]}}